{"id":1111,"date":"2014-10-21T09:25:49","date_gmt":"2014-10-21T07:25:49","guid":{"rendered":"http:\/\/uhal.sk\/?page_id=1111"},"modified":"2020-03-05T11:58:12","modified_gmt":"2020-03-05T09:58:12","slug":"eshop","status":"publish","type":"page","link":"https:\/\/uhal.sk\/?page_id=1111","title":{"rendered":"E-shop"},"content":{"rendered":"<p style=\"text-align: justify;\"><span style=\"font-size: 10pt; color: #333333;\"><span style=\"font-size: 12pt;\"><span style=\"font-size: 14pt;\"><strong>NAJKVALITNEJ\u0160IE MATERI\u00c1LY NA LASEROV\u00c9 A CNC GRAV\u00cdROVANIE<\/strong><\/span><\/span><\/span><\/p>\n<p><img fetchpriority=\"high\" decoding=\"async\" class=\"aligncenter  wp-image-2662\" src=\"http:\/\/uhal.sk\/staging-uhal-sk\/wp-content\/uploads\/2020\/03\/IMG_20200211_095744-300x225.jpg\" alt=\"\" width=\"560\" height=\"420\" srcset=\"https:\/\/uhal.sk\/wp-content\/uploads\/2020\/03\/IMG_20200211_095744-300x225.jpg 300w, https:\/\/uhal.sk\/wp-content\/uploads\/2020\/03\/IMG_20200211_095744-768x576.jpg 768w, https:\/\/uhal.sk\/wp-content\/uploads\/2020\/03\/IMG_20200211_095744-1024x768.jpg 1024w, https:\/\/uhal.sk\/wp-content\/uploads\/2020\/03\/IMG_20200211_095744-335x251.jpg 335w, https:\/\/uhal.sk\/wp-content\/uploads\/2020\/03\/IMG_20200211_095744-80x60.jpg 80w, https:\/\/uhal.sk\/wp-content\/uploads\/2020\/03\/IMG_20200211_095744-130x98.jpg 130w\" sizes=\"(max-width: 560px) 100vw, 560px\" \/><\/p>\n<p style=\"text-align: justify;\"><span style=\"font-size: 10pt;\">V na\u0161om eshope V\u00e1m pon\u00fakame \u0161irok\u00fa \u0161k\u00e1lu r\u00f4zneho materi\u00e1lu na laser. Od dreva,<\/span><\/p>\n<p style=\"text-align: justify;\"><span style=\"font-size: 10pt;\"> dvojvsrtvov\u00fdch plastov, cez akrylov\u00e9 dosky, a\u017e po plechy. Ka\u017ed\u00fd materi\u00e1l je vysokokvalitn\u00fd <\/span><\/p>\n<p style=\"text-align: justify;\"><span style=\"font-size: 10pt;\">a vhodn\u00fd na grav\u00edrovanie a rezanie. <a href=\"http:\/\/www.uhaleshop.sk\/4-materialy-na-laser\">VIAC &gt;&gt;<\/a><br \/>\n<\/span><\/p>\n<hr \/>\n<p><span style=\"font-size: 10pt; color: #ff9900;\"><strong><span style=\"color: #333333;\"><span style=\"font-size: 14pt;\">V<\/span><span style=\"font-size: 14pt;\">E\u013dK\u00dd V\u00ddBER PE\u010cIATOK A PR\u00cdSLU\u0160ENSTVA<\/span><\/span><a style=\"color: #ff9900;\" href=\"http:\/\/www.uhaleshop.sk\/3-peciatky\"><span style=\"font-size: 14pt;\"><br \/>\n<\/span><\/a><\/strong><\/span><\/p>\n<p><img decoding=\"async\" class=\"aligncenter  wp-image-2678\" src=\"http:\/\/uhal.sk\/staging-uhal-sk\/wp-content\/uploads\/2020\/03\/IMG_20190808_100726-300x225.jpg\" alt=\"\" width=\"560\" height=\"420\" srcset=\"https:\/\/uhal.sk\/wp-content\/uploads\/2020\/03\/IMG_20190808_100726-300x225.jpg 300w, https:\/\/uhal.sk\/wp-content\/uploads\/2020\/03\/IMG_20190808_100726-768x576.jpg 768w, https:\/\/uhal.sk\/wp-content\/uploads\/2020\/03\/IMG_20190808_100726-1024x768.jpg 1024w, https:\/\/uhal.sk\/wp-content\/uploads\/2020\/03\/IMG_20190808_100726-335x251.jpg 335w, https:\/\/uhal.sk\/wp-content\/uploads\/2020\/03\/IMG_20190808_100726-80x60.jpg 80w, https:\/\/uhal.sk\/wp-content\/uploads\/2020\/03\/IMG_20190808_100726-130x98.jpg 130w\" sizes=\"(max-width: 560px) 100vw, 560px\" \/><\/p>\n<p><span style=\"font-size: 10pt;\">Ako v\u00fdrobca pe\u010diatok m\u00e1te u n\u00e1s nielen \u0161peci\u00e1lny v\u00fdber r\u00f4znych druhov pe\u010diatok a pr\u00edslu\u0161enstva. <\/span><\/p>\n<p><span style=\"font-size: 10pt;\">Ale aj \u0161peci\u00e1lne ceny. Sta\u010d\u00ed, \u017ee sa u n\u00e1s registrujete a za\u0161krtnete pol\u00ed\u010dko &#8220;som v\u00fdrobca pe\u010diatok&#8221; <\/span><\/p>\n<p><span style=\"font-size: 10pt;\">a nastav\u00edme V\u00e1m v\u00fdhodn\u00e9 ceny. <a href=\"http:\/\/www.uhaleshop.sk\/3-peciatky\">VIAC &gt;&gt;<\/a><\/span><\/p>\n<hr \/>\n<p><span style=\"color: #333333;\"><strong><span style=\"font-size: 10pt;\"><span style=\"font-size: 14pt;\">SUBLIMA\u010cN\u00c9 PREDMETY A MATERI\u00c1L PRE SUBLIMA\u010cN\u00da POTLA\u010c<\/span><\/span><\/strong><\/span><\/p>\n<p><img decoding=\"async\" class=\"aligncenter  wp-image-2686\" src=\"http:\/\/uhal.sk\/staging-uhal-sk\/wp-content\/uploads\/2020\/03\/IMG_20200221_112336-300x225.jpg\" alt=\"\" width=\"560\" height=\"420\" srcset=\"https:\/\/uhal.sk\/wp-content\/uploads\/2020\/03\/IMG_20200221_112336-300x225.jpg 300w, https:\/\/uhal.sk\/wp-content\/uploads\/2020\/03\/IMG_20200221_112336-768x576.jpg 768w, https:\/\/uhal.sk\/wp-content\/uploads\/2020\/03\/IMG_20200221_112336-1024x768.jpg 1024w, https:\/\/uhal.sk\/wp-content\/uploads\/2020\/03\/IMG_20200221_112336-335x251.jpg 335w, https:\/\/uhal.sk\/wp-content\/uploads\/2020\/03\/IMG_20200221_112336-80x60.jpg 80w, https:\/\/uhal.sk\/wp-content\/uploads\/2020\/03\/IMG_20200221_112336-130x98.jpg 130w\" sizes=\"(max-width: 560px) 100vw, 560px\" \/><\/p>\n<p><span style=\"font-size: 10pt;\">Uhaleshop.sk je zameran\u00fd aj na sumblim\u00e1ciu a sublima\u010dn\u00fd materi\u00e1l. Pon\u00fakame V\u00e1m nielen <\/span><\/p>\n<p><span style=\"font-size: 10pt;\">polotovary vhodn\u00e9 na sublima\u010dn\u00fa potla\u010d, ale aj r\u00f4zne spotrebn\u00e9 materi\u00e1ly, \u010di vysokokvalitn\u00e9 <\/span><\/p>\n<p><span style=\"font-size: 10pt;\">tla\u010diarne vhodn\u00e9 na sublima\u010dn\u00fa potla\u010d. <a href=\"http:\/\/www.uhaleshop.sk\/23-sublimacia-\">VIAC &gt;&gt;<\/a><\/span><\/p>\n<hr \/>\n<p><span style=\"font-size: 10pt;\"><span style=\"color: #333333;\"><strong><span style=\"font-size: 14pt;\">NAJKVALITNEJ\u0160IE NA\u017dEHLOVACIE MATERI\u00c1LY<\/span><\/strong><\/span><a href=\"http:\/\/uhaleshop.sk\/index.php?id_category=23&amp;controller=category\"><br \/>\n<\/a><span style=\"color: #000000;\"><br \/>\n<a style=\"color: #000000;\" href=\"http:\/\/uhaleshop.sk\/index.php?id_category=23&amp;controller=category\"><img loading=\"lazy\" decoding=\"async\" class=\"wp-image-2240 alignnone\" src=\"http:\/\/uhal.sk\/staging-uhal-sk\/wp-content\/uploads\/2019\/05\/Tshirt-printing-e1500451558179-748x330.jpg\" alt=\"\" width=\"560\" height=\"247\" srcset=\"https:\/\/uhal.sk\/wp-content\/uploads\/2019\/05\/Tshirt-printing-e1500451558179-748x330.jpg 748w, https:\/\/uhal.sk\/wp-content\/uploads\/2019\/05\/Tshirt-printing-e1500451558179-748x330-300x132.jpg 300w, https:\/\/uhal.sk\/wp-content\/uploads\/2019\/05\/Tshirt-printing-e1500451558179-748x330-335x148.jpg 335w, https:\/\/uhal.sk\/wp-content\/uploads\/2019\/05\/Tshirt-printing-e1500451558179-748x330-80x35.jpg 80w, https:\/\/uhal.sk\/wp-content\/uploads\/2019\/05\/Tshirt-printing-e1500451558179-748x330-130x57.jpg 130w\" sizes=\"(max-width: 560px) 100vw, 560px\" \/><\/a><\/span><\/span><\/p>\n<p><span style=\"font-size: 10pt;\">\u0160irok\u00e1 ponuka Flex a Flock f\u00f3lii. S\u00fa vhodn\u00e9 na na\u017eeh\u013eovanie r\u00f4znych povrchov, ako je bavlna, <\/span><\/p>\n<p><span style=\"font-size: 10pt;\">polyester a ich zmesy. Taktie\u017e V\u00e1m pon\u00fakame r\u00f4zne kvalitn\u00e9 transferov\u00e9 papiere, <\/span><\/p>\n<p><span style=\"font-size: 10pt;\">ktor\u00e9 s\u00fa vhodn\u00e9 do tla\u010diarn\u00ed a na n\u00e1sledn\u00e9 na\u017eehlenie nielen na textil. <a href=\"http:\/\/www.uhaleshop.sk\/152-nazehlovacie-materialy\">VIAC &gt;&gt;<\/a><\/span><\/p>\n","protected":false},"excerpt":{"rendered":"<p>NAJKVALITNEJ\u0160IE MATERI\u00c1LY NA LASEROV\u00c9 A CNC GRAV\u00cdROVANIE V na\u0161om eshope V\u00e1m pon\u00fakame \u0161irok\u00fa \u0161k\u00e1lu r\u00f4zneho materi\u00e1lu na laser. Od dreva, dvojvsrtvov\u00fdch plastov, cez akrylov\u00e9 dosky, a\u017e po plechy. Ka\u017ed\u00fd materi\u00e1l je vysokokvalitn\u00fd a vhodn\u00fd na grav\u00edrovanie a rezanie. VIAC &gt;&gt; VE\u013dK\u00dd V\u00ddBER PE\u010cIATOK A PR\u00cdSLU\u0160ENSTVA Ako v\u00fdrobca pe\u010diatok m\u00e1te u n\u00e1s nielen \u0161peci\u00e1lny v\u00fdber r\u00f4znych druhov pe\u010diatok a pr\u00edslu\u0161enstva. Ale aj \u0161peci\u00e1lne ceny. Sta\u010d\u00ed, \u017ee sa u n\u00e1s registrujete a za\u0161krtnete pol\u00ed\u010dko &#8220;som v\u00fdrobca pe\u010diatok&#8221; a nastav\u00edme V\u00e1m v\u00fdhodn\u00e9 ceny. VIAC &gt;&gt; SUBLIMA\u010cN\u00c9 PREDMETY A MATERI\u00c1L PRE SUBLIMA\u010cN\u00da POTLA\u010c Uhaleshop.sk&nbsp;<a href=\"https:\/\/uhal.sk\/?page_id=1111\" class=\"read-more\">Continue Reading<\/a><\/p>\n","protected":false},"author":2,"featured_media":0,"parent":0,"menu_order":0,"comment_status":"open","ping_status":"open","template":"page-fullwidth.php","meta":{"advgb_blocks_editor_width":"","advgb_blocks_columns_visual_guide":"","footnotes":""},"class_list":["post-1111","page","type-page","status-publish","hentry"],"aioseo_notices":[],"coauthors":[],"author_meta":{"author_link":"https:\/\/uhal.sk\/?author=2","display_name":"Franti\u0161ek Uhal"},"relative_dates":{"created":"Posted 12 rokov ago","modified":"Updated 6 rokov ago"},"absolute_dates":{"created":"Posted on 21. okt\u00f3bra 2014","modified":"Updated on 5. marca 2020"},"absolute_dates_time":{"created":"Posted on 21. okt\u00f3bra 2014 9:25","modified":"Updated on 5. marca 2020 11:58"},"featured_img_caption":"","featured_img":false,"series_order":"","_links":{"self":[{"href":"https:\/\/uhal.sk\/index.php?rest_route=\/wp\/v2\/pages\/1111","targetHints":{"allow":["GET"]}}],"collection":[{"href":"https:\/\/uhal.sk\/index.php?rest_route=\/wp\/v2\/pages"}],"about":[{"href":"https:\/\/uhal.sk\/index.php?rest_route=\/wp\/v2\/types\/page"}],"author":[{"embeddable":true,"href":"https:\/\/uhal.sk\/index.php?rest_route=\/wp\/v2\/users\/2"}],"replies":[{"embeddable":true,"href":"https:\/\/uhal.sk\/index.php?rest_route=%2Fwp%2Fv2%2Fcomments&post=1111"}],"version-history":[{"count":93,"href":"https:\/\/uhal.sk\/index.php?rest_route=\/wp\/v2\/pages\/1111\/revisions"}],"predecessor-version":[{"id":2693,"href":"https:\/\/uhal.sk\/index.php?rest_route=\/wp\/v2\/pages\/1111\/revisions\/2693"}],"wp:attachment":[{"href":"https:\/\/uhal.sk\/index.php?rest_route=%2Fwp%2Fv2%2Fmedia&parent=1111"}],"curies":[{"name":"wp","href":"https:\/\/api.w.org\/{rel}","templated":true}]}}