{"id":125,"date":"2014-09-06T13:15:57","date_gmt":"2014-09-06T11:15:57","guid":{"rendered":"http:\/\/uhal.cz\/?page_id=125"},"modified":"2014-10-22T21:41:22","modified_gmt":"2014-10-22T19:41:22","slug":"sluzby","status":"publish","type":"page","link":"https:\/\/uhal.sk\/?page_id=125","title":{"rendered":"Porad\u00edme v\u00e1m"},"content":{"rendered":"<p><a href=\"http:\/\/uhal.sk\/staging-uhal-sk\/sluzby\/poradenstvi\/\">Ako za\u010da\u0165 podnika\u0165 v laserovom grav\u00edrovan\u00ed ?<\/a><\/p>\n<p><a href=\"http:\/\/uhal.sk\/staging-uhal-sk\/sluzby\/poradenstvi\/\">Ako za\u010da\u0165 podnika\u0165 v signmakingu ?<\/a><\/p>\n<p><a href=\"http:\/\/uhal.sk\/staging-uhal-sk\/sluzby\/poradenstvi\/\">Ako za\u010da\u0165 podnika\u0165 v sublim\u00e1cii ?<\/a><\/p>\n<p><a href=\"http:\/\/uhal.sk\/staging-uhal-sk\/sluzby\/poradenstvi\/\">Ako za\u010da\u0165 podnika\u0165 v potla\u010di reklamn\u00fdch predmetov a textilu ?<\/a><\/p>\n<p><a href=\"\u0160kolen\u00ed%20 Workshopy\">\u0160kolenia<\/a><\/p>\n<p><a href=\"\u0160kolen\u00ed%20 Workshopy\">Workshopy<\/a><\/p>\n<p>&nbsp;<\/p>\n","protected":false},"excerpt":{"rendered":"<p>Ako za\u010da\u0165 podnika\u0165 v laserovom grav\u00edrovan\u00ed ? Ako za\u010da\u0165 podnika\u0165 v signmakingu ? Ako za\u010da\u0165 podnika\u0165 v sublim\u00e1cii ? Ako za\u010da\u0165 podnika\u0165 v potla\u010di reklamn\u00fdch predmetov a textilu ? \u0160kolenia Workshopy &nbsp;<\/p>\n","protected":false},"author":2,"featured_media":0,"parent":0,"menu_order":0,"comment_status":"open","ping_status":"open","template":"page-fullwidth.php","meta":{"advgb_blocks_editor_width":"","advgb_blocks_columns_visual_guide":"","footnotes":""},"class_list":["post-125","page","type-page","status-publish","hentry"],"aioseo_notices":[],"coauthors":[],"author_meta":{"author_link":"https:\/\/uhal.sk\/?author=2","display_name":"Franti\u0161ek Uhal"},"relative_dates":{"created":"Posted 12 rokov ago","modified":"Updated 12 rokov ago"},"absolute_dates":{"created":"Posted on 6. septembra 2014","modified":"Updated on 22. okt\u00f3bra 2014"},"absolute_dates_time":{"created":"Posted on 6. septembra 2014 13:15","modified":"Updated on 22. okt\u00f3bra 2014 21:41"},"featured_img_caption":"","featured_img":false,"series_order":"","_links":{"self":[{"href":"https:\/\/uhal.sk\/index.php?rest_route=\/wp\/v2\/pages\/125","targetHints":{"allow":["GET"]}}],"collection":[{"href":"https:\/\/uhal.sk\/index.php?rest_route=\/wp\/v2\/pages"}],"about":[{"href":"https:\/\/uhal.sk\/index.php?rest_route=\/wp\/v2\/types\/page"}],"author":[{"embeddable":true,"href":"https:\/\/uhal.sk\/index.php?rest_route=\/wp\/v2\/users\/2"}],"replies":[{"embeddable":true,"href":"https:\/\/uhal.sk\/index.php?rest_route=%2Fwp%2Fv2%2Fcomments&post=125"}],"version-history":[{"count":5,"href":"https:\/\/uhal.sk\/index.php?rest_route=\/wp\/v2\/pages\/125\/revisions"}],"predecessor-version":[{"id":1162,"href":"https:\/\/uhal.sk\/index.php?rest_route=\/wp\/v2\/pages\/125\/revisions\/1162"}],"wp:attachment":[{"href":"https:\/\/uhal.sk\/index.php?rest_route=%2Fwp%2Fv2%2Fmedia&parent=125"}],"curies":[{"name":"wp","href":"https:\/\/api.w.org\/{rel}","templated":true}]}}