{"id":131,"date":"2014-09-06T13:22:57","date_gmt":"2014-09-06T11:22:57","guid":{"rendered":"http:\/\/uhal.cz\/?page_id=131"},"modified":"2015-04-18T20:05:14","modified_gmt":"2015-04-18T18:05:14","slug":"rezaci-plotry","status":"publish","type":"page","link":"https:\/\/uhal.sk\/?page_id=131","title":{"rendered":"Rezacie plotre"},"content":{"rendered":"<p>Na\u0161a firma je distrib\u00fatorom rezac\u00edch plotrov Graphtec. S\u00fa to ve\u013emi spo\u013eahliv\u00e9 plotre japonskej v\u00fdroby. Minimum por\u00fach a servisov. Ke\u010f h\u013ead\u00e1te spo\u013eahliv\u00fd v\u00fdrobok za slu\u0161n\u00fa cenu Graphtec je spr\u00e1vna vo\u013eba.<\/p>\n<p><img decoding=\"async\" id=\"__wp-temp-img-id\" class=\"\" src=\"http:\/\/uhal.cz\/wp-content\/uploads\/2014\/09\/Graphtec-Logo.jpg\" alt=\"\" width=\"250\" height=\"32\" \/><\/p>\n<hr \/>\n<p><strong>Silhouette Cameo <\/strong>&#8211; s\u00fa to plotre ur\u010den\u00e9 pre hobby z\u00e1kaznikov. Za ve\u013emi pr\u00edjemn\u00fa cenu z\u00edskate ploter ve\u013ekosti A3 zo senzorom na na\u010d\u00edtavanie orezov\u00fdch zna\u010diek a samolepiacou podlo\u017ekou na rezanie nelepiv\u00fdch m\u00e9dii &#8211; papiera a pod.. Je ide\u00e1lny na vyrez\u00e1vanie mot\u00edvov vytla\u010den\u00fdch na atramentovej alebo laserovej tla\u010diarni. Bli\u017e\u0161ie info n\u00e1jdete na \u0161peci\u00e1lnej web str\u00e1nke <a href=\"http:\/\/www.silhouetteamerica.com\">http:\/\/www.silhouetteamerica.com<\/a><\/p>\n<p><img fetchpriority=\"high\" decoding=\"async\" id=\"__wp-temp-img-id\" src=\"http:\/\/uhal.cz\/wp-content\/uploads\/2014\/09\/product-lg-CAMEO-1.jpg\" alt=\"\" width=\"263\" height=\"215\" \/><\/p>\n<p><strong>CE6000 <\/strong>&#8211; s\u00fa to kvalitn\u00e9 spo\u013eahliv\u00e9 plotre ur\u010den\u00e9 pre signmaking, na rezanie hlavne f\u00f3lli na r\u00f4zne reklamn\u00e9 polepy. Je to najpred\u00e1vanej\u0161ia trieda plotrov pre dennodenn\u00e9 pou\u017eitie. \u0160tandartne s\u00fa vyr\u00e1ban\u00e9 s OPOS senzorom na na\u010d\u00edtavanie orezov\u00fdch zna\u010diek.<br \/>\n<img decoding=\"async\" id=\"__wp-temp-img-id\" class=\"\" src=\"http:\/\/uhal.cz\/wp-content\/uploads\/2014\/10\/ce6000_l.jpg\" alt=\"\" width=\"595\" height=\"294\" \/><\/p>\n<p>&nbsp;<\/p>\n<p><strong>FC8600 <\/strong>&#8211; s\u00fa to profesion\u00e1lne kvalitn\u00e9 spo\u013eahliv\u00e9 plotre ur\u010den\u00e9 pre signmaking pre najn\u00e1ro\u010dnej\u0161ie aplik\u00e1cie, na rezanie r\u00f4znych m\u00e9dii &#8211; od tenk\u00fdch okenn\u00fdch f\u00f3lii a\u017e po hrub\u00e9 reflexn\u00e9 folie pre dopravn\u00e9 zna\u010denie. Vysok\u00e1 r\u00fdchlos\u0165, spo\u013eahlivos\u0165 a kvalita rezania, to s\u00fa vlastnosti, k\u00f4li ktor\u00fdm s\u00fa tieto plotre ob\u013e\u00faben\u00e9 u profesion\u00e1lov v signmakingu.<br \/>\n<img decoding=\"async\" id=\"__wp-temp-img-id\" src=\"http:\/\/uhal.cz\/wp-content\/uploads\/2014\/10\/FC8600.jpg\" alt=\"\" \/><\/p>\n<p>&nbsp;<\/p>\n<p><strong>FC4500 <\/strong>&#8211; s\u00fa to profesion\u00e1lne kvalitn\u00e9 doskov\u00e9 plotre ur\u010den\u00e9 pre vyrez\u00e1vanie\u00ed hlavne\u00a0 kart\u00f3nov a lepenky na v\u00fdrobu obalov a krabi\u010diek.<br \/>\n<img loading=\"lazy\" decoding=\"async\" id=\"__wp-temp-img-id\" class=\"\" src=\"http:\/\/uhal.cz\/wp-content\/uploads\/2014\/10\/fc4500_l.jpg\" alt=\"\" width=\"610\" height=\"253\" \/><br \/>\n<strong><br \/>\nFC2250 <\/strong>-s\u00fa to profesion\u00e1lne kvalitn\u00e9 \u0161pi\u010dkov\u00e9 doskov\u00e9 plotre ur\u010den\u00e9 pre vy\u0159ez\u00e1vanie hlavne\u00a0 kart\u00f3nov a lepenky na v\u00fdrobu obalov a krabi\u010diek ale aj samolepiacich f\u00f3lii.<br \/>\n<img loading=\"lazy\" decoding=\"async\" id=\"__wp-temp-img-id\" class=\"\" src=\"http:\/\/uhal.cz\/wp-content\/uploads\/2014\/10\/fc2250_l.jpg\" alt=\"\" width=\"610\" height=\"253\" \/><\/p>\n<p>&nbsp;<\/p>\n<p>&nbsp;<\/p>\n<p>&nbsp;<\/p>\n","protected":false},"excerpt":{"rendered":"<p>Na\u0161a firma je distrib\u00fatorom rezac\u00edch plotrov Graphtec. S\u00fa to ve\u013emi spo\u013eahliv\u00e9 plotre japonskej v\u00fdroby. Minimum por\u00fach a servisov. Ke\u010f h\u013ead\u00e1te spo\u013eahliv\u00fd v\u00fdrobok za slu\u0161n\u00fa cenu Graphtec je spr\u00e1vna vo\u013eba. Silhouette Cameo &#8211; s\u00fa to plotre ur\u010den\u00e9 pre hobby z\u00e1kaznikov. Za ve\u013emi pr\u00edjemn\u00fa cenu z\u00edskate ploter ve\u013ekosti A3 zo senzorom na na\u010d\u00edtavanie orezov\u00fdch zna\u010diek a samolepiacou podlo\u017ekou na rezanie nelepiv\u00fdch m\u00e9dii &#8211; papiera a pod.. Je ide\u00e1lny na vyrez\u00e1vanie mot\u00edvov vytla\u010den\u00fdch na atramentovej alebo laserovej tla\u010diarni. Bli\u017e\u0161ie info n\u00e1jdete na \u0161peci\u00e1lnej web str\u00e1nke http:\/\/www.silhouetteamerica.com CE6000 &#8211; s\u00fa to kvalitn\u00e9 spo\u013eahliv\u00e9 plotre&nbsp;<a href=\"https:\/\/uhal.sk\/?page_id=131\" class=\"read-more\">Continue Reading<\/a><\/p>\n","protected":false},"author":2,"featured_media":0,"parent":122,"menu_order":0,"comment_status":"open","ping_status":"open","template":"page-fullwidth.php","meta":{"advgb_blocks_editor_width":"","advgb_blocks_columns_visual_guide":"","footnotes":""},"class_list":["post-131","page","type-page","status-publish","hentry"],"aioseo_notices":[],"coauthors":[],"author_meta":{"author_link":"https:\/\/uhal.sk\/?author=2","display_name":"Franti\u0161ek Uhal"},"relative_dates":{"created":"Posted 12 rokov ago","modified":"Updated 11 rokov ago"},"absolute_dates":{"created":"Posted on 6. septembra 2014","modified":"Updated on 18. apr\u00edla 2015"},"absolute_dates_time":{"created":"Posted on 6. septembra 2014 13:22","modified":"Updated on 18. apr\u00edla 2015 20:05"},"featured_img_caption":"","featured_img":false,"series_order":"","_links":{"self":[{"href":"https:\/\/uhal.sk\/index.php?rest_route=\/wp\/v2\/pages\/131","targetHints":{"allow":["GET"]}}],"collection":[{"href":"https:\/\/uhal.sk\/index.php?rest_route=\/wp\/v2\/pages"}],"about":[{"href":"https:\/\/uhal.sk\/index.php?rest_route=\/wp\/v2\/types\/page"}],"author":[{"embeddable":true,"href":"https:\/\/uhal.sk\/index.php?rest_route=\/wp\/v2\/users\/2"}],"replies":[{"embeddable":true,"href":"https:\/\/uhal.sk\/index.php?rest_route=%2Fwp%2Fv2%2Fcomments&post=131"}],"version-history":[{"count":14,"href":"https:\/\/uhal.sk\/index.php?rest_route=\/wp\/v2\/pages\/131\/revisions"}],"predecessor-version":[{"id":1357,"href":"https:\/\/uhal.sk\/index.php?rest_route=\/wp\/v2\/pages\/131\/revisions\/1357"}],"up":[{"embeddable":true,"href":"https:\/\/uhal.sk\/index.php?rest_route=\/wp\/v2\/pages\/122"}],"wp:attachment":[{"href":"https:\/\/uhal.sk\/index.php?rest_route=%2Fwp%2Fv2%2Fmedia&parent=131"}],"curies":[{"name":"wp","href":"https:\/\/api.w.org\/{rel}","templated":true}]}}