{"id":134,"date":"2014-09-06T13:24:32","date_gmt":"2014-09-06T11:24:32","guid":{"rendered":"http:\/\/uhal.cz\/?page_id=134"},"modified":"2017-08-04T20:00:38","modified_gmt":"2017-08-04T18:00:38","slug":"cnc-gravirky-a-frezy-vision","status":"publish","type":"page","link":"https:\/\/uhal.sk\/?page_id=134","title":{"rendered":"CNC grav\u00edrky Vision"},"content":{"rendered":"<p><span style=\"font-size: 12pt;\"><img decoding=\"async\" id=\"__wp-temp-img-id\" class=\"\" src=\"http:\/\/uhal.cz\/wp-content\/uploads\/2014\/09\/Vision_Engraving_Routing_LogoB.gif\" alt=\"\" width=\"195\" height=\"70\" \/><\/span><\/p>\n<p><span style=\"font-size: 10pt;\">Vision engravers je americk\u00e1 firma, ktor\u00e1 vyr\u00e1ba CNC grav\u00edrky u\u017e 30 rokov. Tieto stroje s\u00fa mimoriadne spo\u013eahliv\u00e9. Od roku 2009, od kedy\u00a0 ich pred\u00e1vame,\u00a0 sme mali len dva servisn\u00e9 z\u00e1sahy.<\/span><\/p>\n<p><iframe src=\"\/\/www.youtube.com\/embed\/oRb7OPzicfI\" width=\"425\" height=\"350\"><\/iframe><\/p>\n<p><span style=\"font-size: 14pt;\"><span style=\"color: #333399;\"><span style=\"color: #000080;\">\u010co v\u0161etko je mo\u017en\u00e9 grav\u00edrova\u0165 na CNC grav\u00edrkach ?<br \/>\n<\/span><\/span><\/span><\/p>\n<hr \/>\n<p><span style=\"color: #333399;\"><span style=\"font-size: 10pt;\"><a href=\"http:\/\/www.visionengravers.com\/applications\/ada-braille.php\">ADA tabu\u013eky so slepeck\u00fdm p\u00edsmom,\u00a0\u00a0<\/a>\u00a0 \u00a0 \u00a0<a href=\"http:\/\/www.visionengravers.com\/applications\/tags-badges.php\">\u0160t\u00edtky a tabu\u013eky<\/a>\u00a0 \u00a0 \u00a0 \u00a0<span style=\"color: #333399;\"> <a href=\"http:\/\/www.visionengravers.com\/applications\/control-panels.php\">Ovl\u00e1dacie panely<\/a>\u00a0<\/span>\u00a0 \u00a0 <a href=\"http:\/\/www.visionengravers.com\/applications\/automotive-custom.php\"> Automobilov\u00e9 s\u00fa\u010diastky\u00a0\u00a0<\/a>\u00a0 <a href=\"http:\/\/www.visionengravers.com\/applications\/electrical-engraving.php\">Elektrotechnika<\/a>\u00a0 \u00a0<a href=\"http:\/\/www.visionengravers.com\/applications\/gift-jewelry.php\">\u0160perky a dar\u010dekov\u00e9 predmety<\/a>\u00a0 \u00a0 \u00a0 \u00a0\u00a0<a href=\"http:\/\/www.visionengravers.com\/applications\/glass-engraving.php\">Grav\u00edrovanie skla<\/a><\/span><span style=\"font-size: 10pt;\">\u00a0 \u00a0 \u00a0 \u00a0\u00a0<a href=\"http:\/\/www.visionengravers.com\/applications\/metal-engraving-routing.php\">Grav\u00edrovanie kovov<\/a>\u00a0 \u00a0 \u00a0 \u00a0<a href=\"http:\/\/www.visionengravers.com\/applications\/partsmarking.php\">\u00a0Grav\u00edrovanie s\u00fa\u010diastok<\/a>\u00a0 \u00a0\u00a0 <a href=\"http:\/\/www.visionengravers.com\/applications\/plastic-engraving-routing.php\">Grav\u00edrovanie plastov<\/a>\u00a0 \u00a0 \u00a0 \u00a0\u00a0<a href=\"http:\/\/www.visionengravers.com\/applications\/sign-making.php\">SignMaking<\/a><\/span><span style=\"font-size: 10pt;\">\u00a0 \u00a0 \u00a0 \u00a0\u00a0<a href=\"http:\/\/www.visionengravers.com\/applications\/trophy-plaques.php\">Trofeje a plakety<\/a>\u00a0 \u00a0 \u00a0 \u00a0 <a href=\"http:\/\/www.visionengravers.com\/applications\/wood-engraving-routing.php\">\u00a0Grav\u00edrovanie dreva<\/a>\u00a0 \u00a0 a mnoho \u010fal\u0161\u00edch&#8230;.<br \/>\n<\/span><\/span><br \/>\n<span style=\"font-size: 10pt;\"><img fetchpriority=\"high\" decoding=\"async\" id=\"__wp-temp-img-id\" class=\"\" src=\"http:\/\/uhal.cz\/wp-content\/uploads\/2014\/09\/kolaz-vison.jpg\" alt=\"\" width=\"973\" height=\"97\" \/><\/span><\/p>\n<p><span style=\"font-size: 10pt;\">Pozrite sa na zauj\u00edmav\u00e9 v\u00eddea ak0 pracuj\u00fa grav\u00edrky Vision<\/span><\/p>\n<p><a href=\"http:\/\/www.visionengravers.com\/videos\/engraving-routing-application-videos.php\"><img decoding=\"async\" id=\"__wp-temp-img-id\" src=\"http:\/\/uhal.cz\/wp-content\/uploads\/2014\/09\/video-galerie1.jpg\" alt=\"\" \/><\/a><\/p>\n<p><span style=\"font-size: 14pt;\"><span style=\"color: #333399;\"><span style=\"color: #000080;\">Modely<br \/>\n<\/span><\/span><\/span><\/p>\n<hr \/>\n<table class=\" alignleft\" style=\"width: 280px; height: 350px;\">\n<tbody>\n<tr>\n<td><img decoding=\"async\" id=\"__wp-temp-img-id\" class=\"aligncenter\" src=\"http:\/\/uhal.cz\/wp-content\/uploads\/2014\/09\/01Express.jpg\" alt=\"\" width=\"246\" height=\"123\" \/><span style=\"font-size: 12pt;\"><br \/>\nVision Express<br \/>\n<\/span><span style=\"font-size: 10pt;\">je to najmen\u0161ia grav\u00edrka ve\u013ekosti pracovnej plochy 152 x 203 mm. Ve\u013emi vhodn\u00e1 na grav\u00edrovanie reklamn\u00fdch predmetov, \u0161t\u00e1tkov, mal\u00fdch tabuliek ale\u00a0 aj priemyseln\u00e9ho zna\u010denia, \u0161perkov <\/span><br \/>\n<span style=\"font-size: 10pt;\"><a href=\"http:\/\/www.visionengravers.com\/products\/engraving-machines\/small-engravers\/Express-engraving-machine.php\">viac inform\u00e1ci\u00ed&#8230;.<\/a><br \/>\n<\/span><\/td>\n<\/tr>\n<\/tbody>\n<\/table>\n<table class=\" alignleft\" style=\"width: 280px; height: 350px;\">\n<tbody>\n<tr>\n<td><span style=\"font-size: 12pt;\"><span style=\"font-size: 12pt;\"><span style=\"font-size: 10pt;\"><img loading=\"lazy\" decoding=\"async\" id=\"__wp-temp-img-id\" class=\"aligncenter\" src=\"http:\/\/uhal.cz\/wp-content\/uploads\/2014\/09\/02-ve810.jpg\" alt=\"\" width=\"246\" height=\"123\" \/><\/span><\/span><\/span><span style=\"font-size: 12pt;\"><span style=\"font-size: 10pt;\"><span style=\"font-size: 12pt;\"><br \/>\nVision VE 810<\/span><br \/>\nMal\u00e1 a pritom v\u0161estrann\u00e1 grav\u00edrka ve\u013ekosti pracovnej plochy 203 x 254 mm. Ve\u013emi ob\u013e\u00faben\u00e1 pre grav\u00edrovanie dar\u010dekov\u00fdch peedmetov, \u0161perkov ale aj men\u0161\u00edch tabuliek a trofej\u00ed<\/span><br \/>\n<span style=\"font-size: 10pt;\"><a href=\"http:\/\/www.visionengravers.com\/products\/engraving-machines\/small-engravers\/VE-810-engraving-machine.php\">viac inform\u00e1c\u00ed\u00ed&#8230;.<\/a><br \/>\n<\/span><\/span><\/td>\n<\/tr>\n<\/tbody>\n<\/table>\n<table class=\" alignleft\" style=\"width: 280px; height: 350px;\">\n<tbody>\n<tr>\n<td><span style=\"font-size: 12pt;\"><span style=\"font-size: 12pt;\"><img loading=\"lazy\" decoding=\"async\" id=\"__wp-temp-img-id\" class=\"aligncenter\" src=\"http:\/\/uhal.cz\/wp-content\/uploads\/2014\/09\/03-Phoenix1212.jpg\" alt=\"\" width=\"243\" height=\"127\" \/><\/span><\/span><span style=\"font-size: 12pt;\"><br \/>\nVision Phoenix 1212<\/span><br \/>\n<span style=\"font-size: 10pt;\">grav\u00edrka ve\u013ekosti pracovnej plochy\u00a0 305 x 305 mm, je ide\u00e1lna na \u0161t\u00edtky, tabu\u013eky, trofeje a popis dar\u010dekov\u00fdch predmetov, \u0161t\u00edtkov, orienta\u010dn\u00fdch tabuliek ale aj priemyslov\u00fdch \u0161t\u00edtkov<br \/>\n<\/span><a href=\"http:\/\/www.visionengravers.com\/products\/engraving-machines\/medium-engravers\/Phoenix-1212-engraving-machine.php\">viac inform\u00e1ci\u00ed&#8230;<\/a><\/td>\n<\/tr>\n<\/tbody>\n<\/table>\n<p>&nbsp;<\/p>\n<table class=\" alignleft\" style=\"width: 280px; height: 350px;\">\n<tbody>\n<tr>\n<td><img loading=\"lazy\" decoding=\"async\" id=\"__wp-temp-img-id\" class=\"aligncenter\" src=\"http:\/\/uhal.cz\/wp-content\/uploads\/2014\/09\/04-1612-engraver.jpg\" alt=\"\" width=\"246\" height=\"123\" \/><span style=\"font-size: 12pt;\"><br \/>\nVision 1612 a 1624<br \/>\n<\/span><span style=\"font-size: 10pt;\"><span style=\"font-size: 10pt;\"><span style=\"font-size: 10pt;\">grav\u00edrky stredn\u00e9ho form\u00e1tu 305 x 406 mm alebo 406 x 610 mm pre v\u011b\u010d\u0161ie tabu\u013eky, signmaking, priemyslov\u00e9 \u0161t\u00edtky, plastov\u00fdch aj kovov\u00fdch firemn\u00fdch tabuliek ale aj na plakety a trofeje<br \/>\n<\/span><\/span><\/span><a href=\"http:\/\/www.visionengravers.com\/products\/engraving-machines\/medium-engravers\/1612-engraving-machine.php\">v\u00edac inform\u00e1ci\u00ed&#8230;.<\/a><\/td>\n<\/tr>\n<\/tbody>\n<\/table>\n<table class=\" alignleft\" style=\"width: 280px; height: 350px;\">\n<tbody>\n<tr>\n<td><img loading=\"lazy\" decoding=\"async\" id=\"__wp-temp-img-id\" class=\"aligncenter\" src=\"http:\/\/uhal.cz\/wp-content\/uploads\/2014\/09\/06-vision_Max-Pro.jpg\" alt=\"\" width=\"248\" height=\"124\" \/><span style=\"font-size: 12pt;\"><span style=\"font-size: 10pt;\"><span style=\"font-size: 12pt;\"><br \/>\nVision MAX Pro<\/span><br \/>\nUniverz\u00e1lna grav\u00edrka 3 v jednom m\u00e1 vymenite\u013en\u00fd T- st\u00f4l ve\u013ekosti prac. plochy<br \/>\n203 x 254 mm, rota\u010dn\u00fd n\u00e1stavec s vodnou cirkul\u00e1ciou na grav\u00edrovanie skla a univerz\u00e1lny zver\u00e1kov\u00fd up\u00edna\u010d. <\/span><br \/>\n<span style=\"font-size: 10pt;\"><a href=\"http:\/\/www.visionengravers.com\/products\/engraving-machines\/specialty-engravers\/MAX-Pro-glass-engraving-machine.php\">viac inform\u00e1ci\u00ed&#8230;.<\/a><br \/>\n<\/span><\/span><\/td>\n<\/tr>\n<\/tbody>\n<\/table>\n<table class=\" alignleft\" style=\"width: 280px; height: 350px;\">\n<tbody>\n<tr>\n<td><img loading=\"lazy\" decoding=\"async\" id=\"__wp-temp-img-id\" class=\"aligncenter\" src=\"http:\/\/uhal.cz\/wp-content\/uploads\/2014\/09\/07-vision2550.jpg\" alt=\"\" width=\"246\" height=\"123\" \/><span style=\"font-size: 12pt;\"><br \/>\nVision 1624, 2525 a 2550 Router<\/span><br \/>\n<span style=\"font-size: 10pt;\">grav\u00edrka &#8211; fr\u00e9za ve\u013ekosti pracovnej plochy\u00a0 406 x 610 mm,, 635 x 635 nebo 635 x 1325 mm. Je ide\u00e1lna na \u0161t\u00edtky, tabu\u013eky, signmaking<\/span><span style=\"font-size: 10pt;\"><span style=\"font-size: 10pt;\">, plastick\u00e9 p\u00edsmen\u00e1, aj 3D fr\u00e9zovanie- skr\u00e1tka univerz\u00e1lna fr\u00e9za<br \/>\n<a href=\"http:\/\/www.visionengravers.com\/products\/cnc-routers\/1624R-cnc-router-engraver-machine.php\">viac inform\u00e1ci\u00ed&#8230;<\/a><br \/>\n<\/span><\/span><\/td>\n<\/tr>\n<\/tbody>\n<\/table>\n<p>&nbsp;<\/p>\n","protected":false},"excerpt":{"rendered":"<p>Vision engravers je americk\u00e1 firma, ktor\u00e1 vyr\u00e1ba CNC grav\u00edrky u\u017e 30 rokov. Tieto stroje s\u00fa mimoriadne spo\u013eahliv\u00e9. Od roku 2009, od kedy\u00a0 ich pred\u00e1vame,\u00a0 sme mali len dva servisn\u00e9 z\u00e1sahy. \u010co v\u0161etko je mo\u017en\u00e9 grav\u00edrova\u0165 na CNC grav\u00edrkach ? ADA tabu\u013eky so slepeck\u00fdm p\u00edsmom,\u00a0\u00a0\u00a0 \u00a0 \u00a0\u0160t\u00edtky a tabu\u013eky\u00a0 \u00a0 \u00a0 \u00a0 Ovl\u00e1dacie panely\u00a0\u00a0 \u00a0 Automobilov\u00e9 s\u00fa\u010diastky\u00a0\u00a0\u00a0 Elektrotechnika\u00a0 \u00a0\u0160perky a dar\u010dekov\u00e9 predmety\u00a0 \u00a0 \u00a0 \u00a0\u00a0Grav\u00edrovanie skla\u00a0 \u00a0 \u00a0 \u00a0\u00a0Grav\u00edrovanie kovov\u00a0 \u00a0 \u00a0 \u00a0\u00a0Grav\u00edrovanie s\u00fa\u010diastok\u00a0 \u00a0\u00a0 Grav\u00edrovanie plastov\u00a0 \u00a0 \u00a0 \u00a0\u00a0SignMaking\u00a0 \u00a0 \u00a0 \u00a0\u00a0Trofeje a plakety\u00a0 \u00a0 \u00a0 \u00a0 \u00a0Grav\u00edrovanie dreva\u00a0 \u00a0&nbsp;<a href=\"https:\/\/uhal.sk\/?page_id=134\" class=\"read-more\">Continue Reading<\/a><\/p>\n","protected":false},"author":2,"featured_media":0,"parent":204,"menu_order":0,"comment_status":"open","ping_status":"open","template":"page-fullwidth.php","meta":{"advgb_blocks_editor_width":"","advgb_blocks_columns_visual_guide":"","footnotes":""},"class_list":["post-134","page","type-page","status-publish","hentry"],"aioseo_notices":[],"coauthors":[],"author_meta":{"author_link":"https:\/\/uhal.sk\/?author=2","display_name":"Franti\u0161ek Uhal"},"relative_dates":{"created":"Posted 12 rokov ago","modified":"Updated 9 rokov ago"},"absolute_dates":{"created":"Posted on 6. septembra 2014","modified":"Updated on 4. augusta 2017"},"absolute_dates_time":{"created":"Posted on 6. septembra 2014 13:24","modified":"Updated on 4. augusta 2017 20:00"},"featured_img_caption":"","featured_img":false,"series_order":"","_links":{"self":[{"href":"https:\/\/uhal.sk\/index.php?rest_route=\/wp\/v2\/pages\/134","targetHints":{"allow":["GET"]}}],"collection":[{"href":"https:\/\/uhal.sk\/index.php?rest_route=\/wp\/v2\/pages"}],"about":[{"href":"https:\/\/uhal.sk\/index.php?rest_route=\/wp\/v2\/types\/page"}],"author":[{"embeddable":true,"href":"https:\/\/uhal.sk\/index.php?rest_route=\/wp\/v2\/users\/2"}],"replies":[{"embeddable":true,"href":"https:\/\/uhal.sk\/index.php?rest_route=%2Fwp%2Fv2%2Fcomments&post=134"}],"version-history":[{"count":65,"href":"https:\/\/uhal.sk\/index.php?rest_route=\/wp\/v2\/pages\/134\/revisions"}],"predecessor-version":[{"id":1851,"href":"https:\/\/uhal.sk\/index.php?rest_route=\/wp\/v2\/pages\/134\/revisions\/1851"}],"up":[{"embeddable":true,"href":"https:\/\/uhal.sk\/index.php?rest_route=\/wp\/v2\/pages\/204"}],"wp:attachment":[{"href":"https:\/\/uhal.sk\/index.php?rest_route=%2Fwp%2Fv2%2Fmedia&parent=134"}],"curies":[{"name":"wp","href":"https:\/\/api.w.org\/{rel}","templated":true}]}}