{"id":1431,"date":"2016-01-31T14:56:33","date_gmt":"2016-01-31T12:56:33","guid":{"rendered":"http:\/\/uhal.sk\/?page_id=1431"},"modified":"2019-10-14T10:37:52","modified_gmt":"2019-10-14T08:37:52","slug":"blog","status":"publish","type":"page","link":"https:\/\/uhal.sk\/?page_id=1431","title":{"rendered":"Blog"},"content":{"rendered":"    <div data-options='{&quot;id&quot;:&quot;1452&quot;,&quot;lazy_load&quot;:&quot;grid&quot;,&quot;masonry_enable&quot;:&quot;no&quot;,&quot;view_type&quot;:&quot;grid&quot;}' id=\"post-grid-1452\" class=\"post-grid grid\">\n    \n\n\n    <div class=\"grid-items\">\n      <div class=\"item item-2809 skin flat even 0 \">\n        <div class=\"layer-wrapper layout-\">\n        <div class=\"layer-media\"><a href=\"https:\/\/uhal.sk\/?p=2809\"><img decoding=\"async\" alt=\"\" src=\"https:\/\/uhal.sk\/wp-content\/uploads\/2020\/08\/flux-beamo-1-300x158.jpg\" \/><\/a><\/div>\n  <div class=\"layer-content\">\n        <div class=\"element element_0  title \">\r\n                    <a target=\"\"\r\n                href=\"https:\/\/uhal.sk\/?p=2809\">Ako si vybra\u0165 spr\u00e1vny CO2 laser do 10 000EUR<\/a>\r\n            <\/div>\r\n    <div class=\"element element_1  excerpt \">\r\n        Ak e\u0161te len nad k\u00fapou laserovej grav\u00edrky uva\u017eujete, \u0161irok\u00fd sortiment a ve\u013ek\u00e9 mno\u017estvo nov\u00fdch inform\u00e1cii m\u00f4\u017ee by\u0165 stresuj\u00face. Preto sme            <\/div>\r\n            <a class=\"element element_2  read_more \"\r\n            target=\"\"\r\n            href=\"https:\/\/uhal.sk\/?p=2809\"><\/a>\r\n      <\/div>\n    <\/div>\n  <\/div><div class=\"item item-1571 skin flat odd 1 \">\n        <div class=\"layer-wrapper layout-\">\n        <div class=\"layer-media\"><a href=\"https:\/\/uhal.sk\/?p=1571\"><img decoding=\"async\" alt=\"\" src=\"https:\/\/uhal.sk\/wp-content\/uploads\/2016\/06\/baner-uhal-LR-2.jpg\" \/><\/a><\/div>\n  <div class=\"layer-content\">\n        <div class=\"element element_0  title \">\r\n                    <a target=\"\"\r\n                href=\"https:\/\/uhal.sk\/?p=1571\">M\u00e1me laser aj pre V\u00e1s !<\/a>\r\n            <\/div>\r\n    <div class=\"element element_1  excerpt \">\r\n        Na\u0161ou filozofiou je pred\u00e1va\u0165 laserov\u00fa techniku \u010do naj\u0161ir\u0161iemu okruhu z\u00e1kazn\u00edkov. Preto je \u013eah\u0161ie nap\u00edsa\u0165 ak\u00e9 lasery nepred\u00e1vame, ako ktor\u00e9 pred\u00e1vame.            <\/div>\r\n            <a class=\"element element_2  read_more \"\r\n            target=\"\"\r\n            href=\"https:\/\/uhal.sk\/?p=1571\"><\/a>\r\n      <\/div>\n    <\/div>\n  <\/div><div class=\"item item-29 skin flat even 2 \">\n        <div class=\"layer-wrapper layout-\">\n        <div class=\"layer-media\"><a href=\"https:\/\/uhal.sk\/?p=29\"><img decoding=\"async\" alt=\"\" src=\"https:\/\/uhal.sk\/wp-content\/uploads\/2016\/02\/fiber-lasers-main-min.jpg\" \/><\/a><\/div>\n  <div class=\"layer-content\">\n        <div class=\"element element_0  title \">\r\n                    <a target=\"\"\r\n                href=\"https:\/\/uhal.sk\/?p=29\">Vitajte.<\/a>\r\n            <\/div>\r\n    <div class=\"element element_1  excerpt \">\r\n        V\u00edtame v\u00e1s na str\u00e1nke Blog. Uverej\u0148ujeme tu zauj\u00edmav\u00e9 \u010dl\u00e1nky, kde vysvet\u013eujeme problematiku laserov\u00e9ho grav\u00edrovania. Chceme v\u00e1m pribl\u00ed\u017ei\u0165 t\u00fato zauj\u00edmav\u00fa oblas\u0165            <\/div>\r\n            <a class=\"element element_2  read_more \"\r\n            target=\"\"\r\n            href=\"https:\/\/uhal.sk\/?p=29\"><\/a>\r\n      <\/div>\n    <\/div>\n  <\/div><div class=\"item item-1578 skin flat odd 3 \">\n        <div class=\"layer-wrapper layout-\">\n        <div class=\"layer-media\"><a href=\"https:\/\/uhal.sk\/?p=1578\"><img decoding=\"async\" alt=\"\" src=\"https:\/\/uhal.sk\/wp-content\/uploads\/2016\/06\/AztecCalendar-epilog-300x199.jpg\" \/><\/a><\/div>\n  <div class=\"layer-content\">\n        <div class=\"element element_0  title \">\r\n                    <a target=\"\"\r\n                href=\"https:\/\/uhal.sk\/?p=1578\">Je pre m\u0148a vhodn\u00fd laser so sklenenou trubicou?<\/a>\r\n            <\/div>\r\n    <div class=\"element element_1  excerpt \">\r\n        Podrobn\u00e9 porovnanie kvality grav\u00edrovania sklenenej trubice a kovovej trubice Epilog. Ako sme si u\u017e povedali v Blogu http:\/\/uhal.sk\/staging-uhal-sk\/rozdiel-medzi-cinskym-a-americkym-laserom\/ sklenen\u00e9 \u010dinske            <\/div>\r\n            <a class=\"element element_2  read_more \"\r\n            target=\"\"\r\n            href=\"https:\/\/uhal.sk\/?p=1578\"><\/a>\r\n      <\/div>\n    <\/div>\n  <\/div><div class=\"item item-1491 skin flat even 4 \">\n        <div class=\"layer-wrapper layout-\">\n        <div class=\"layer-media\"><a href=\"https:\/\/uhal.sk\/?p=1491\"><img decoding=\"async\" alt=\"\" src=\"https:\/\/uhal.sk\/wp-content\/uploads\/2020\/08\/flux-beamo-300x210-300x210.jpg\" \/><\/a><\/div>\n  <div class=\"layer-content\">\n        <div class=\"element element_0  title \">\r\n                    <a target=\"\"\r\n                href=\"https:\/\/uhal.sk\/?p=1491\">FLUX - laser pre hobby z\u00e1kazn\u00edkov.<\/a>\r\n            <\/div>\r\n    <div class=\"element element_1  excerpt \">\r\n        V tomto blogu V\u00e1m predstav\u00edme zauj\u00edmav\u00fa novinku na trhu - lasery FLUX. S\u00fa to lasery v\u00fdhradne ur\u010den\u00e9 pre hobby z\u00e1kazn\u00edkov            <\/div>\r\n            <a class=\"element element_2  read_more \"\r\n            target=\"\"\r\n            href=\"https:\/\/uhal.sk\/?p=1491\"><\/a>\r\n      <\/div>\n    <\/div>\n  <\/div><div class=\"item item-1311 skin flat odd 5 \">\n        <div class=\"layer-wrapper layout-\">\n        <div class=\"layer-media\"><a href=\"https:\/\/uhal.sk\/?p=1311\"><img decoding=\"async\" alt=\"\" src=\"https:\/\/uhal.sk\/wp-content\/uploads\/2016\/02\/glass_Co2_laser_tube-300x210.png\" \/><\/a><\/div>\n  <div class=\"layer-content\">\n        <div class=\"element element_0  title \">\r\n                    <a target=\"\"\r\n                href=\"https:\/\/uhal.sk\/?p=1311\">Rozdiel medzi \u010d\u00ednskymi a americk\u00fdmi lasermi<\/a>\r\n            <\/div>\r\n    <div class=\"element element_1  excerpt \">\r\n        Ak\u00fd je rozdiel medzi lasermi z \u010c\u00edny a lasermi z USA ? Dost\u00e1vame ve\u013ek\u00e9 mno\u017estvo ot\u00e1zok typu: -Ako je to            <\/div>\r\n            <a class=\"element element_2  read_more \"\r\n            target=\"\"\r\n            href=\"https:\/\/uhal.sk\/?p=1311\"><\/a>\r\n      <\/div>\n    <\/div>\n  <\/div><div class=\"item item-1459 skin flat even 6 \">\n        <div class=\"layer-wrapper layout-\">\n        <div class=\"layer-media\"><a href=\"https:\/\/uhal.sk\/?p=1459\"><img decoding=\"async\" alt=\"\" src=\"https:\/\/uhal.sk\/wp-content\/uploads\/2016\/02\/co2-lasers.jpg\" \/><\/a><\/div>\n  <div class=\"layer-content\">\n        <div class=\"element element_0  title \">\r\n                    <a target=\"\"\r\n                href=\"https:\/\/uhal.sk\/?p=1459\">Ako vybra\u0165 vhodn\u00fd typ lasera.<\/a>\r\n            <\/div>\r\n    <div class=\"element element_1  excerpt \">\r\n        Ako vybra\u0165 vhodn\u00fd laser ? V\u00fdber vhodn\u00e9ho typu lasera je \u00faplne najd\u00f4le\u017eitej\u0161ia vec pri k\u00fape laserovej grav\u00edrky. \u0164a\u017eko n\u00e1jdete v\u00fdrobn\u00e9            <\/div>\r\n            <a class=\"element element_2  read_more \"\r\n            target=\"\"\r\n            href=\"https:\/\/uhal.sk\/?p=1459\"><\/a>\r\n      <\/div>\n    <\/div>\n  <\/div>    <\/div>\n        <style type=\"text\/css\">\n      \/*Write your CSS code here*\/    <\/style>\n      <script>\n          \/*Write your js code here*\/          <\/script>\n    <style type=\"text\/css\">\n    #post-grid-1452 .element_0 {\n      display: block;font-size: 21px;line-height: normal;padding: 5px 10px;text-align: left;    }\n\n    #post-grid-1452 .element_1 {\n      display: block;font-size: 12px;padding: 5px 10px;text-align: left;    }\n\n    #post-grid-1452 .element_2 {\n      display: block;font-size: 12px;font-weight: bold;padding: 0 10px;text-align: left;    }\n\n    #post-grid-1452 .element_0:hover{}#post-grid-1452 .element_1:hover{}#post-grid-1452 .element_2:hover{}  <\/style>\n  <style type=\"text\/css\">\n    #post-grid-1452 {\n      padding: 10px;\n      background-color: #ffd699;\n          }\n\n    #post-grid-1452 .item {\n          }\n\n    #post-grid-1452 .item .layer-media {\n      height:auto;    }\n\n    @media only screen and (min-width: 0px) and (max-width: 767px) {\n      #post-grid-1452 .grid-items {\n        text-align: center;\n              }\n\n      #post-grid-1452 .item {\n        width: 90%;\n        margin: 10px;\n        display: inline-block;\n        vertical-align: top;\n        height:auto;      }\n    }\n\n    @media only screen and (min-width: 768px) and (max-width: 1023px) {\n      #post-grid-1452 .grid-items {\n        text-align: center;\n              }\n\n      #post-grid-1452 .item {\n        width: 280px;\n        margin: 10px;\n        display: inline-block;\n        vertical-align: top;\n        max-height:auto;      }\n    }\n\n    @media only screen and (min-width: 1024px) {\n      #post-grid-1452 .grid-items {\n        text-align: center;\n              }\n\n      #post-grid-1452 .item {\n        width: 280px;\n        display: inline-block;\n        margin: 10px;\n        vertical-align: top;\n        height:auto;      }\n    }\n\n      <\/style>\n  <\/div>\n\n","protected":false},"excerpt":{"rendered":"","protected":false},"author":2,"featured_media":0,"parent":0,"menu_order":0,"comment_status":"open","ping_status":"open","template":"page-fullwidth.php","meta":{"advgb_blocks_editor_width":"","advgb_blocks_columns_visual_guide":"","footnotes":""},"class_list":["post-1431","page","type-page","status-publish","hentry","cat-1-id"],"aioseo_notices":[],"coauthors":[],"author_meta":{"author_link":"https:\/\/uhal.sk\/?author=2","display_name":"Franti\u0161ek Uhal"},"relative_dates":{"created":"Posted 10 rokov ago","modified":"Updated 7 rokov ago"},"absolute_dates":{"created":"Posted on 31. janu\u00e1ra 2016","modified":"Updated on 14. okt\u00f3bra 2019"},"absolute_dates_time":{"created":"Posted on 31. janu\u00e1ra 2016 14:56","modified":"Updated on 14. okt\u00f3bra 2019 10:37"},"featured_img_caption":"","featured_img":false,"series_order":"","_links":{"self":[{"href":"https:\/\/uhal.sk\/index.php?rest_route=\/wp\/v2\/pages\/1431","targetHints":{"allow":["GET"]}}],"collection":[{"href":"https:\/\/uhal.sk\/index.php?rest_route=\/wp\/v2\/pages"}],"about":[{"href":"https:\/\/uhal.sk\/index.php?rest_route=\/wp\/v2\/types\/page"}],"author":[{"embeddable":true,"href":"https:\/\/uhal.sk\/index.php?rest_route=\/wp\/v2\/users\/2"}],"replies":[{"embeddable":true,"href":"https:\/\/uhal.sk\/index.php?rest_route=%2Fwp%2Fv2%2Fcomments&post=1431"}],"version-history":[{"count":7,"href":"https:\/\/uhal.sk\/index.php?rest_route=\/wp\/v2\/pages\/1431\/revisions"}],"predecessor-version":[{"id":2582,"href":"https:\/\/uhal.sk\/index.php?rest_route=\/wp\/v2\/pages\/1431\/revisions\/2582"}],"wp:attachment":[{"href":"https:\/\/uhal.sk\/index.php?rest_route=%2Fwp%2Fv2%2Fmedia&parent=1431"}],"curies":[{"name":"wp","href":"https:\/\/api.w.org\/{rel}","templated":true}]}}