{"id":144,"date":"2014-09-06T13:32:25","date_gmt":"2014-09-06T11:32:25","guid":{"rendered":"http:\/\/uhal.cz\/?page_id=144"},"modified":"2014-10-23T23:44:58","modified_gmt":"2014-10-23T21:44:58","slug":"nazehlovaci-lisy","status":"publish","type":"page","link":"https:\/\/uhal.sk\/?page_id=144","title":{"rendered":"Na\u017eeh\u013eovacie lisy"},"content":{"rendered":"<p><span style=\"font-size: 10pt;\"><img decoding=\"async\" id=\"__wp-temp-img-id\" class=\"\" src=\"http:\/\/uhal.cz\/wp-content\/uploads\/2014\/09\/logo-stahls.jpg\" alt=\"\" width=\"263\" height=\"42\" \/><\/span><\/p>\n<p><span style=\"font-size: 10pt;\">Na\u0161a firma je distrib\u00fatorom americkej firmy STAHLS, v\u00fdrobcu kvalitn\u00fdch na\u017eehlovac\u00edch lisov, rezac\u00edch flex a flock f\u00f3lii, tla\u010dov\u00fdch flex a flock f\u00f3lii a \u010fal\u0161ieho pr\u00edslu\u0161enstva pre na\u017eeh\u013eovanie.<\/span><\/p>\n<p><span style=\"color: #000080; font-size: 14pt;\">Na\u017eehlovacie lisy STAHLS<\/span><\/p>\n<hr \/>\n<p><span style=\"font-size: 10pt;\">V ponuke lisov STAHLS n\u00e1jdete lisy pre za\u010diato\u010dn\u00edkov aj profesion\u00e1lov. Najd\u00f4le\u017eitej\u0161\u00edm krit\u00e9riom ako vybra\u0165 spr\u00e1vny lis pre va\u0161u pr\u00e1cu je vy\u0165a\u017eenos\u0165 &#8211; po\u010det \u017eehlen\u00ed za de\u0148, resp. za mesiac.<\/span><\/p>\n<p><span style=\"font-size: 12pt;\"><strong>Lisy STAHLS Basic<\/strong><\/span><br \/>\n<img decoding=\"async\" id=\"__wp-temp-img-id\" class=\"\" src=\"http:\/\/uhal.cz\/wp-content\/uploads\/2014\/09\/0003-clam2.jpg\" alt=\"\" width=\"190\" height=\"161\" \/><br \/>\n<span style=\"font-size: 10pt;\">Z\u00e1kladna raa lisov ur\u010den\u00e1\u00a0 pre ob\u010dasn\u00e9 na\u017eeh\u013eovanie alebo ako z\u00e1lo\u017en\u00fd lis. Max. masa\u010dn\u00e1 z\u00e1\u0165a\u017e je cca 1000 ks \u017eehlen\u00ed. Ekonomick\u00e9 rie\u0161enie, ve\u013emi\u00a0 n\u00edzka cena. 3 \u017eehliace ve\u013ekosti 28 x 38 cm, 38 x 38 cm a 40 x 50 cm.<\/span><\/p>\n<p><span style=\"font-size: 12pt;\"><strong>Lisy STAHLS MAXX<\/strong><\/span><br \/>\n<img decoding=\"async\" id=\"__wp-temp-img-id\" class=\"\" src=\"http:\/\/uhal.cz\/wp-content\/uploads\/2014\/09\/0003-MAXX_38x38_2.jpg\" alt=\"\" width=\"251\" height=\"188\" \/>\u00a0 <img loading=\"lazy\" decoding=\"async\" id=\"__wp-temp-img-id\" class=\"\" src=\"http:\/\/uhal.cz\/wp-content\/uploads\/2014\/09\/0001-maxx_cap.jpg\" alt=\"\" width=\"154\" height=\"154\" \/><br \/>\n<span style=\"font-size: 10pt;\">Produk\u010dn\u00e1 rada lisov, spo\u013eahlivej pevnej kon\u0161trukcie, ur\u010den\u00e1 na b\u011b\u017en\u00fa prev\u00e1dzku v signmakingu. Z\u00e1ruka na lis a kon\u0161trukciu 2 roky a do\u017eivotn\u00e1 na \u017eehliaci element . Ploch\u00e1 verzie sa pon\u00faka vo ve\u013ekosti plochy 28 x 38 cm, alebo 38 x 38 cm, alebo 40 x 50 cm. Verzia so zaoblen\u00fdm kopytom pre \u017eehlenie \u010dapic m\u00e1 vymenite\u013en\u00e9 3 r\u00f4zne ve\u013ekosti n\u00e1stavcov.\u00a0 Ve\u013emi rozumn\u00e1 cena.<\/span><\/p>\n<p><strong><span style=\"font-size: 12pt;\">Lisy STAHLS MAG PRESS<\/span><br \/>\n<\/strong><img loading=\"lazy\" decoding=\"async\" id=\"__wp-temp-img-id\" class=\"\" src=\"http:\/\/uhal.cz\/wp-content\/uploads\/2014\/09\/0001-sprintmag40x40.jpg\" alt=\"\" width=\"216\" height=\"168\" \/><br \/>\n<span style=\"font-size: 10pt;\">Produk\u010dn\u00e1 rada lisov, spo\u013eahlivej pevnej kon\u0161trukcie s magnetick\u00fdm z\u00e1mkom. Lis sa automaticky otvor\u00ed po uplynut\u00ed \u017eehliaceho \u010dasu. Ve\u013emi to u\u013eah\u010duje ovl\u00e1danie lisu, \u010do ocenia hlavne obsluha ne\u017en\u00e9ho pohlavia. T\u00e1to rada lisov je ur\u010den\u00e1 na b\u011b\u017en\u00fa prev\u00e1dzku v signmakingu.<\/span><br \/>\n<span style=\"font-size: 10pt;\"> Z\u00e1\u0165a\u017e do cca 5 tis\u00edc \u017eehlen\u00ed za mesiac. Z\u00e1ruka na lis a kon\u0161trukciu 2 roky a do\u017eivotn\u00fa na \u017eehliaci element.<br \/>\n3 \u017eehliace ve\u013ekosti 28 x 38 cm, 40 x 40 cm a 40 x 50 cm.<\/span><\/p>\n<p><span style=\"font-size: 12pt;\"><strong>Lisy STAHLS FUSION<\/strong><\/span><br \/>\n<img loading=\"lazy\" decoding=\"async\" id=\"__wp-temp-img-id\" class=\"\" src=\"http:\/\/uhal.cz\/wp-content\/uploads\/2014\/09\/0001-Hotronix_Fusion_1.jpg\" alt=\"\" width=\"282\" height=\"209\" \/><br \/>\n<span style=\"font-size: 10pt;\">Profesion\u00e1lna rada lisov, spo\u013eahlivej pevnej kon\u0161trukcie s v\u00fdsuvnym stolom a na bok vykl\u00e1pacou vrchnou \u017eehliacou doskou. Ve\u013emi \u013eahk\u00e9 uzatvaranie. Lis sa automaticky otvor\u00ed po uplynut\u00ed \u017eehliaceho \u010dasu. Ve\u013emi to u\u013eah\u010duje ovl\u00e1danie lisu, \u010do ocen\u00ed hlavne obsluha ne\u017en\u00e9ho pohlavia. T\u00e1to rada je ur\u010den\u00e1 do ve\u013emi vy\u0165a\u017een\u00fdch prev\u00e1dzok v signmakingu.<\/span><br \/>\n<span style=\"font-size: 10pt;\"> Z\u00e1\u0165a\u017e do cca 10 tis\u00edc \u017eehlen\u00ed za mesiac. Z\u00e1ruka na lis a kon\u0161trukciu 2 roky a do\u017eivotn\u00e1 na \u017eehliaci element .\u00a0 Velikost \u017eehliacej plochy 40 x 50 cm.<\/span><\/p>\n<p><span style=\"font-size: 12pt;\"><strong>Lisy STAHLS FUSION AIR<\/strong><\/span><br \/>\n<span style=\"font-size: 10pt;\">Jedn\u00e1 se o pneumatick\u00fa verziu lisu Fusion. Ma rovnak\u00e9 funkcie, len zatv\u00e1ranie a otv\u00e1raniei lisu je pneumatick\u00e9, \u00faplne bez n\u00e1mahy. S\u00fa ur\u010den\u00e9 do najviacej\u00a0 vy\u0165a\u017een\u00fdch prev\u00e1dzok, alebo chr\u00e1nen\u00fdch dieln\u00ed, kde se vy\u017eaduje fyzicky nen\u00e1ro\u010dn\u00e1 obsluha.<\/span><\/p>\n<p><span style=\"font-size: 12pt;\"><strong>Lis na hrn\u010deky MG4<\/strong><\/span><br \/>\n<span style=\"font-size: 10pt;\">Lis so \u0161tyrmi vymenite\u013en\u00fdmi\u00a0 \u010de\u013eus\u0165ami na na\u017eeh\u013eovanie r\u00f4znych typov priemerov v\u010d\u00edtane k\u00f3nick\u00fdch<br \/>\n<img loading=\"lazy\" decoding=\"async\" id=\"__wp-temp-img-id\" class=\"\" src=\"http:\/\/uhal.cz\/wp-content\/uploads\/2014\/10\/lis-na-hrnecky.jpg\" alt=\"\" width=\"238\" height=\"175\" \/><br \/>\n<\/span><\/p>\n","protected":false},"excerpt":{"rendered":"<p>Na\u0161a firma je distrib\u00fatorom americkej firmy STAHLS, v\u00fdrobcu kvalitn\u00fdch na\u017eehlovac\u00edch lisov, rezac\u00edch flex a flock f\u00f3lii, tla\u010dov\u00fdch flex a flock f\u00f3lii a \u010fal\u0161ieho pr\u00edslu\u0161enstva pre na\u017eeh\u013eovanie. Na\u017eehlovacie lisy STAHLS V ponuke lisov STAHLS n\u00e1jdete lisy pre za\u010diato\u010dn\u00edkov aj profesion\u00e1lov. Najd\u00f4le\u017eitej\u0161\u00edm krit\u00e9riom ako vybra\u0165 spr\u00e1vny lis pre va\u0161u pr\u00e1cu je vy\u0165a\u017eenos\u0165 &#8211; po\u010det \u017eehlen\u00ed za de\u0148, resp. za mesiac. Lisy STAHLS Basic Z\u00e1kladna raa lisov ur\u010den\u00e1\u00a0 pre ob\u010dasn\u00e9 na\u017eeh\u013eovanie alebo ako z\u00e1lo\u017en\u00fd lis. Max. masa\u010dn\u00e1 z\u00e1\u0165a\u017e je cca 1000 ks \u017eehlen\u00ed. Ekonomick\u00e9 rie\u0161enie, ve\u013emi\u00a0 n\u00edzka cena. 3 \u017eehliace ve\u013ekosti 28 x&nbsp;<a href=\"https:\/\/uhal.sk\/?page_id=144\" class=\"read-more\">Continue Reading<\/a><\/p>\n","protected":false},"author":2,"featured_media":0,"parent":122,"menu_order":0,"comment_status":"open","ping_status":"open","template":"page-fullwidth.php","meta":{"advgb_blocks_editor_width":"","advgb_blocks_columns_visual_guide":"","footnotes":""},"class_list":["post-144","page","type-page","status-publish","hentry"],"aioseo_notices":[],"coauthors":[],"author_meta":{"author_link":"https:\/\/uhal.sk\/?author=2","display_name":"Franti\u0161ek Uhal"},"relative_dates":{"created":"Posted 12 rokov ago","modified":"Updated 12 rokov ago"},"absolute_dates":{"created":"Posted on 6. septembra 2014","modified":"Updated on 23. okt\u00f3bra 2014"},"absolute_dates_time":{"created":"Posted on 6. septembra 2014 13:32","modified":"Updated on 23. okt\u00f3bra 2014 23:44"},"featured_img_caption":"","featured_img":false,"series_order":"","_links":{"self":[{"href":"https:\/\/uhal.sk\/index.php?rest_route=\/wp\/v2\/pages\/144","targetHints":{"allow":["GET"]}}],"collection":[{"href":"https:\/\/uhal.sk\/index.php?rest_route=\/wp\/v2\/pages"}],"about":[{"href":"https:\/\/uhal.sk\/index.php?rest_route=\/wp\/v2\/types\/page"}],"author":[{"embeddable":true,"href":"https:\/\/uhal.sk\/index.php?rest_route=\/wp\/v2\/users\/2"}],"replies":[{"embeddable":true,"href":"https:\/\/uhal.sk\/index.php?rest_route=%2Fwp%2Fv2%2Fcomments&post=144"}],"version-history":[{"count":9,"href":"https:\/\/uhal.sk\/index.php?rest_route=\/wp\/v2\/pages\/144\/revisions"}],"predecessor-version":[{"id":1177,"href":"https:\/\/uhal.sk\/index.php?rest_route=\/wp\/v2\/pages\/144\/revisions\/1177"}],"up":[{"embeddable":true,"href":"https:\/\/uhal.sk\/index.php?rest_route=\/wp\/v2\/pages\/122"}],"wp:attachment":[{"href":"https:\/\/uhal.sk\/index.php?rest_route=%2Fwp%2Fv2%2Fmedia&parent=144"}],"curies":[{"name":"wp","href":"https:\/\/api.w.org\/{rel}","templated":true}]}}