{"id":151,"date":"2014-09-06T13:35:32","date_gmt":"2014-09-06T11:35:32","guid":{"rendered":"http:\/\/uhal.cz\/?page_id=151"},"modified":"2020-12-31T02:24:36","modified_gmt":"2020-12-31T00:24:36","slug":"skoleni","status":"publish","type":"page","link":"https:\/\/uhal.sk\/?page_id=151","title":{"rendered":"\u0160kolenia"},"content":{"rendered":"<p><span style=\"font-size: 12pt;\">Na\u0161a firma se s v\u00e1mi r\u00e1da podel\u00ed o svoje bohat\u00e9 vedomosti a skusenost\u00ed v problematike laserov\u00e9ho grav\u00edrovania, sublim\u00e1cie a potla\u010de. Sta\u010d\u00ed ke\u010f sa prihl\u00e1site na niektor\u00e9 na\u0161e\u00a0 \u0161kolenia \u00a0alebo si objedn\u00e1te CD s video\u0161kolen\u00edm.<\/span><\/p>\n<p><span style=\"font-size: 14pt; color: #333399;\"><span style=\"caret-color: #000080;\">\u0160koliace programy:<\/span><\/span><\/p>\n<p><span style=\"font-size: 12pt;\"><strong>1, Ako za\u010da\u0165 podnika\u0165 v laserovom grav\u00edrovan\u00ed \u00a0I.<\/strong><\/span><br \/>\n<span style=\"font-size: 12pt;\">&#8211; z\u00e1kladn\u00e9 rady &#8211; \u010do je to laser, ako pracuje, ak\u00e9 materi\u00e1ly sa daj\u00fa laserom grav\u00edrova\u0165 a reza\u0165, ako vybra\u0165 spr\u00e1vny laser pre va\u0161u aplik\u00e1ciu at\u010f.<br \/>\nVideo uk\u00e1\u017eka.\u00a0<\/span><\/p>\n<p><span style=\"font-size: 12pt;\"><strong>2, Ako za\u010da\u0165 podnika\u0165 v laserovom grav\u00edrovan\u00ed \u00a0II.<\/strong><\/span><br \/>\n<span style=\"font-size: 10pt;\"><span style=\"font-size: 12pt;\">&#8211; biznis rady &#8211; ako si pripravi\u0165 obchodn\u00fd, marketingov\u00fd a finan\u010dn\u00fd pl\u00e1n, ako propagova\u0165 va\u0161e podnikanie, ako by\u0165 lep\u0161\u00ed ako konkurencia, ako stanovi\u0165 spr\u00e1vne ceny at\u010f.<\/span><br \/>\n<span style=\"font-size: 12pt;\">Video uk\u00e1\u017eka.<\/span><br \/>\n<\/span><\/p>\n","protected":false},"excerpt":{"rendered":"<p>Na\u0161a firma se s v\u00e1mi r\u00e1da podel\u00ed o svoje bohat\u00e9 vedomosti a skusenost\u00ed v problematike laserov\u00e9ho grav\u00edrovania, sublim\u00e1cie a potla\u010de. Sta\u010d\u00ed ke\u010f sa prihl\u00e1site na niektor\u00e9 na\u0161e\u00a0 \u0161kolenia \u00a0alebo si objedn\u00e1te CD s video\u0161kolen\u00edm. \u0160koliace programy: 1, Ako za\u010da\u0165 podnika\u0165 v laserovom grav\u00edrovan\u00ed \u00a0I. &#8211; z\u00e1kladn\u00e9 rady &#8211; \u010do je to laser, ako pracuje, ak\u00e9 materi\u00e1ly sa daj\u00fa laserom grav\u00edrova\u0165 a reza\u0165, ako vybra\u0165 spr\u00e1vny laser pre va\u0161u aplik\u00e1ciu at\u010f. Video uk\u00e1\u017eka.\u00a0 2, Ako za\u010da\u0165 podnika\u0165 v laserovom grav\u00edrovan\u00ed \u00a0II. &#8211; biznis rady &#8211; ako si pripravi\u0165 obchodn\u00fd, marketingov\u00fd a&nbsp;<a href=\"https:\/\/uhal.sk\/?page_id=151\" class=\"read-more\">Continue Reading<\/a><\/p>\n","protected":false},"author":2,"featured_media":0,"parent":125,"menu_order":0,"comment_status":"open","ping_status":"open","template":"page-fullwidth.php","meta":{"advgb_blocks_editor_width":"","advgb_blocks_columns_visual_guide":"","footnotes":""},"class_list":["post-151","page","type-page","status-publish","hentry"],"aioseo_notices":[],"coauthors":[],"author_meta":{"author_link":"https:\/\/uhal.sk\/?author=2","display_name":"Franti\u0161ek Uhal"},"relative_dates":{"created":"Posted 12 rokov ago","modified":"Updated 5 rokov ago"},"absolute_dates":{"created":"Posted on 6. septembra 2014","modified":"Updated on 31. decembra 2020"},"absolute_dates_time":{"created":"Posted on 6. septembra 2014 13:35","modified":"Updated on 31. decembra 2020 2:24"},"featured_img_caption":"","featured_img":false,"series_order":"","_links":{"self":[{"href":"https:\/\/uhal.sk\/index.php?rest_route=\/wp\/v2\/pages\/151","targetHints":{"allow":["GET"]}}],"collection":[{"href":"https:\/\/uhal.sk\/index.php?rest_route=\/wp\/v2\/pages"}],"about":[{"href":"https:\/\/uhal.sk\/index.php?rest_route=\/wp\/v2\/types\/page"}],"author":[{"embeddable":true,"href":"https:\/\/uhal.sk\/index.php?rest_route=\/wp\/v2\/users\/2"}],"replies":[{"embeddable":true,"href":"https:\/\/uhal.sk\/index.php?rest_route=%2Fwp%2Fv2%2Fcomments&post=151"}],"version-history":[{"count":7,"href":"https:\/\/uhal.sk\/index.php?rest_route=\/wp\/v2\/pages\/151\/revisions"}],"predecessor-version":[{"id":2983,"href":"https:\/\/uhal.sk\/index.php?rest_route=\/wp\/v2\/pages\/151\/revisions\/2983"}],"up":[{"embeddable":true,"href":"https:\/\/uhal.sk\/index.php?rest_route=\/wp\/v2\/pages\/125"}],"wp:attachment":[{"href":"https:\/\/uhal.sk\/index.php?rest_route=%2Fwp%2Fv2%2Fmedia&parent=151"}],"curies":[{"name":"wp","href":"https:\/\/api.w.org\/{rel}","templated":true}]}}