{"id":173,"date":"2014-09-06T13:48:37","date_gmt":"2014-09-06T11:48:37","guid":{"rendered":"http:\/\/uhal.cz\/?page_id=173"},"modified":"2019-06-26T21:29:10","modified_gmt":"2019-06-26T19:29:10","slug":"technicka-podpora","status":"publish","type":"page","link":"https:\/\/uhal.sk\/?page_id=173","title":{"rendered":"Technick\u00e1 podpora"},"content":{"rendered":"<p><span style=\"font-size: 14pt; color: #000080;\">Technick\u00e1 podpora zariaden\u00ed pred\u00e1van\u00fdch firmou Uhal trade<br \/>\n<\/span><\/p>\n<hr \/>\n<p><span style=\"font-size: 14pt; color: #000080;\"><span style=\"font-size: 10pt;\"><span style=\"color: #000000;\">Kliknite na logo v\u00fdrobcu va\u0161eho zariadenia a budete presmerovan\u00fd priamo na technick\u00fa podporu v\u00fdrobcu.<br \/>\nAk ste st\u00e1le nena\u0161li \u010do ste h\u013eadali, kontaktujte pros\u00edm na\u0161u technick\u00fa podporu na emaili: <a href=\"mailto:uhal@uhal.sk\">uhal@uhal.sk<\/a><br \/>\nalebo kontaktujte na\u0161u firmu<a href=\"http:\/\/uhal.sk\/staging-uhal-sk\/kontakt\/\"> http:\/\/uhal.sk\/staging-uhal-sk\/kontakt\/<\/a><br \/>\n<\/span><\/span><\/span><\/p>\n<p><span style=\"font-size: 14pt; color: #000080;\"><span style=\"font-size: 10pt;\"> <span style=\"color: #000000; font-size: 12pt;\"><br \/>\n<strong>LASEROV\u00c9 SYST\u00c9MY:<\/strong> <\/span><\/span><\/span><\/p>\n<p><a title=\"technicka podpora RMI\" href=\"http:\/\/rmilaser.com\/support\/trouble-shooting-faqs\"><img decoding=\"async\" class=\" wp-image-2384 alignnone\" src=\"http:\/\/uhal.sk\/staging-uhal-sk\/wp-content\/uploads\/2014\/10\/112-1128258_epilog-laser-logo-graphic-design.png-300x277.jpg\" alt=\"\" width=\"77\" height=\"71\" srcset=\"https:\/\/uhal.sk\/wp-content\/uploads\/2014\/10\/112-1128258_epilog-laser-logo-graphic-design.png-300x277.jpg 300w, https:\/\/uhal.sk\/wp-content\/uploads\/2014\/10\/112-1128258_epilog-laser-logo-graphic-design.png-768x710.jpg 768w, https:\/\/uhal.sk\/wp-content\/uploads\/2014\/10\/112-1128258_epilog-laser-logo-graphic-design.png-335x310.jpg 335w, https:\/\/uhal.sk\/wp-content\/uploads\/2014\/10\/112-1128258_epilog-laser-logo-graphic-design.png-80x74.jpg 80w, https:\/\/uhal.sk\/wp-content\/uploads\/2014\/10\/112-1128258_epilog-laser-logo-graphic-design.png-130x120.jpg 130w, https:\/\/uhal.sk\/wp-content\/uploads\/2014\/10\/112-1128258_epilog-laser-logo-graphic-design.png.jpg 920w\" sizes=\"(max-width: 77px) 100vw, 77px\" \/><img decoding=\"async\" class=\"\" src=\"http:\/\/uhal.cz\/wp-content\/uploads\/2014\/09\/logo-RMI-stvorec.jpeg\" alt=\"logo RMI\" width=\"72\" height=\"72\" \/><\/a><\/p>\n<hr \/>\n<p><span style=\"font-size: 12pt; color: #000080;\"><span style=\"color: #000000;\"><strong><br \/>\nREZACIE PLOTRE:<\/strong><\/span><\/span><\/p>\n<p><a href=\"http:\/\/graphteccorp.com\/support\/software\/cuttingplotters.html\"><img decoding=\"async\" class=\"\" src=\"http:\/\/uhal.cz\/wp-content\/uploads\/2014\/09\/Graphtec-Logo.jpg\" alt=\"\" width=\"188\" height=\"24\" \/><\/a><\/p>\n<p><span style=\"font-size: 14pt; color: #000080;\"><span style=\"font-size: 10pt;\"><span style=\"color: #000000;\"><strong><a href=\"http:\/\/www.gccworld.com\/en\/faq2.php\"><img loading=\"lazy\" decoding=\"async\" class=\"\" src=\"http:\/\/uhal.cz\/wp-content\/uploads\/2014\/09\/GCC_Logo300.gif\" alt=\"\" width=\"120\" height=\"34\" \/><\/a><\/strong><\/span><\/span><\/span><\/p>\n<hr \/>\n<p><span style=\"font-size: 12pt;\"><strong><br \/>\nTLA\u010cIARNE:<\/strong><\/span><\/p>\n<p><a href=\"http:\/\/www.directcolorsystems.com\/support.php\"><img loading=\"lazy\" decoding=\"async\" class=\"\" src=\"http:\/\/uhal.cz\/wp-content\/uploads\/2014\/09\/direct-logo.jpg\" alt=\"\" width=\"286\" height=\"44\" \/><\/a><\/p>\n<hr \/>\n<p>&nbsp;<\/p>\n<p><span style=\"font-size: 14pt; color: #000080;\"><span style=\"font-size: 10pt;\">\u00a0<\/span><\/span><\/p>\n","protected":false},"excerpt":{"rendered":"<p>Technick\u00e1 podpora zariaden\u00ed pred\u00e1van\u00fdch firmou Uhal trade Kliknite na logo v\u00fdrobcu va\u0161eho zariadenia a budete presmerovan\u00fd priamo na technick\u00fa podporu v\u00fdrobcu. Ak ste st\u00e1le nena\u0161li \u010do ste h\u013eadali, kontaktujte pros\u00edm na\u0161u technick\u00fa podporu na emaili: uhal@uhal.sk alebo kontaktujte na\u0161u firmu http:\/\/uhal.sk\/staging-uhal-sk\/kontakt\/ LASEROV\u00c9 SYST\u00c9MY: REZACIE PLOTRE: TLA\u010cIARNE: &nbsp; \u00a0<\/p>\n","protected":false},"author":2,"featured_media":0,"parent":153,"menu_order":0,"comment_status":"open","ping_status":"open","template":"page-fullwidth.php","meta":{"advgb_blocks_editor_width":"","advgb_blocks_columns_visual_guide":"","footnotes":""},"class_list":["post-173","page","type-page","status-publish","hentry"],"aioseo_notices":[],"coauthors":[],"author_meta":{"author_link":"https:\/\/uhal.sk\/?author=2","display_name":"Franti\u0161ek Uhal"},"relative_dates":{"created":"Posted 12 rokov ago","modified":"Updated 7 rokov ago"},"absolute_dates":{"created":"Posted on 6. septembra 2014","modified":"Updated on 26. j\u00fana 2019"},"absolute_dates_time":{"created":"Posted on 6. septembra 2014 13:48","modified":"Updated on 26. j\u00fana 2019 21:29"},"featured_img_caption":"","featured_img":false,"series_order":"","_links":{"self":[{"href":"https:\/\/uhal.sk\/index.php?rest_route=\/wp\/v2\/pages\/173","targetHints":{"allow":["GET"]}}],"collection":[{"href":"https:\/\/uhal.sk\/index.php?rest_route=\/wp\/v2\/pages"}],"about":[{"href":"https:\/\/uhal.sk\/index.php?rest_route=\/wp\/v2\/types\/page"}],"author":[{"embeddable":true,"href":"https:\/\/uhal.sk\/index.php?rest_route=\/wp\/v2\/users\/2"}],"replies":[{"embeddable":true,"href":"https:\/\/uhal.sk\/index.php?rest_route=%2Fwp%2Fv2%2Fcomments&post=173"}],"version-history":[{"count":20,"href":"https:\/\/uhal.sk\/index.php?rest_route=\/wp\/v2\/pages\/173\/revisions"}],"predecessor-version":[{"id":522,"href":"https:\/\/uhal.sk\/index.php?rest_route=\/wp\/v2\/pages\/173\/revisions\/522"}],"up":[{"embeddable":true,"href":"https:\/\/uhal.sk\/index.php?rest_route=\/wp\/v2\/pages\/153"}],"wp:attachment":[{"href":"https:\/\/uhal.sk\/index.php?rest_route=%2Fwp%2Fv2%2Fmedia&parent=173"}],"curies":[{"name":"wp","href":"https:\/\/api.w.org\/{rel}","templated":true}]}}