{"id":182,"date":"2014-09-06T14:00:13","date_gmt":"2014-09-06T12:00:13","guid":{"rendered":"http:\/\/uhal.cz\/?page_id=182"},"modified":"2019-06-26T07:43:15","modified_gmt":"2019-06-26T05:43:15","slug":"o-nas","status":"publish","type":"page","link":"https:\/\/uhal.sk\/?page_id=182","title":{"rendered":"Kto sme"},"content":{"rendered":"<p><img fetchpriority=\"high\" decoding=\"async\" class=\"aligncenter size-full wp-image-2252\" src=\"http:\/\/uhal.sk\/staging-uhal-sk\/wp-content\/uploads\/2019\/06\/33981210_2124937244187298_5966270913484685312_o.jpg\" alt=\"\" width=\"1883\" height=\"1263\" srcset=\"https:\/\/uhal.sk\/wp-content\/uploads\/2019\/06\/33981210_2124937244187298_5966270913484685312_o.jpg 1883w, https:\/\/uhal.sk\/wp-content\/uploads\/2019\/06\/33981210_2124937244187298_5966270913484685312_o-300x201.jpg 300w, https:\/\/uhal.sk\/wp-content\/uploads\/2019\/06\/33981210_2124937244187298_5966270913484685312_o-768x515.jpg 768w, https:\/\/uhal.sk\/wp-content\/uploads\/2019\/06\/33981210_2124937244187298_5966270913484685312_o-1024x687.jpg 1024w, https:\/\/uhal.sk\/wp-content\/uploads\/2019\/06\/33981210_2124937244187298_5966270913484685312_o-335x225.jpg 335w, https:\/\/uhal.sk\/wp-content\/uploads\/2019\/06\/33981210_2124937244187298_5966270913484685312_o-80x54.jpg 80w, https:\/\/uhal.sk\/wp-content\/uploads\/2019\/06\/33981210_2124937244187298_5966270913484685312_o-130x87.jpg 130w\" sizes=\"(max-width: 1883px) 100vw, 1883px\" \/><\/p>\n<h1 style=\"text-align: center;\"><span style=\"color: #000080; font-size: 18pt;\"><strong>UHAL TRADE &#8211; \u0160PECIALISTI NA LASEROV\u00c9 SYST\u00c9MY<\/strong><\/span><\/h1>\n<p style=\"text-align: left;\"><span style=\"font-size: 10pt;\">Uhal trade s.r.o. bola zalo\u017een\u00e1\u00a0 v roku 2007, ako sestersk\u00e1 firma slovenskej firmy Agent\u00fara Uhal, ktor\u00e1 <strong>je na trhu od roku 1991<\/strong>. Prevzala po nej predaj laserov\u00fdch zariaden\u00ed.\u00a0 Uhal trade poskytuje profesion\u00e1lny predajn\u00fd a popredajov\u00fd servis pre z\u00e1kazn\u00edkov v Slovenskej a \u010ceskej republike. <strong>Sme distrib\u00fatori laserov EPILOG, SEI, DATALOGIC, RMI, SYNRAD a RADIANT.<\/strong> Pre lep\u0161iu starostlivos\u0165 o \u010cesk\u00fdch z\u00e1kazn\u00edkov sme v janu\u00e1ri <strong>2014 zalo\u017eili \u010desk\u00fa firmu Uhal trade cz,<\/strong> ktor\u00e1 nadv\u00e4zuje na \u00faspechy firmy Uhal trade. Hlavnou \u0161pecializ\u00e1ciou na\u0161ich firiem je<strong> poradenstvo a predej laserovej techniky<\/strong>. Nepropagujeme iba jednu zna\u010dku, preto\u017ee \u017eiadny v\u00fdrobca nem\u00e1 tak \u0161irok\u00fa ponuku, aby pokryl potreby v\u0161etk\u00fdch na\u0161ich z\u00e1kazn\u00edkov. Vyber\u00e1me tie najlep\u0161ie stroje od r\u00f4znych renomovan\u00fdch v\u00fdrobcov. <strong>\u0160pecializujeme sa na predaj laserov do v\u00fdkonu 600W<\/strong>, pre rezanie a grav\u00edrovanie nekovov\u00fdch i kovov\u00fdch materi\u00e1lov. Najviac z\u00e1kazn\u00edkov m\u00e1me v radoch v\u00fdrobcov reklamy a signmakingu. \u010ealej v drev\u00e1rskom, stroj\u00e1renskom, elektrotechnickom priemysle, \u0161kolstve a umeleck\u00fdch remesl\u00e1ch.<\/span><br \/>\n<span style=\"font-size: 10pt;\">Postupom \u010dasu sme <strong>na\u0161u ponuku roz\u0161\u00edrili o rezacie a tla\u010dov\u00e9 plotre, UV tla\u010diarne, na\u017eeh\u013eovacie lisy a \u010fal\u0161ie zariadenia pre reklamu a signmaking.<\/strong><\/span><br \/>\n<span style=\"font-size: 10pt;\"><strong> K 1.11. 2018 m\u00e1me predan\u00fdch viac ako 360 laserov\u00fdch syst\u00e9mov<\/strong>, stovky rezac\u00edch plotrov a \u010fal\u0161\u00edch zariaden\u00ed pre Signmaking. Poskytujeme profesion\u00e1lny servis, poradenstvo a \u0161kolenia na\u0161ich z\u00e1kazn\u00edkov. Na\u0161i technici maj\u00fa dlhoro\u010dn\u00e9 sk\u00fasenosti a vyrie\u0161ia ka\u017ed\u00fd technick\u00fd probl\u00e9m. V\u010faka technickej podpore od v\u00fdrobcov sa m\u00f4\u017eete spo\u013eahn\u00fa\u0165, \u017ee stroje od n\u00e1s nebud\u00fa ma\u0165 zbyto\u010dn\u00e9 prestoje.<br \/>\nOkrem laserov\u00fdch syst\u00e9mov <strong>pred\u00e1vame tie\u017e \u0161peci\u00e1lne materi\u00e1ly pre laserov\u00fa v\u00fdrobu<\/strong>. Postupom \u010dasu sme dosiahli\u00a0 stavu, \u017ee <strong>na\u0161a ponuka je jednou z najrozsiahlej\u0161\u00edch na \u010deskom a slovenskom trhu.<\/strong><br \/>\nPreto\u017ee m\u00e1me mnoho z\u00e1kazn\u00edkov v reklamnom priemysle, roz\u0161\u00edrili sme <strong>na\u0161u ponuku aj o\u00a0 materi\u00e1ly pre tla\u010d, sublim\u00e1ciu, na\u017eehlovanie<\/strong> a \u010fal\u0161ie. Aktu\u00e1lne sa na na\u0161om centr\u00e1lnom sklade nach\u00e1dza viac ako 45 000 polo\u017eiek a viac ako 1500 druhov tovarov.<br \/>\n<\/span><\/p>\n<h2><span style=\"color: #000080;\"><strong><span style=\"font-size: 10pt;\">V \u010cOM SME IN\u00cd?<\/span><\/strong><\/span><\/h2>\n<p><span style=\"font-size: 10pt; color: #000000;\">Pred\u00e1vame stroje a servisujeme ich na profesion\u00e1lnej \u00farovni. A to nie je v\u0161etko.<\/span>\u00a0<span style=\"font-size: 10pt; color: #000000;\">My <span style=\"color: #000080;\"><strong>rad\u00edme a \u0161kol\u00edme<\/strong><\/span>. U n\u00e1s m\u00e1te oporu vo Va\u0161om podn\u00edkan\u00ed. Na\u0161i \u0161pecialisti V\u00e1m nielen <span style=\"color: #000080;\"><strong>pom\u00f4\u017eu vybra\u0165 spr\u00e1vny typ stroja<\/strong><\/span>, poradia v\u00e1m tie\u017e <span style=\"color: #000080;\"><strong>ako si \u00fa\u010dtova\u0165 za Va\u0161u pr\u00e1cu<\/strong>, ako <strong>propagova\u0165 svoju firmu<\/strong>, <strong>vy\u0161kol\u00edme V\u00e1s na pr\u00e1cu so softwarom<\/strong><\/span>, nau\u010d\u00edme V\u00e1s, ako <span style=\"color: #000080;\"><strong>opracov\u00e1va\u0165 r\u00f4zne druhy materi\u00e1lov<\/strong><\/span> a porad\u00edme V\u00e1m r\u00f4zne triky z praxe, dod\u00e1me v\u00e1m materi\u00e1ly na v\u00fdrobu at\u010f.<\/span><br \/>\n<span style=\"font-size: 10pt; color: #000000;\">Rozumieme nielen strojom a servisu ale aj v\u00fdrobe, preto\u017ee v\u0161etci na\u0161i technici maj\u00fa sk\u00fasenost\u00ed v re\u00e1lnej v\u00fdrobnej prev\u00e1dzke.<\/span><br \/>\n<strong style=\"color: #333399; font-size: 12pt;\"><span style=\"font-size: 10pt; color: #000080;\">ROZUMIEME STROJOM A ROZUMIEME AJ V\u00c1M..<\/span><\/strong><\/p>\n<hr \/>\n<p><img decoding=\"async\" class=\"alignright\" src=\"http:\/\/uhal.sk\/staging-uhal-sk\/wp-content\/uploads\/2018\/11\/mapa-lasery2018-sk-web.jpg\" alt=\"\" width=\"731\" height=\"427\" \/><\/p>\n<p>&nbsp;<\/p>\n<p><em><span style=\"font-size: 10pt;\">Na\u0161e referencie:<br \/>\n&#8211; Kanovits M\u00e9dia<br \/>\n&#8211; Pamas Tren\u010d\u00edn<br \/>\n&#8211; At\u00f3mov\u00e9 elektr\u00e1rne Mochovce<\/span><\/em><br \/>\n<em><span style=\"font-size: 10pt;\"> &#8211; Matador P\u00fachov<\/span><\/em><br \/>\n<em><span style=\"font-size: 10pt;\"> &#8211; OSRAM Nov\u00e9 Z\u00e1mky<\/span><\/em><br \/>\n<em><span style=\"font-size: 10pt;\"> &#8211; SEC lighting s.r.o. Nitra<\/span><\/em><br \/>\n<em><span style=\"font-size: 10pt;\"> &#8211; Vysok\u00e1 \u0161kola um\u011bleckopr\u016fmyslov\u00e1 v Praze<\/span><\/em><br \/>\n<em><span style=\"font-size: 10pt;\"> &#8211; Vysok\u00e1 \u0161kola v\u00fdtvarn\u00fdch umen\u00ed v Bratislave<\/span><\/em><\/p>\n<p><em><span style=\"font-size: 10pt;\">a mnoho \u010fal\u0161ich firiem z oblasti reklamy, signmakingu, drev\u00e1rstva a priemyslu<\/span><\/em><\/p>\n<p>&nbsp;<\/p>\n<p>&nbsp;<\/p>\n<hr \/>\n<p><strong><span style=\"color: #333399; font-size: 14pt;\">Na\u0161e ocenenia<\/span><\/strong><\/p>\n<p style=\"text-align: left;\"><span style=\"font-size: 12pt;\">Stali sme sa <strong>najlep\u0161\u00edmi predajcami laserov Epilog pre roky 2008, 2009, 2010, 2014, 2015, 2016 a 2017<\/strong> s najviac predan\u00fdmi lasermi vo v\u00fdchodnej a strednej Eur\u00f3pe.<br \/>\n<\/span><\/p>\n<p style=\"text-align: left;\"><img decoding=\"async\" class=\"alignleft\" src=\"http:\/\/uhal.sk\/staging-uhal-sk\/wp-content\/uploads\/2014\/10\/plaketa-2008-web.jpg\" alt=\"\" width=\"184\" height=\"227\" \/><img loading=\"lazy\" decoding=\"async\" class=\"alignleft\" src=\"http:\/\/uhal.sk\/staging-uhal-sk\/wp-content\/uploads\/2014\/10\/plaketa-2009-web.jpg\" alt=\"\" width=\"184\" height=\"227\" \/><\/p>\n<p style=\"text-align: left;\"><img loading=\"lazy\" decoding=\"async\" class=\"alignleft\" src=\"http:\/\/uhal.sk\/staging-uhal-sk\/wp-content\/uploads\/2014\/10\/plaketa-2010-web.jpg\" alt=\"\" width=\"184\" height=\"227\" \/><\/p>\n<p>&nbsp;<\/p>\n<p>&nbsp;<\/p>\n<p>&nbsp;<\/p>\n<p>&nbsp;<\/p>\n<p>&nbsp;<\/p>\n<p>&nbsp;<\/p>\n<p>&nbsp;<\/p>\n<p><img loading=\"lazy\" decoding=\"async\" class=\"wp-image-1369 alignleft\" src=\"http:\/\/uhal.sk\/staging-uhal-sk\/wp-content\/uploads\/2015\/05\/ocenenie.jpg\" alt=\"\" width=\"289\" height=\"228\" srcset=\"https:\/\/uhal.sk\/wp-content\/uploads\/2015\/05\/ocenenie.jpg 787w, https:\/\/uhal.sk\/wp-content\/uploads\/2015\/05\/ocenenie-300x237.jpg 300w, https:\/\/uhal.sk\/wp-content\/uploads\/2015\/05\/ocenenie-335x265.jpg 335w, https:\/\/uhal.sk\/wp-content\/uploads\/2015\/05\/ocenenie-80x63.jpg 80w, https:\/\/uhal.sk\/wp-content\/uploads\/2015\/05\/ocenenie-130x103.jpg 130w\" sizes=\"(max-width: 289px) 100vw, 289px\" \/><img loading=\"lazy\" decoding=\"async\" class=\"aligncenter wp-image-1566\" src=\"http:\/\/uhal.sk\/staging-uhal-sk\/wp-content\/uploads\/2016\/06\/plaketa-2015-e1465372173794.jpg\" alt=\"\" width=\"288\" height=\"226\" \/><\/p>\n<p><span class=\"article_separator\">\u00a0<\/span><\/p>\n<p>&nbsp;<\/p>\n","protected":false},"excerpt":{"rendered":"<p>UHAL TRADE &#8211; \u0160PECIALISTI NA LASEROV\u00c9 SYST\u00c9MY Uhal trade s.r.o. bola zalo\u017een\u00e1\u00a0 v roku 2007, ako sestersk\u00e1 firma slovenskej firmy Agent\u00fara Uhal, ktor\u00e1 je na trhu od roku 1991. Prevzala po nej predaj laserov\u00fdch zariaden\u00ed.\u00a0 Uhal trade poskytuje profesion\u00e1lny predajn\u00fd a popredajov\u00fd servis pre z\u00e1kazn\u00edkov v Slovenskej a \u010ceskej republike. Sme distrib\u00fatori laserov EPILOG, SEI, DATALOGIC, RMI, SYNRAD a RADIANT. Pre lep\u0161iu starostlivos\u0165 o \u010cesk\u00fdch z\u00e1kazn\u00edkov sme v janu\u00e1ri 2014 zalo\u017eili \u010desk\u00fa firmu Uhal trade cz, ktor\u00e1 nadv\u00e4zuje na \u00faspechy firmy Uhal trade. Hlavnou \u0161pecializ\u00e1ciou na\u0161ich firiem je poradenstvo a&nbsp;<a href=\"https:\/\/uhal.sk\/?page_id=182\" class=\"read-more\">Continue Reading<\/a><\/p>\n","protected":false},"author":2,"featured_media":0,"parent":0,"menu_order":0,"comment_status":"open","ping_status":"open","template":"page-fullwidth.php","meta":{"advgb_blocks_editor_width":"","advgb_blocks_columns_visual_guide":"","footnotes":""},"class_list":["post-182","page","type-page","status-publish","hentry"],"aioseo_notices":[],"coauthors":[],"author_meta":{"author_link":"https:\/\/uhal.sk\/?author=2","display_name":"Franti\u0161ek Uhal"},"relative_dates":{"created":"Posted 12 rokov ago","modified":"Updated 7 rokov ago"},"absolute_dates":{"created":"Posted on 6. septembra 2014","modified":"Updated on 26. j\u00fana 2019"},"absolute_dates_time":{"created":"Posted on 6. septembra 2014 14:00","modified":"Updated on 26. j\u00fana 2019 7:43"},"featured_img_caption":"","featured_img":false,"series_order":"","_links":{"self":[{"href":"https:\/\/uhal.sk\/index.php?rest_route=\/wp\/v2\/pages\/182","targetHints":{"allow":["GET"]}}],"collection":[{"href":"https:\/\/uhal.sk\/index.php?rest_route=\/wp\/v2\/pages"}],"about":[{"href":"https:\/\/uhal.sk\/index.php?rest_route=\/wp\/v2\/types\/page"}],"author":[{"embeddable":true,"href":"https:\/\/uhal.sk\/index.php?rest_route=\/wp\/v2\/users\/2"}],"replies":[{"embeddable":true,"href":"https:\/\/uhal.sk\/index.php?rest_route=%2Fwp%2Fv2%2Fcomments&post=182"}],"version-history":[{"count":74,"href":"https:\/\/uhal.sk\/index.php?rest_route=\/wp\/v2\/pages\/182\/revisions"}],"predecessor-version":[{"id":2365,"href":"https:\/\/uhal.sk\/index.php?rest_route=\/wp\/v2\/pages\/182\/revisions\/2365"}],"wp:attachment":[{"href":"https:\/\/uhal.sk\/index.php?rest_route=%2Fwp%2Fv2%2Fmedia&parent=182"}],"curies":[{"name":"wp","href":"https:\/\/api.w.org\/{rel}","templated":true}]}}