{"id":2,"date":"2014-09-02T20:41:48","date_gmt":"2014-09-02T20:41:48","guid":{"rendered":"http:\/\/uhal.cz\/?page_id=2"},"modified":"2021-06-09T10:20:00","modified_gmt":"2021-06-09T08:20:00","slug":"ukazka-strany","status":"publish","type":"page","link":"https:\/\/uhal.sk\/","title":{"rendered":"\u00daVOD"},"content":{"rendered":"<p style=\"text-align: center;\"><strong><span style=\"font-family: arial, helvetica, sans-serif; font-size: 14pt; color: #ff9900;\">U\u017d VIACEJ AKO 15 ROKOV POM\u00c1HAME ROZBIEHA\u0164 \u00daSPE\u0160N\u00c9 PODNIKANIA V LASEROVOM GRAV\u00cdROVAN\u00cd A V SIGNMAKINGU.<\/span><\/strong><\/p>\n<p style=\"text-align: center;\"><span style=\"color: #800000; font-family: arial, helvetica, sans-serif; font-size: 14pt;\"><span style=\"color: #333333;\"><span style=\"font-size: 12pt;\"><strong>Pridajte sa k na\u0161\u00edm \u00faspe\u0161n\u00fdm z\u00e1kazn\u00edkom!<\/strong><\/span><br><\/span><strong><br><\/strong><span style=\"color: #ff9900;\">PORAD\u00cdME &#8211; DOD\u00c1ME POTREBN\u00c9 ZARIADENIA &#8211; ZA\u0160KOL\u00cdME &#8211; DOD\u00c1ME MATERI\u00c1L NA V\u00ddROBU<\/span><\/span><\/p>\n<p style=\"text-align: left;\"><span style=\"color: #800000; font-family: arial, helvetica, sans-serif;\"><strong><br><span style=\"color: #333333;\">UHAL trade je popredn\u00fd dod\u00e1vate\u013e:<\/span><\/strong><\/span><\/p>\n<ul>\n<li><span style=\"color: #333333; font-family: arial, helvetica, sans-serif;\"><strong>Laserov\u00fdch syst\u00e9mov <\/strong>\u2013 v na\u0161ej ponuke je viacej ako 50 r\u00f4znych modelov pre r\u00f4zne aplik\u00e1cie<\/span><\/li>\n<li><span style=\"color: #333333; font-family: arial, helvetica, sans-serif;\"><strong>Zariadenia pre signmaking a reklamu <\/strong>\u2013 tla\u010diarn\u00ed, rezac\u00edch plotrov, lisov\u2026<\/span><\/li>\n<li><span style=\"color: #333333; font-family: arial, helvetica, sans-serif;\"><strong>Materi\u00e1lov pre laser, signmaking, sublim\u00e1ciu, software a grafick\u00fdch motivov<\/strong><\/span><\/li>\n<\/ul>\n\n\n<div class=\"wp-block-advgb-columns advgb-columns-wrapper\" id=\"advgb-cols-b3fd2b3b-643c-4bf3-87b8-333f9d6552dc\"><div class=\"advgb-columns-container\"><div class=\"advgb-columns advgb-columns-row advgb-is-mobile advgb-columns-3 layout-13-13-13 mbl-layout-stacked gutter-10 vgutter-10\">\n<div class=\"wp-block-advgb-column advgb-column advgb-is-one-third-tablet advgb-is-full-mobile\" id=\"advgb-col-79c2ea88-32f9-49aa-b765-27d1122aae0d\"><div class=\"advgb-column-inner\" style=\"border-style:none;border-width:1px\">\n<figure class=\"wp-block-image is-resized\"><a href=\"https:\/\/uhal.sk\/staging-uhal-sk\/produkty\/laserove-systemy\/\"><img decoding=\"async\" src=\"http:\/\/uhal.sk\/staging-uhal-sk\/wp-content\/uploads\/2021\/01\/laserove-systemy-tlacitko.jpg\" alt=\"\" class=\"wp-image-3048\" width=\"500\" srcset=\"https:\/\/uhal.sk\/wp-content\/uploads\/2021\/01\/laserove-systemy-tlacitko.jpg 600w, https:\/\/uhal.sk\/wp-content\/uploads\/2021\/01\/laserove-systemy-tlacitko-300x200.jpg 300w, https:\/\/uhal.sk\/wp-content\/uploads\/2021\/01\/laserove-systemy-tlacitko-335x223.jpg 335w, https:\/\/uhal.sk\/wp-content\/uploads\/2021\/01\/laserove-systemy-tlacitko-80x53.jpg 80w, https:\/\/uhal.sk\/wp-content\/uploads\/2021\/01\/laserove-systemy-tlacitko-130x87.jpg 130w\" sizes=\"(max-width: 600px) 100vw, 600px\" \/><\/a><\/figure>\n<\/div><\/div>\n\n\n\n<div class=\"wp-block-advgb-column advgb-column advgb-is-one-third-tablet advgb-is-full-mobile\" id=\"advgb-col-02e039c2-c56d-4b99-b9f4-de857bc09547\"><div class=\"advgb-column-inner\" style=\"border-style:none;border-width:1px\">\n<figure class=\"wp-block-image is-resized\"><a href=\"https:\/\/uhal.sk\/staging-uhal-sk\/produkty\/zariadenia-pre-signmaking\/\"><img decoding=\"async\" src=\"http:\/\/uhal.sk\/staging-uhal-sk\/wp-content\/uploads\/2021\/01\/signmaking.jpg\" alt=\"\" class=\"wp-image-3049\" width=\"500\" srcset=\"https:\/\/uhal.sk\/wp-content\/uploads\/2021\/01\/signmaking.jpg 600w, https:\/\/uhal.sk\/wp-content\/uploads\/2021\/01\/signmaking-300x200.jpg 300w, https:\/\/uhal.sk\/wp-content\/uploads\/2021\/01\/signmaking-335x223.jpg 335w, https:\/\/uhal.sk\/wp-content\/uploads\/2021\/01\/signmaking-80x53.jpg 80w, https:\/\/uhal.sk\/wp-content\/uploads\/2021\/01\/signmaking-130x87.jpg 130w\" sizes=\"(max-width: 600px) 100vw, 600px\" \/><\/a><\/figure>\n<\/div><\/div>\n\n\n\n<div class=\"wp-block-advgb-column advgb-column advgb-is-one-third-tablet advgb-is-full-mobile\" id=\"advgb-col-748475ad-f750-4fc1-9af5-949e6a7a7269\"><div class=\"advgb-column-inner\" style=\"border-style:none;border-width:1px\">\n<figure class=\"wp-block-image is-resized\"><a href=\"https:\/\/www.uhaleshop.sk\/\" target=\"_blank\" rel=\"noreferrer noopener\"><img decoding=\"async\" src=\"http:\/\/uhal.sk\/staging-uhal-sk\/wp-content\/uploads\/2021\/01\/eshop-materialy.jpg\" alt=\"\" class=\"wp-image-3050\" width=\"500\" srcset=\"https:\/\/uhal.sk\/wp-content\/uploads\/2021\/01\/eshop-materialy.jpg 600w, https:\/\/uhal.sk\/wp-content\/uploads\/2021\/01\/eshop-materialy-300x200.jpg 300w, https:\/\/uhal.sk\/wp-content\/uploads\/2021\/01\/eshop-materialy-335x223.jpg 335w, https:\/\/uhal.sk\/wp-content\/uploads\/2021\/01\/eshop-materialy-80x53.jpg 80w, https:\/\/uhal.sk\/wp-content\/uploads\/2021\/01\/eshop-materialy-130x87.jpg 130w\" sizes=\"(max-width: 600px) 100vw, 600px\" \/><\/a><\/figure>\n<\/div><\/div>\n<\/div><\/div><\/div>\n\n\n\n<h1 class=\"wp-block-heading\"> <\/h1>\n\n\n\n<hr class=\"wp-block-separator\"\/>\n\n\n\n<h2 class=\"wp-block-heading\"><\/h2>\n\n\n\n<h3 class=\"wp-block-heading\"><span style=\"font-weight: 600; color: #993300;\">NOVINKY<\/span><\/h3>\n\n\n\n<h2 class=\"wp-block-heading\"><\/h2>\n\n\n\n<div class=\"wp-block-advgb-columns advgb-columns-wrapper\" id=\"advgb-cols-fce1ecc7-d6d8-4208-be71-dc84f62d2f76\"><div class=\"advgb-columns-container\"><div class=\"advgb-columns advgb-columns-row advgb-is-mobile advgb-columns-4 layout-14-14-14-14 mbl-layout-stacked gutter-10 vgutter-10\">\n<div class=\"wp-block-advgb-column advgb-column advgb-is-one-quarter-tablet advgb-is-full-mobile\" id=\"advgb-col-69403b90-cd24-44f5-b10d-2bbd265df252\"><div class=\"advgb-column-inner\" style=\"border-style:none;border-width:1px\">\n<div class=\"wp-block-image\"><figure class=\"aligncenter\"><a href=\"https:\/\/uhal.sk\/staging-uhal-sk\/produkty\/laserove-systemy\/epilog-laser\/epilog-legend-serie\/\"><img fetchpriority=\"high\" decoding=\"async\" width=\"690\" height=\"394\" src=\"http:\/\/uhal.sk\/staging-uhal-sk\/wp-content\/uploads\/2020\/11\/fusion-edge.jpg\" alt=\"\" class=\"wp-image-2906\" srcset=\"https:\/\/uhal.sk\/wp-content\/uploads\/2020\/11\/fusion-edge.jpg 690w, https:\/\/uhal.sk\/wp-content\/uploads\/2020\/11\/fusion-edge-300x171.jpg 300w, https:\/\/uhal.sk\/wp-content\/uploads\/2020\/11\/fusion-edge-335x191.jpg 335w, https:\/\/uhal.sk\/wp-content\/uploads\/2020\/11\/fusion-edge-80x46.jpg 80w, https:\/\/uhal.sk\/wp-content\/uploads\/2020\/11\/fusion-edge-130x74.jpg 130w, https:\/\/uhal.sk\/wp-content\/uploads\/2020\/11\/fusion-edge-460x262.jpg 460w\" sizes=\"(max-width: 690px) 100vw, 690px\" \/><\/a><figcaption><strong>NOV\u00dd EPILOG FUSION EDGE 12 a 24<\/strong><\/figcaption><\/figure><\/div>\n\n\n\n<p style=\"text-align:center\">Firma Epilog predstavila novinku<br>\u0161pi\u010dkov\u00e9 lasery Epilog Fusion EDGE 12 a 24.<br>Nahr\u00e1dzaj\u00fa tak ve\u013emi \u00faspe\u0161n\u00e9 modely<br>Epilog Mini a Helix, ktor\u00e9 <br>boli najpred\u00e1vanej\u0161imi maloform\u00e1tov\u00fdmi lasermi na na\u0161om trhu viacej ako 10 rokov. <br><a href=\"https:\/\/uhal.sk\/staging-uhal-sk\/produkty\/laserove-systemy\/epilog-laser\/epilog-legend-serie\/\">Viacej info&#8230;<\/a><\/p>\n<\/div><\/div>\n\n\n\n<div class=\"wp-block-advgb-column advgb-column advgb-is-one-quarter-tablet advgb-is-full-mobile\" id=\"advgb-col-76bb8d2e-fe14-41ed-b415-27744f81954b\"><div class=\"advgb-column-inner\" style=\"border-style:none;border-width:1px\">\n<div class=\"wp-block-image\"><figure class=\"aligncenter\"><a href=\"https:\/\/uhal.sk\/staging-uhal-sk\/servis\/\"><img decoding=\"async\" width=\"802\" height=\"458\" src=\"http:\/\/uhal.sk\/staging-uhal-sk\/wp-content\/uploads\/2021\/01\/laser-servis-1.jpg\" alt=\"\" class=\"wp-image-3074\" srcset=\"https:\/\/uhal.sk\/wp-content\/uploads\/2021\/01\/laser-servis-1.jpg 802w, https:\/\/uhal.sk\/wp-content\/uploads\/2021\/01\/laser-servis-1-300x171.jpg 300w, https:\/\/uhal.sk\/wp-content\/uploads\/2021\/01\/laser-servis-1-768x439.jpg 768w, https:\/\/uhal.sk\/wp-content\/uploads\/2021\/01\/laser-servis-1-335x191.jpg 335w, https:\/\/uhal.sk\/wp-content\/uploads\/2021\/01\/laser-servis-1-80x46.jpg 80w, https:\/\/uhal.sk\/wp-content\/uploads\/2021\/01\/laser-servis-1-130x74.jpg 130w, https:\/\/uhal.sk\/wp-content\/uploads\/2021\/01\/laser-servis-1-460x262.jpg 460w\" sizes=\"(max-width: 802px) 100vw, 802px\" \/><\/a><figcaption><strong>SERVIS AJ PRE V\u00c1\u0160 LASER<\/strong><\/figcaption><\/figure><\/div>\n\n\n\n<p style=\"text-align:center\">Nechajte starosti zo servisom na na\u0161ich<br>\u0161pecialistov! Sprav\u00edme servis aj na lasery, ktor\u00e9 ste nez\u00e1kupili u n\u00e1s.<br>Rob\u00edme servis laserov r\u00f4znych<br>zna\u010diek aj dovezen\u00fdch z \u010c\u00edny!<br>Pon\u00fakame v\u00fdhodn\u00e9 servisn\u00e9 zmluvy.<br><a href=\"https:\/\/uhal.sk\/staging-uhal-sk\/servis\/\">Viacej info&#8230;<\/a><\/p>\n<\/div><\/div>\n\n\n\n<div class=\"wp-block-advgb-column advgb-column advgb-is-one-quarter-tablet advgb-is-full-mobile\" id=\"advgb-col-42e6f6c2-813c-4315-ab66-22a5f48b30d2\"><div class=\"advgb-column-inner\" style=\"border-style:none;border-width:1px\">\n<div class=\"wp-block-image\"><figure class=\"aligncenter\"><a href=\"https:\/\/aeonlaser.eu\/\"><img decoding=\"async\" width=\"802\" height=\"458\" src=\"https:\/\/uhal.sk\/staging-uhal-sk\/wp-content\/uploads\/2021\/06\/aeon-inside.jpg\" alt=\"\" class=\"wp-image-4400\" srcset=\"https:\/\/uhal.sk\/wp-content\/uploads\/2021\/06\/aeon-inside.jpg 802w, https:\/\/uhal.sk\/wp-content\/uploads\/2021\/06\/aeon-inside-300x171.jpg 300w, https:\/\/uhal.sk\/wp-content\/uploads\/2021\/06\/aeon-inside-768x439.jpg 768w, https:\/\/uhal.sk\/wp-content\/uploads\/2021\/06\/aeon-inside-335x191.jpg 335w, https:\/\/uhal.sk\/wp-content\/uploads\/2021\/06\/aeon-inside-80x46.jpg 80w, https:\/\/uhal.sk\/wp-content\/uploads\/2021\/06\/aeon-inside-130x74.jpg 130w, https:\/\/uhal.sk\/wp-content\/uploads\/2021\/06\/aeon-inside-460x262.jpg 460w\" sizes=\"(max-width: 802px) 100vw, 802px\" \/><\/a><figcaption><strong>AEON LASERY<\/strong><\/figcaption><\/figure><\/div>\n\n\n\n<p style=\"text-align:center\">Pon\u00fakame aj ekonomick\u00e9 lasery zna\u010dky AEON. Maj\u00fa vynikj\u00face dielensk\u00e9 spracovanie, all in one design a v\u00fdborn\u00fa cenu. <br><strong>Bli\u017e\u0161ie inform\u00e1cie na samostatnej<\/strong><br><strong> <a href=\"https:\/\/aeonlaser.eu\/\">str\u00e1nke.<\/a><\/strong><br><\/p>\n<\/div><\/div>\n\n\n\n<div class=\"wp-block-advgb-column advgb-column advgb-is-one-quarter-tablet advgb-is-full-mobile\" id=\"advgb-col-9f746ee5-16e4-4f78-ad35-50e9474ba75a\"><div class=\"advgb-column-inner\" style=\"border-style:none;border-width:1px\">\n<div class=\"wp-block-image\"><figure class=\"aligncenter\"><a href=\"https:\/\/uhal.sk\/staging-uhal-sk\/produkty\/tiskarny\/uv-tiskarny\/\"><img loading=\"lazy\" decoding=\"async\" width=\"476\" height=\"272\" src=\"http:\/\/uhal.sk\/staging-uhal-sk\/wp-content\/uploads\/2021\/01\/GCC-JF240UV-2.png\" alt=\"\" class=\"wp-image-3125\" srcset=\"https:\/\/uhal.sk\/wp-content\/uploads\/2021\/01\/GCC-JF240UV-2.png 476w, https:\/\/uhal.sk\/wp-content\/uploads\/2021\/01\/GCC-JF240UV-2-300x171.png 300w, https:\/\/uhal.sk\/wp-content\/uploads\/2021\/01\/GCC-JF240UV-2-335x191.png 335w, https:\/\/uhal.sk\/wp-content\/uploads\/2021\/01\/GCC-JF240UV-2-80x46.png 80w, https:\/\/uhal.sk\/wp-content\/uploads\/2021\/01\/GCC-JF240UV-2-130x74.png 130w, https:\/\/uhal.sk\/wp-content\/uploads\/2021\/01\/GCC-JF240UV-2-460x262.png 460w\" sizes=\"(max-width: 476px) 100vw, 476px\" \/><\/a><figcaption><strong>NAJV\u0160ESTRANNEJ\u0160IA<br>UV TLA\u010cIARE\u0147<\/strong><\/figcaption><\/figure><\/div>\n\n\n\n<p style=\"text-align:center\">Tla\u010diare\u0148 GCC JF240 UV vie potl\u00e1\u010da\u0165 reklamn\u00e9 predmety, doskov\u00fd materi\u00e1l, rota\u010dn\u00e9 predmety, samolepiace f\u00f3lie v rolke, vytv\u00e1ra\u0165 zlat\u00e9 a metalick\u00e9 efekty, 3D reli\u00e9f, parci\u00e1lne lakovanie&#8230;<br><a href=\"https:\/\/uhal.sk\/staging-uhal-sk\/produkty\/tiskarny\/uv-tiskarny\/\">Viacej info&#8230;<\/a><\/p>\n<\/div><\/div>\n<\/div><\/div><\/div>\n\n\n\n<hr class=\"wp-block-separator\"\/>\n\n\n\n<p><span style=\"color: #ffffff;\">aaaaaaaaaaaaaaaaaa<\/span><\/p>\n\n\n\n<h3 class=\"wp-block-heading\"><span style=\"font-weight: 600; color: #993300;\">ZA\u010cNITE S LASEROV\u00ddM GRAV\u00cdROVAN\u00cdM, POM\u00d4\u017dEME V\u00c1M!<\/span><\/h3>\n\n\n\n<div class=\"wp-block-advgb-columns advgb-columns-wrapper\" id=\"advgb-cols-f92f82cd-4ec3-4be2-af90-be2c632b0aad\"><div class=\"advgb-columns-container\"><div class=\"advgb-columns advgb-columns-row advgb-is-mobile advgb-columns-2 layout-12-12 mbl-layout-stacked gutter-10 vgutter-10\">\n<div class=\"wp-block-advgb-column advgb-column advgb-is-half-tablet advgb-is-full-mobile\" id=\"advgb-col-f04518d5-4ebd-44d7-a48b-bd9eae00776f\"><div class=\"advgb-column-inner\" style=\"border-style:none;border-width:1px\">\n<div class=\"wp-block-image\"><figure class=\"aligncenter\"><a href=\"https:\/\/uhal.sk\/staging-uhal-sk\/poslite-mi-prirucku-ako-zacat-podnikat-v-laserovom-gravirovani\/\"><img loading=\"lazy\" decoding=\"async\" width=\"690\" height=\"394\" src=\"https:\/\/uhal.sk\/staging-uhal-sk\/wp-content\/uploads\/2021\/01\/Prirucka-ako-zacat.jpg\" alt=\"\" class=\"wp-image-3139\" srcset=\"https:\/\/uhal.sk\/wp-content\/uploads\/2021\/01\/Prirucka-ako-zacat.jpg 690w, https:\/\/uhal.sk\/wp-content\/uploads\/2021\/01\/Prirucka-ako-zacat-300x171.jpg 300w, https:\/\/uhal.sk\/wp-content\/uploads\/2021\/01\/Prirucka-ako-zacat-335x191.jpg 335w, https:\/\/uhal.sk\/wp-content\/uploads\/2021\/01\/Prirucka-ako-zacat-80x46.jpg 80w, https:\/\/uhal.sk\/wp-content\/uploads\/2021\/01\/Prirucka-ako-zacat-130x74.jpg 130w, https:\/\/uhal.sk\/wp-content\/uploads\/2021\/01\/Prirucka-ako-zacat-460x262.jpg 460w\" sizes=\"(max-width: 690px) 100vw, 690px\" \/><\/a><figcaption><strong><a href=\"https:\/\/uhal.sk\/staging-uhal-sk\/poslite-mi-prirucku-ako-zacat-podnikat-v-laserovom-gravirovani\/\">PO\u0160LITE MI PR\u00cdRU\u010cKU AKO ZA\u010cA\u0164 PODNIKA\u0164 V LASEROVOM GRAV\u00cdROVAN\u00cd<\/a><\/strong><\/figcaption><\/figure><\/div>\n\n\n\n<p style=\"text-align:center\">Pr\u00edru\u010dku sme zostavili spolu s firmou Epilog laser.<br>Dozvirte sa \u010do potrebujete aby ste mohli za\u010da\u0165, ako zostavi\u0165 podnikate\u013esk\u00fd pl\u00e1n,<br>ako vybra\u0165 vhodn\u00fd laser, ako vypo\u010d\u00edta\u0165 cenu za grav\u00edrovanie, ako propagova\u0165<br>va\u0161u firmu a mnoho \u010fal\u0161\u00edch u\u017eito\u010dn\u00fdch inform\u00e1cii. <br>Pr\u00edru\u010dku V\u00e1m po\u0161leme, sta\u010d\u00ed len vyplni\u0165 tento <a href=\"http:\/\/uhal.sk\/staging-uhal-sk\/poslite-mi-prirucku-ako-zacat-podnikat-v-laserovom-gravirovani\/\">formul\u00e1<\/a><a href=\"https:\/\/uhal.sk\/staging-uhal-sk\/poslite-mi-zdarma-prirucku\/\">r.<\/a><\/p>\n<\/div><\/div>\n\n\n\n<div class=\"wp-block-advgb-column advgb-column advgb-is-half-tablet advgb-is-full-mobile\" id=\"advgb-col-250d0602-5dc8-477f-939c-3ca115531901\"><div class=\"advgb-column-inner\" style=\"border-style:none;border-width:1px\">\n<div class=\"wp-block-image\"><figure class=\"aligncenter\"><a href=\"https:\/\/uhal.sk\/staging-uhal-sk\/poslite-mi-prirucku-ako-zacat-podnikat-v-laserovom-gravirovani\/\"><img loading=\"lazy\" decoding=\"async\" width=\"690\" height=\"394\" src=\"https:\/\/uhal.sk\/staging-uhal-sk\/wp-content\/uploads\/2021\/01\/chcem-sa-poradit-s-vyberom-lasera-2.jpg\" alt=\"\" class=\"wp-image-4205\" srcset=\"https:\/\/uhal.sk\/wp-content\/uploads\/2021\/01\/chcem-sa-poradit-s-vyberom-lasera-2.jpg 690w, https:\/\/uhal.sk\/wp-content\/uploads\/2021\/01\/chcem-sa-poradit-s-vyberom-lasera-2-300x171.jpg 300w, https:\/\/uhal.sk\/wp-content\/uploads\/2021\/01\/chcem-sa-poradit-s-vyberom-lasera-2-335x191.jpg 335w, https:\/\/uhal.sk\/wp-content\/uploads\/2021\/01\/chcem-sa-poradit-s-vyberom-lasera-2-80x46.jpg 80w, https:\/\/uhal.sk\/wp-content\/uploads\/2021\/01\/chcem-sa-poradit-s-vyberom-lasera-2-130x74.jpg 130w, https:\/\/uhal.sk\/wp-content\/uploads\/2021\/01\/chcem-sa-poradit-s-vyberom-lasera-2-460x262.jpg 460w\" sizes=\"(max-width: 690px) 100vw, 690px\" \/><\/a><figcaption><strong><a href=\"https:\/\/uhal.sk\/staging-uhal-sk\/sluzby\/jak-vybrat-laser\/chci-poradit-s-vyberem-vhodneho-laseru\/\">CHCEM PORADI\u0164 S V\u00ddBEROM VHODN\u00c9HO LASERA<\/a><\/strong><\/figcaption><\/figure><\/div>\n\n\n\n<p style=\"text-align:center\">Chcete k\u00fapi\u0165 vhodn\u00fd laser ale nie ste si ist\u00fd, ktor\u00fd typ by bol vhodn\u00fd pre va\u0161u pr\u00e1cu. Radi sa podel\u00edme s vami o na\u0161e sk\u00fasenosti a porad\u00edme V\u00e1m.<\/p>\n<\/div><\/div>\n<\/div><\/div><\/div>\n\n\n\n<hr class=\"wp-block-separator\"\/>\n\n\n\n<h3 class=\"wp-block-heading\"><\/h3>\n\n\n\n<h3 class=\"wp-block-heading\"><span style=\"font-weight: 600; color: #993300;\">ZA\u010cNITE PODNIKA\u0164 V SIGNMAKINGU. PORAD\u00cdME V\u00c1M!<\/span><\/h3>\n\n\n\n<p><a href=\"http:\/\/uhal.sk\/staging-uhal-sk\/finacovanie\/\">&nbsp;<\/a><\/p>\n\n\n\n<p><\/p>\n<style class=\"advgb-styles-renderer\">#advgb-col-79c2ea88-32f9-49aa-b765-27d1122aae0d>.advgb-column-inner{}@media screen and (max-width: 1023px) {#advgb-col-79c2ea88-32f9-49aa-b765-27d1122aae0d>.advgb-column-inner{}}@media screen and (max-width: 767px) {#advgb-col-79c2ea88-32f9-49aa-b765-27d1122aae0d>.advgb-column-inner{}}#advgb-col-02e039c2-c56d-4b99-b9f4-de857bc09547>.advgb-column-inner{}@media screen and (max-width: 1023px) {#advgb-col-02e039c2-c56d-4b99-b9f4-de857bc09547>.advgb-column-inner{}}@media screen and (max-width: 767px) {#advgb-col-02e039c2-c56d-4b99-b9f4-de857bc09547>.advgb-column-inner{}}#advgb-col-748475ad-f750-4fc1-9af5-949e6a7a7269>.advgb-column-inner{}@media screen and (max-width: 1023px) {#advgb-col-748475ad-f750-4fc1-9af5-949e6a7a7269>.advgb-column-inner{}}@media screen and (max-width: 767px) {#advgb-col-748475ad-f750-4fc1-9af5-949e6a7a7269>.advgb-column-inner{}}#advgb-cols-b3fd2b3b-643c-4bf3-87b8-333f9d6552dc{}@media screen and (max-width: 1023px) {#advgb-cols-b3fd2b3b-643c-4bf3-87b8-333f9d6552dc{}}@media screen and (max-width: 767px) {#advgb-cols-b3fd2b3b-643c-4bf3-87b8-333f9d6552dc{}}#advgb-col-79c2ea88-32f9-49aa-b765-27d1122aae0d>.advgb-column-inner{}@media screen and (max-width: 1023px) {#advgb-col-79c2ea88-32f9-49aa-b765-27d1122aae0d>.advgb-column-inner{}}@media screen and (max-width: 767px) {#advgb-col-79c2ea88-32f9-49aa-b765-27d1122aae0d>.advgb-column-inner{}}#advgb-col-02e039c2-c56d-4b99-b9f4-de857bc09547>.advgb-column-inner{}@media screen and (max-width: 1023px) {#advgb-col-02e039c2-c56d-4b99-b9f4-de857bc09547>.advgb-column-inner{}}@media screen and (max-width: 767px) {#advgb-col-02e039c2-c56d-4b99-b9f4-de857bc09547>.advgb-column-inner{}}#advgb-col-748475ad-f750-4fc1-9af5-949e6a7a7269>.advgb-column-inner{}@media screen and (max-width: 1023px) {#advgb-col-748475ad-f750-4fc1-9af5-949e6a7a7269>.advgb-column-inner{}}@media screen and (max-width: 767px) {#advgb-col-748475ad-f750-4fc1-9af5-949e6a7a7269>.advgb-column-inner{}}#advgb-col-69403b90-cd24-44f5-b10d-2bbd265df252>.advgb-column-inner{}@media screen and (max-width: 1023px) {#advgb-col-69403b90-cd24-44f5-b10d-2bbd265df252>.advgb-column-inner{}}@media screen and (max-width: 767px) {#advgb-col-69403b90-cd24-44f5-b10d-2bbd265df252>.advgb-column-inner{}}#advgb-col-76bb8d2e-fe14-41ed-b415-27744f81954b>.advgb-column-inner{}@media screen and (max-width: 1023px) {#advgb-col-76bb8d2e-fe14-41ed-b415-27744f81954b>.advgb-column-inner{}}@media screen and (max-width: 767px) {#advgb-col-76bb8d2e-fe14-41ed-b415-27744f81954b>.advgb-column-inner{}}#advgb-col-42e6f6c2-813c-4315-ab66-22a5f48b30d2>.advgb-column-inner{}@media screen and (max-width: 1023px) {#advgb-col-42e6f6c2-813c-4315-ab66-22a5f48b30d2>.advgb-column-inner{}}@media screen and (max-width: 767px) {#advgb-col-42e6f6c2-813c-4315-ab66-22a5f48b30d2>.advgb-column-inner{}}#advgb-col-9f746ee5-16e4-4f78-ad35-50e9474ba75a>.advgb-column-inner{}@media screen and (max-width: 1023px) {#advgb-col-9f746ee5-16e4-4f78-ad35-50e9474ba75a>.advgb-column-inner{}}@media screen and (max-width: 767px) {#advgb-col-9f746ee5-16e4-4f78-ad35-50e9474ba75a>.advgb-column-inner{}}#advgb-cols-fce1ecc7-d6d8-4208-be71-dc84f62d2f76{}@media screen and (max-width: 1023px) {#advgb-cols-fce1ecc7-d6d8-4208-be71-dc84f62d2f76{}}@media screen and (max-width: 767px) {#advgb-cols-fce1ecc7-d6d8-4208-be71-dc84f62d2f76{}}#advgb-col-69403b90-cd24-44f5-b10d-2bbd265df252>.advgb-column-inner{}@media screen and (max-width: 1023px) {#advgb-col-69403b90-cd24-44f5-b10d-2bbd265df252>.advgb-column-inner{}}@media screen and (max-width: 767px) {#advgb-col-69403b90-cd24-44f5-b10d-2bbd265df252>.advgb-column-inner{}}#advgb-col-76bb8d2e-fe14-41ed-b415-27744f81954b>.advgb-column-inner{}@media screen and (max-width: 1023px) {#advgb-col-76bb8d2e-fe14-41ed-b415-27744f81954b>.advgb-column-inner{}}@media screen and (max-width: 767px) {#advgb-col-76bb8d2e-fe14-41ed-b415-27744f81954b>.advgb-column-inner{}}#advgb-col-42e6f6c2-813c-4315-ab66-22a5f48b30d2>.advgb-column-inner{}@media screen and (max-width: 1023px) {#advgb-col-42e6f6c2-813c-4315-ab66-22a5f48b30d2>.advgb-column-inner{}}@media screen and (max-width: 767px) {#advgb-col-42e6f6c2-813c-4315-ab66-22a5f48b30d2>.advgb-column-inner{}}#advgb-col-9f746ee5-16e4-4f78-ad35-50e9474ba75a>.advgb-column-inner{}@media screen and (max-width: 1023px) {#advgb-col-9f746ee5-16e4-4f78-ad35-50e9474ba75a>.advgb-column-inner{}}@media screen and (max-width: 767px) {#advgb-col-9f746ee5-16e4-4f78-ad35-50e9474ba75a>.advgb-column-inner{}}#advgb-col-f04518d5-4ebd-44d7-a48b-bd9eae00776f>.advgb-column-inner{}@media screen and (max-width: 1023px) {#advgb-col-f04518d5-4ebd-44d7-a48b-bd9eae00776f>.advgb-column-inner{}}@media screen and (max-width: 767px) {#advgb-col-f04518d5-4ebd-44d7-a48b-bd9eae00776f>.advgb-column-inner{}}#advgb-col-250d0602-5dc8-477f-939c-3ca115531901>.advgb-column-inner{}@media screen and (max-width: 1023px) {#advgb-col-250d0602-5dc8-477f-939c-3ca115531901>.advgb-column-inner{}}@media screen and (max-width: 767px) {#advgb-col-250d0602-5dc8-477f-939c-3ca115531901>.advgb-column-inner{}}#advgb-cols-f92f82cd-4ec3-4be2-af90-be2c632b0aad{margin-bottom:40px;}@media screen and (max-width: 1023px) {#advgb-cols-f92f82cd-4ec3-4be2-af90-be2c632b0aad{}}@media screen and (max-width: 767px) {#advgb-cols-f92f82cd-4ec3-4be2-af90-be2c632b0aad{}}#advgb-col-f04518d5-4ebd-44d7-a48b-bd9eae00776f>.advgb-column-inner{}@media screen and (max-width: 1023px) {#advgb-col-f04518d5-4ebd-44d7-a48b-bd9eae00776f>.advgb-column-inner{}}@media screen and (max-width: 767px) {#advgb-col-f04518d5-4ebd-44d7-a48b-bd9eae00776f>.advgb-column-inner{}}#advgb-col-250d0602-5dc8-477f-939c-3ca115531901>.advgb-column-inner{}@media screen and (max-width: 1023px) {#advgb-col-250d0602-5dc8-477f-939c-3ca115531901>.advgb-column-inner{}}@media screen and (max-width: 767px) {#advgb-col-250d0602-5dc8-477f-939c-3ca115531901>.advgb-column-inner{}}<\/style>","protected":false},"excerpt":{"rendered":"<p>U\u017d VIACEJ AKO 15 ROKOV POM\u00c1HAME ROZBIEHA\u0164 \u00daSPE\u0160N\u00c9 PODNIKANIA V LASEROVOM GRAV\u00cdROVAN\u00cd A V SIGNMAKINGU. Pridajte sa k na\u0161\u00edm \u00faspe\u0161n\u00fdm z\u00e1kazn\u00edkom!PORAD\u00cdME &#8211; DOD\u00c1ME POTREBN\u00c9 ZARIADENIA &#8211; ZA\u0160KOL\u00cdME &#8211; DOD\u00c1ME MATERI\u00c1L NA V\u00ddROBU UHAL trade je popredn\u00fd dod\u00e1vate\u013e: Laserov\u00fdch syst\u00e9mov \u2013 v na\u0161ej ponuke je viacej ako 50 r\u00f4znych modelov pre r\u00f4zne aplik\u00e1cie Zariadenia pre signmaking a reklamu \u2013 tla\u010diarn\u00ed, rezac\u00edch plotrov, lisov\u2026 Materi\u00e1lov pre laser, signmaking, sublim\u00e1ciu, software a grafick\u00fdch motivov NOVINKY aaaaaaaaaaaaaaaaaa ZA\u010cNITE S LASEROV\u00ddM GRAV\u00cdROVAN\u00cdM, POM\u00d4\u017dEME V\u00c1M! ZA\u010cNITE PODNIKA\u0164 V SIGNMAKINGU. PORAD\u00cdME V\u00c1M! &nbsp;<\/p>\n","protected":false},"author":1,"featured_media":0,"parent":0,"menu_order":1,"comment_status":"open","ping_status":"open","template":"page-fullwidth.php","meta":{"advgb_blocks_editor_width":"","advgb_blocks_columns_visual_guide":"","footnotes":""},"class_list":["post-2","page","type-page","status-publish","hentry"],"aioseo_notices":[],"coauthors":[],"author_meta":{"author_link":"https:\/\/uhal.sk\/?author=1","display_name":"Juraj-SK"},"relative_dates":{"created":"Posted 12 rokov ago","modified":"Updated 5 rokov ago"},"absolute_dates":{"created":"Posted on 2. septembra 2014","modified":"Updated on 9. j\u00fana 2021"},"absolute_dates_time":{"created":"Posted on 2. septembra 2014 20:41","modified":"Updated on 9. j\u00fana 2021 10:20"},"featured_img_caption":"","featured_img":false,"series_order":"","_links":{"self":[{"href":"https:\/\/uhal.sk\/index.php?rest_route=\/wp\/v2\/pages\/2","targetHints":{"allow":["GET"]}}],"collection":[{"href":"https:\/\/uhal.sk\/index.php?rest_route=\/wp\/v2\/pages"}],"about":[{"href":"https:\/\/uhal.sk\/index.php?rest_route=\/wp\/v2\/types\/page"}],"author":[{"embeddable":true,"href":"https:\/\/uhal.sk\/index.php?rest_route=\/wp\/v2\/users\/1"}],"replies":[{"embeddable":true,"href":"https:\/\/uhal.sk\/index.php?rest_route=%2Fwp%2Fv2%2Fcomments&post=2"}],"version-history":[{"count":595,"href":"https:\/\/uhal.sk\/index.php?rest_route=\/wp\/v2\/pages\/2\/revisions"}],"predecessor-version":[{"id":4404,"href":"https:\/\/uhal.sk\/index.php?rest_route=\/wp\/v2\/pages\/2\/revisions\/4404"}],"wp:attachment":[{"href":"https:\/\/uhal.sk\/index.php?rest_route=%2Fwp%2Fv2%2Fmedia&parent=2"}],"curies":[{"name":"wp","href":"https:\/\/api.w.org\/{rel}","templated":true}]}}