{"id":204,"date":"2014-09-07T18:46:39","date_gmt":"2014-09-07T16:46:39","guid":{"rendered":"http:\/\/uhal.cz\/?page_id=204"},"modified":"2019-10-14T10:40:34","modified_gmt":"2019-10-14T08:40:34","slug":"zariadenia-pre-signmaking","status":"publish","type":"page","link":"https:\/\/uhal.sk\/?page_id=204","title":{"rendered":"Zariadenia pre signmaking"},"content":{"rendered":"<p><span style=\"font-size: 14pt;\"><span style=\"color: #333399;\"><span style=\"color: #000080;\">Zariadenia pre Signmaking<br \/>\n<\/span><\/span><\/span><\/p>\n<hr \/>\n<p><a href=\"http:\/\/uhal.sk\/staging-uhal-sk\/produkty\/cnc-gravirky-a-frezy-vision\/\"><img fetchpriority=\"high\" decoding=\"async\" class=\"\" src=\"http:\/\/uhal.cz\/wp-content\/uploads\/2014\/09\/jewelry_gift_11.gif\" alt=\"\" width=\"372\" height=\"149\" \/><\/a><\/p>\n<p><span style=\"font-size: 12pt;\"><a href=\"http:\/\/uhal.sk\/staging-uhal-sk\/produkty\/cnc-gravirky-a-frezy-vision\/\">CNC grav\u00edrky VISION<\/a><\/span><\/p>\n<hr \/>\n<p><span style=\"font-size: 12pt; color: #000000;\"><a href=\"http:\/\/uhal.sk\/staging-uhal-sk\/produkty\/tiskarny\/\"><img decoding=\"async\" class=\"\" src=\"http:\/\/uhal.cz\/wp-content\/uploads\/2014\/09\/dcs-printer.jpg\" alt=\"\" width=\"372\" height=\"149\" \/><\/a><\/span><\/p>\n<p><span style=\"font-size: 12pt;\"><a href=\"http:\/\/uhal.sk\/staging-uhal-sk\/produkty\/tiskarny\/\">Tla\u010diarne<\/a><\/span><\/p>\n<hr \/>\n<p><span style=\"font-size: 12pt; color: #000000;\"><a href=\"http:\/\/uhal.sk\/staging-uhal-sk\/produkty\/rezaci-plotry\/\"><img decoding=\"async\" class=\"\" src=\"http:\/\/uhal.cz\/wp-content\/uploads\/2014\/09\/graphtec8000-160.jpg\" alt=\"\" width=\"367\" height=\"147\" \/><\/a><\/span><\/p>\n<p><span style=\"font-size: 12pt;\"><a href=\"http:\/\/uhal.sk\/staging-uhal-sk\/produkty\/rezaci-plotry\/\">Rezacie plotre<\/a><\/span><\/p>\n<hr \/>\n<p><span style=\"font-size: 12pt; color: #000000;\"><a href=\"http:\/\/uhal.sk\/staging-uhal-sk\/produkty\/nazehlovaci-lisy\/\"><img loading=\"lazy\" decoding=\"async\" class=\"\" src=\"http:\/\/uhal.cz\/wp-content\/uploads\/2014\/09\/HP-Htrnx-HoverE_medium.jpg\" alt=\"\" width=\"372\" height=\"149\" \/><\/a><\/span><\/p>\n<p><span style=\"font-size: 12pt;\"><a href=\"http:\/\/uhal.sk\/staging-uhal-sk\/produkty\/nazehlovaci-lisy\/\">Na\u017eehlovacie lisy<\/a><\/span><\/p>\n<hr \/>\n<p>&nbsp;<\/p>\n<p>&nbsp;<\/p>\n","protected":false},"excerpt":{"rendered":"<p>Zariadenia pre Signmaking CNC grav\u00edrky VISION Tla\u010diarne Rezacie plotre Na\u017eehlovacie lisy &nbsp; &nbsp;<\/p>\n","protected":false},"author":2,"featured_media":0,"parent":122,"menu_order":0,"comment_status":"open","ping_status":"open","template":"page-fullwidth.php","meta":{"advgb_blocks_editor_width":"","advgb_blocks_columns_visual_guide":"","footnotes":""},"class_list":["post-204","page","type-page","status-publish","hentry"],"aioseo_notices":[],"coauthors":[],"author_meta":{"author_link":"https:\/\/uhal.sk\/?author=2","display_name":"Franti\u0161ek Uhal"},"relative_dates":{"created":"Posted 12 rokov ago","modified":"Updated 7 rokov ago"},"absolute_dates":{"created":"Posted on 7. septembra 2014","modified":"Updated on 14. okt\u00f3bra 2019"},"absolute_dates_time":{"created":"Posted on 7. septembra 2014 18:46","modified":"Updated on 14. okt\u00f3bra 2019 10:40"},"featured_img_caption":"","featured_img":false,"series_order":"","_links":{"self":[{"href":"https:\/\/uhal.sk\/index.php?rest_route=\/wp\/v2\/pages\/204","targetHints":{"allow":["GET"]}}],"collection":[{"href":"https:\/\/uhal.sk\/index.php?rest_route=\/wp\/v2\/pages"}],"about":[{"href":"https:\/\/uhal.sk\/index.php?rest_route=\/wp\/v2\/types\/page"}],"author":[{"embeddable":true,"href":"https:\/\/uhal.sk\/index.php?rest_route=\/wp\/v2\/users\/2"}],"replies":[{"embeddable":true,"href":"https:\/\/uhal.sk\/index.php?rest_route=%2Fwp%2Fv2%2Fcomments&post=204"}],"version-history":[{"count":17,"href":"https:\/\/uhal.sk\/index.php?rest_route=\/wp\/v2\/pages\/204\/revisions"}],"predecessor-version":[{"id":2584,"href":"https:\/\/uhal.sk\/index.php?rest_route=\/wp\/v2\/pages\/204\/revisions\/2584"}],"up":[{"embeddable":true,"href":"https:\/\/uhal.sk\/index.php?rest_route=\/wp\/v2\/pages\/122"}],"wp:attachment":[{"href":"https:\/\/uhal.sk\/index.php?rest_route=%2Fwp%2Fv2%2Fmedia&parent=204"}],"curies":[{"name":"wp","href":"https:\/\/api.w.org\/{rel}","templated":true}]}}