{"id":2139,"date":"2019-02-21T20:55:06","date_gmt":"2019-02-21T18:55:06","guid":{"rendered":"http:\/\/uhal.sk\/?page_id=2139"},"modified":"2019-06-26T07:52:50","modified_gmt":"2019-06-26T05:52:50","slug":"finacovanie","status":"publish","type":"page","link":"https:\/\/uhal.sk\/?page_id=2139","title":{"rendered":"Financovanie"},"content":{"rendered":"<p><span style=\"font-size: 14pt; color: #333399; font-family: arial, helvetica, sans-serif;\">Potrebujete financovanie ?<\/span><br \/>\n<span style=\"font-family: arial, helvetica, sans-serif; font-size: 12pt;\">Nechajte to na n\u00e1s !<\/span><br \/>\n<span style=\"font-family: arial, helvetica, sans-serif; font-size: 12pt;\">Sta\u010d\u00ed klikn\u00fa\u0165 na tla\u010d\u00eddlo a my V\u00e1m po\u0161leme kalkul\u00e1ciu leasingu:<\/span><\/p>\n<p><a href=\"formular-poslite-mi-nezavaznu-ponuku-financovania\"><img decoding=\"async\" class=\"\" src=\"http:\/\/uhal.sk\/staging-uhal-sk\/wp-content\/uploads\/2019\/02\/chcem-ponuku.png\" width=\"422\" height=\"110\" \/><\/a><\/p>\n<p><span style=\"font-family: helvetica, arial, sans-serif; font-size: 12pt;\"><strong>Pre\u010do leasing a ak\u00fd leasing je pre m\u0148a najv\u00fdhodnej\u0161\u00ed ?<\/strong><\/span><\/p>\n<p><span style=\"font-family: helvetica, arial, sans-serif; font-size: 12pt;\">Ste \u017eivnostn\u00edk alebo obchodn\u00e1 spolo\u010dnos\u0165? Chcete ma\u0165 k dispoz\u00edcii v\u017edy to najmodernej\u0161ie zariadenie a z\u00e1rove\u0148 ma\u0165 nad\u0161tandartn\u00e9 servisn\u00e9 slu\u017eby a dokonal\u00e9 poistenie ? Rie\u0161enie je Operat\u00edvny alebo finan\u010dn\u00fd leasing. Nechajte tieto starosti na n\u00e1s, spolu s na\u0161imi partnermi pre v\u00e1s ur\u010dite n\u00e1jdeme rie\u0161enie, ktor\u00e9 bude najlep\u0161ie vyhovova\u0165 v\u00e1m a v\u00e1\u0161mu projektu.<\/span><\/p>\n<p><span style=\"font-family: helvetica, arial, sans-serif; font-size: 12pt;\"><strong>Pre\u010do leasing ?<\/strong><\/span><\/p>\n<p><span style=\"font-family: helvetica, arial, sans-serif; font-size: 12pt;\"><span style=\"color: #333399;\"><strong>\u0160ETRITE SI KAPIT\u00c1L<\/strong><br \/>\n<\/span>Ak kupujte na leasing u\u0161etr\u00edte si v\u00e1\u0161 kapit\u00e1l na in\u00e9 prev\u00e1dzkov\u00e9 v\u00fddavky, m\u00f4\u017eete nak\u00fapi\u0165 viacej materi\u00e1lu na v\u00fdrobu za lep\u0161iu cenu a zlep\u0161ujete si aj kredit vo\u010di bank\u00e1m.<span class=\"Apple-converted-space\">\u00a0<\/span><\/span><\/p>\n<p><span style=\"font-family: helvetica, arial, sans-serif; font-size: 12pt;\"><span style=\"color: #333399;\"><strong>LEASINGOV\u00c9 SPL\u00c1TKY S\u00da N\u00c1KLADOVOU POLO\u017dKOU<\/strong><br \/>\n<\/span>Prenaja\u0165 si nov\u00e9 zariadenia sa oplat\u00ed. D\u00f4vod: Na zariadeni hne\u010f zar\u00e1bate a nevia\u017eete vlastn\u00e9 finan\u010dn\u00e9 ptostriedky. Plat\u00edte pravideln\u00e9 l\u00edzingov\u00e9 spl\u00e1tky, ktor\u00e9 hne\u010f odp\u00ed\u0161ete do n\u00e1kladov.<\/span><\/p>\n<p><strong><span style=\"color: #333399; font-family: helvetica, arial, sans-serif; font-size: 12pt;\">M\u00d4\u017dTE SI DOVOLI\u0164 K\u00daPI\u0164 V\u00ddKONNEJ\u0160IE A DRAH\u0160IE ZARIADENIE, PR\u00cdPADNE VIACEJ ZARIADEN\u00cd<\/span><\/strong><br \/>\n<span style=\"font-family: helvetica, arial, sans-serif; font-size: 12pt;\">Ke\u010f\u017ee nemus\u00edte vynaklada\u0165 vlastn\u00e9 prostriedky, m\u00f4\u017eete si dovoli\u0165 investova\u0165 do drah\u0161ieho a v\u00fdkonnej\u0161ieho zariadenia, pr\u00edpadne k\u00fapi\u0165 viacej zariaden\u00ed a t\u00fdm akcelerujete v\u00e1\u0161 biznis do vy\u0161\u0161\u00edch pr\u00edjmov. V\u00fdkonnej\u0161\u00ede zariadenie = vy\u0161\u0161\u00ed zisk z jeho pr\u00e1ce.<\/span><\/p>\n<p><span style=\"font-family: helvetica, arial, sans-serif; font-size: 12pt;\"><span style=\"color: #333399;\"><strong>M\u00d4\u017dTE SI DOVOLI\u0164 K\u00daPI\u0164 NAJMODERNEJ\u0160IU TECHNIKU \u2013 STE KROK PRED KONKURENCIOU<\/strong><br \/>\n<\/span>N\u00edzke spl\u00e1tky nahr\u00e1dzaj\u00fa vysok\u00e9 k\u00fapne ceny, nesta\u010d\u00ed dr\u017ea\u0165 krok s konkurenciou, najlep\u0161ie je by\u0165 krok pred \u0148ou!. Aj ke\u010f laser je zariadenie, ktor\u00e9 ma ve\u013emi dlh\u00fa \u017eivotnos\u0165, v\u00fdvoj nesp\u00ed aj v tomto odvetv\u00ed a ka\u017ed\u00fd rok prin\u00e1\u0161a nov\u00e9 vylepe\u0161enia. Zvy\u0161ovanie r\u00fdchlosti a kvality pr\u00e1ce, ni\u017eovanie n\u00e1kladov na prev\u00e1dzku. Nov\u00e9 zariadenia maj\u00fa oproti zariaden\u00edm spred 5-tich rokov ni\u017e\u0161iu spotrebu energie, jednoduch\u0161iu obsluhu, modernej\u0161ie s\u00fa\u010diastky a pod. Umo\u017e\u0148uj\u00fa v\u00e1m preto zarobi\u0165 viacej pe\u0148az\u00ed a viete vyr\u00e1ba\u0165 kvalitnej\u0161ie. Najv\u00fdhodnej\u0161ie je preto obmie\u0148a\u0165 laserov\u00fa techniku minim\u00e1lne ka\u017ed\u00fdch 4-5 rokov.<\/span><\/p>\n<p><span style=\"font-family: helvetica, arial, sans-serif; font-size: 12pt;\"><span style=\"color: #333399;\"><strong>\u017dIADN\u00c9 SERVISN\u00c9 N\u00c1KLADY<\/strong><br \/>\n<\/span>Pred\u013a\u017een\u00fa z\u00e1ruku po\u010das celej doby spl\u00e1cania a prednostn\u00fd servis z\u00edskate v\u010faka operat\u00edvnemu leasingu.<\/span><\/p>\n<p><span style=\"font-family: helvetica, arial, sans-serif; font-size: 12pt;\"><span style=\"color: #333399;\"><strong>JEDNODUCH\u00c9 VYBAVENIE, V\u0160ETKO ZARIADIME ZA V\u00c1S !<\/strong><br \/>\n<\/span>Sta\u010d\u00ed vyplni\u0165 <a href=\"formular-poslite-mi-nezavaznu-ponuku-financovania\">formul\u00e1r,<\/a> \u017ee m\u00e1te z\u00e1ujem o nez\u00e1v\u00e4zn\u00fa ponuku<\/span><br \/>\n<span style=\"font-family: helvetica, arial, sans-serif; font-size: 12pt;\">&#8211; my v\u00e1m po\u0161leme predbe\u017en\u00fa kalkul\u00e1ciu spl\u00e1tok<\/span><br \/>\n<span style=\"font-family: helvetica, arial, sans-serif; font-size: 12pt;\">&#8211; po\u0161lete n\u00e1m va\u0161e firemn\u00e9 faktura\u010dn\u00e9 \u00fadaje, kontakt na majite\u013ea firmy<\/span><br \/>\n<span style=\"font-family: helvetica, arial, sans-serif; font-size: 12pt;\">&#8211; do 7500 Eur bez DPH nemus\u00edte dokladova\u0165 va\u0161e \u00fa\u010dtovn\u00e9 v\u00fdkazy<\/span><br \/>\n<span style=\"font-family: helvetica, arial, sans-serif; font-size: 12pt;\">&#8211; nad 7500 Eur si na\u0161a partnersk\u00e1 leasingov\u00e1 spolo\u010dnos\u0165 vy\u017eiada va\u0161u \u00fa\u010dtovn\u00fa uz\u00e1vierku pr\u00edpadne \u010fal\u0161ie doklady<\/span><br \/>\n<span style=\"font-family: helvetica, arial, sans-serif; font-size: 12pt;\">&#8211; va\u0161a \u017eiados\u0165 b\u00fdva pos\u00faden\u00e1 spravidla do 24 hod\u00edn<\/span><br \/>\n<span style=\"font-family: helvetica, arial, sans-serif; font-size: 12pt;\">&#8211; v pr\u00edpade schv\u00e1lenia dohodneme podpis zml\u00fav a term\u00edn dodania zariadenia<\/span><\/p>\n<p><strong><span style=\"color: #333399; font-family: helvetica, arial, sans-serif; font-size: 12pt;\">AK\u00dd LEASING SI VYBRA\u0164 ?<\/span><\/strong><\/p>\n<p><span style=\"color: #333399; font-family: helvetica, arial, sans-serif; font-size: 12pt;\">Pre drah\u0161ie zariadenia a t\u00fdch \u010do si chc\u00fa zariadenie necha\u0165 dlh\u0161\u00ed \u010das<\/span><br \/>\n<span style=\"font-family: helvetica, arial, sans-serif; font-size: 12pt;\"><b>Finan\u010dn\u00fd leasing.<\/b><\/span><br \/>\n<span style=\"font-family: helvetica, arial, sans-serif; font-size: 12pt;\">&#8211; doba spl\u00e1cania 36-60 mesiacov<\/span><br \/>\n<span style=\"font-family: helvetica, arial, sans-serif; font-size: 12pt;\">&#8211; min. obstar\u00e1vacia cena 500 Eur<\/span><br \/>\n<span style=\"font-family: helvetica, arial, sans-serif; font-size: 12pt;\">&#8211; zaradenie predmetu leasingu do majetku a jeho odpisovanie<\/span><br \/>\n<span style=\"font-family: helvetica, arial, sans-serif; font-size: 12pt;\">&#8211; po ukon\u010den\u00ed spl\u00e1cania odkupujte zariadenie do svojho vlastn\u00edctva<\/span><\/p>\n<p><span style=\"color: #333399; font-family: helvetica, arial, sans-serif; font-size: 12pt;\">Pre t\u00fdch \u010do nechc\u00fa ma\u0165 \u017eiadne starosti:<\/span><br \/>\n<span style=\"font-family: helvetica, arial, sans-serif; font-size: 12pt;\"><b>Operat\u00edvny leasing.<\/b><\/span><br \/>\n<span style=\"font-family: helvetica, arial, sans-serif; font-size: 12pt;\">&#8211; doba spl\u00e1cania 15-60 mesiacov<\/span><br \/>\n<span style=\"font-family: helvetica, arial, sans-serif; font-size: 12pt;\">&#8211; min. obstar\u00e1vacia cena 3000 Eur<\/span><br \/>\n<span style=\"font-family: helvetica, arial, sans-serif; font-size: 12pt;\">&#8211; spl\u00e1tky id\u00fa v plnej v\u00fd\u0161ke do n\u00e1kladov<\/span><br \/>\n<span style=\"font-family: helvetica, arial, sans-serif; font-size: 12pt;\">&#8211; po ukon\u010den\u00ed spl\u00e1cania dost\u00e1vate nov\u00e9 zariadenie<\/span><br \/>\n<span style=\"font-family: helvetica, arial, sans-serif; font-size: 12pt;\">&#8211; zariadenie je v z\u00e1ruke po\u010das celej doby spl\u00e1cania<\/span><\/p>\n<p><strong><span style=\"color: #333399; font-family: helvetica, arial, sans-serif; font-size: 12pt;\">Na lasery zna\u010dky Epilog V\u00e1m pon\u00fakame \u0161peci\u00e1lnu zv\u00fdhodnen\u00fa ponuku:<\/span><br \/>\n<\/strong><\/p>\n<p><strong><br \/>\n<img fetchpriority=\"high\" decoding=\"async\" class=\"\" src=\"http:\/\/uhal.sk\/staging-uhal-sk\/wp-content\/uploads\/2019\/02\/leasing-epilog2.png\" width=\"554\" height=\"757\" \/><br \/>\n<\/strong><\/p>\n<p>&nbsp;<\/p>\n","protected":false},"excerpt":{"rendered":"<p>Potrebujete financovanie ? Nechajte to na n\u00e1s ! Sta\u010d\u00ed klikn\u00fa\u0165 na tla\u010d\u00eddlo a my V\u00e1m po\u0161leme kalkul\u00e1ciu leasingu: Pre\u010do leasing a ak\u00fd leasing je pre m\u0148a najv\u00fdhodnej\u0161\u00ed ? Ste \u017eivnostn\u00edk alebo obchodn\u00e1 spolo\u010dnos\u0165? Chcete ma\u0165 k dispoz\u00edcii v\u017edy to najmodernej\u0161ie zariadenie a z\u00e1rove\u0148 ma\u0165 nad\u0161tandartn\u00e9 servisn\u00e9 slu\u017eby a dokonal\u00e9 poistenie ? Rie\u0161enie je Operat\u00edvny alebo finan\u010dn\u00fd leasing. Nechajte tieto starosti na n\u00e1s, spolu s na\u0161imi partnermi pre v\u00e1s ur\u010dite n\u00e1jdeme rie\u0161enie, ktor\u00e9 bude najlep\u0161ie vyhovova\u0165 v\u00e1m a v\u00e1\u0161mu projektu. Pre\u010do leasing ? \u0160ETRITE SI KAPIT\u00c1L Ak kupujte na leasing u\u0161etr\u00edte&nbsp;<a href=\"https:\/\/uhal.sk\/?page_id=2139\" class=\"read-more\">Continue Reading<\/a><\/p>\n","protected":false},"author":2,"featured_media":0,"parent":0,"menu_order":0,"comment_status":"closed","ping_status":"closed","template":"page-fullwidth.php","meta":{"advgb_blocks_editor_width":"","advgb_blocks_columns_visual_guide":"","footnotes":""},"class_list":["post-2139","page","type-page","status-publish","hentry"],"aioseo_notices":[],"coauthors":[],"author_meta":{"author_link":"https:\/\/uhal.sk\/?author=2","display_name":"Franti\u0161ek Uhal"},"relative_dates":{"created":"Posted 7 rokov ago","modified":"Updated 7 rokov ago"},"absolute_dates":{"created":"Posted on 21. febru\u00e1ra 2019","modified":"Updated on 26. j\u00fana 2019"},"absolute_dates_time":{"created":"Posted on 21. febru\u00e1ra 2019 20:55","modified":"Updated on 26. j\u00fana 2019 7:52"},"featured_img_caption":"","featured_img":false,"series_order":"","_links":{"self":[{"href":"https:\/\/uhal.sk\/index.php?rest_route=\/wp\/v2\/pages\/2139","targetHints":{"allow":["GET"]}}],"collection":[{"href":"https:\/\/uhal.sk\/index.php?rest_route=\/wp\/v2\/pages"}],"about":[{"href":"https:\/\/uhal.sk\/index.php?rest_route=\/wp\/v2\/types\/page"}],"author":[{"embeddable":true,"href":"https:\/\/uhal.sk\/index.php?rest_route=\/wp\/v2\/users\/2"}],"replies":[{"embeddable":true,"href":"https:\/\/uhal.sk\/index.php?rest_route=%2Fwp%2Fv2%2Fcomments&post=2139"}],"version-history":[{"count":16,"href":"https:\/\/uhal.sk\/index.php?rest_route=\/wp\/v2\/pages\/2139\/revisions"}],"predecessor-version":[{"id":2375,"href":"https:\/\/uhal.sk\/index.php?rest_route=\/wp\/v2\/pages\/2139\/revisions\/2375"}],"wp:attachment":[{"href":"https:\/\/uhal.sk\/index.php?rest_route=%2Fwp%2Fv2%2Fmedia&parent=2139"}],"curies":[{"name":"wp","href":"https:\/\/api.w.org\/{rel}","templated":true}]}}