{"id":3447,"date":"2021-01-06T16:16:23","date_gmt":"2021-01-06T14:16:23","guid":{"rendered":"http:\/\/uhal.sk\/?page_id=3447"},"modified":"2021-01-12T17:56:45","modified_gmt":"2021-01-12T15:56:45","slug":"hobby-lasery","status":"publish","type":"page","link":"https:\/\/uhal.sk\/?page_id=3447","title":{"rendered":"HOBBY LASERY"},"content":{"rendered":"<ul>\n<li><span style=\"color: #ff9900;\"><span style=\"font-family: arial, helvetica, sans-serif; font-size: 14pt;\">H\u013ead\u00e1te laser na hobby a dom\u00e1ce pou\u017eitie za n\u00edzku cenu?<\/span><\/span><\/li>\n<li><span style=\"color: #ff9900;\"><span style=\"font-family: arial, helvetica, sans-serif; font-size: 14pt;\">M\u00e1me pre v\u00e1s hne\u010f viacero mo\u017enost\u00ed!<\/span><\/span><\/li>\n<\/ul>\n<p><span style=\"font-family: arial, helvetica, sans-serif; font-size: 14pt; color: #808080;\">CO<span style=\"font-size: 10pt;\">2<\/span> Lasery<\/span><\/p>\n<p><span style=\"font-family: arial, helvetica, sans-serif; color: #808080; font-size: 12pt;\">S\u00fa to lasery vhodn\u00e9 na rezanie a grav\u00edrovanie nekovov\u00fdch materi\u00e1lov ako je akryl, drevo, preglejky, papier, korok, textil, sklo, mramor, natieran\u00e9 kovy a pod.<\/span><\/p>\n\n\n<div class=\"wp-block-advgb-columns advgb-columns-wrapper\" id=\"advgb-cols-da5f49f3-8d38-49c8-aa0d-dca7415b2e96\"><div class=\"advgb-columns-container\"><div class=\"advgb-columns advgb-columns-row advgb-is-mobile advgb-columns-2 layout-12-12 mbl-layout-stacked gutter-10 vgutter-10\">\n<div class=\"wp-block-advgb-column advgb-column advgb-is-half-tablet advgb-is-full-mobile\" id=\"advgb-col-c02785ce-80bd-4296-a081-e078932d75a2\"><div class=\"advgb-column-inner\" style=\"border-style:none;border-width:1px\">\n<div class=\"wp-block-image\"><figure class=\"aligncenter\"><img fetchpriority=\"high\" decoding=\"async\" width=\"800\" height=\"450\" src=\"http:\/\/uhal.sk\/staging-uhal-sk\/wp-content\/uploads\/2020\/08\/FLUX_beamo9.jpg\" alt=\"\" class=\"wp-image-2814\" srcset=\"https:\/\/uhal.sk\/wp-content\/uploads\/2020\/08\/FLUX_beamo9.jpg 800w, https:\/\/uhal.sk\/wp-content\/uploads\/2020\/08\/FLUX_beamo9-300x169.jpg 300w, https:\/\/uhal.sk\/wp-content\/uploads\/2020\/08\/FLUX_beamo9-768x432.jpg 768w, https:\/\/uhal.sk\/wp-content\/uploads\/2020\/08\/FLUX_beamo9-335x188.jpg 335w, https:\/\/uhal.sk\/wp-content\/uploads\/2020\/08\/FLUX_beamo9-80x45.jpg 80w, https:\/\/uhal.sk\/wp-content\/uploads\/2020\/08\/FLUX_beamo9-130x73.jpg 130w\" sizes=\"(max-width: 800px) 100vw, 800px\" \/><figcaption><strong>FLUX LASERY &#8211; NIZKA CENA A JEDNODUCH\u00c9 OVL\u00c1DANIE<\/strong><\/figcaption><\/figure><\/div>\n\n\n\n<div class=\"wp-block-advgb-video advgb-video-block full-width advgb-video-lightbox\" data-video=\"https:\/\/www.youtube.com\/embed\/PwR-sX4EbYM?rel=0&amp;wmode=transparent\" data-source=\"youtube\" data-video-attr=\"controls,playsinline\" data-video-preload=\"metadata\"><div class=\"advgb-video-wrapper full-width\" style=\"background-color:#EEEEEE\"><div class=\"advgb-video-poster\" style=\"background-image:url(https:\/\/i.ytimg.com\/vi\/PwR-sX4EbYM\/hqdefault.jpg)\"><\/div><div class=\"advgb-button-wrapper\" style=\"height:300px\"><div class=\"advgb-play-button\" style=\"color:#fff\"><svg xmlns=\"http:\/\/www.w3.org\/2000\/svg\" width=\"80\" height=\"80\" viewbox=\"0 0 24 24\"><path d=\"M8 5v14l11-7z\"><\/path><path d=\"M0 0h24v24H0z\" fill=\"none\"><\/path><\/svg><\/div><\/div><\/div><\/div>\n\n\n\n<p style=\"font-size:14px;text-align:center\"><br>Lasery FLUX &#8211; s\u00fa to CO2 lasery pre grav\u00edrovanie a rezanie nekovov\u00fdch materi\u00e1lov. Maj\u00fa zabudovan\u00fa kameru, a je ich mo\u017en\u00e9 ovl\u00e1da\u0165 z Windows, MacOS aj z mobilov. Za tak\u00fa n\u00edzku cenu nen\u00e1jdete takto prepracovan\u00fd laser. Bli\u017e\u0161ie info v <a href=\"http:\/\/uhal.sk\/staging-uhal-sk\/wp-content\/uploads\/2021\/01\/Flux-laser.pdf\">prospekte.<\/a> <br>K\u00fapi\u0165 ich m\u00f4\u017ete priamo na na\u0161om e-shope.<\/p>\n\n\n\n<div class=\"wp-block-advgb-button aligncenter\"><a class=\"wp-block-advgb-button_link advgbbtn-0bc4cba2-f38e-4961-9b4f-36ae1e4527ff\" href=\"https:\/\/www.uhaleshop.sk\/289-flux\" target=\"_blank\" rel=\"noopener noreferrer\">K\u00daPI\u0164<\/a><\/div>\n<\/div><\/div>\n\n\n\n<div class=\"wp-block-advgb-column advgb-column advgb-is-half-tablet advgb-is-full-mobile\" id=\"advgb-col-d5d7c4c1-83a2-41c5-bba2-418c32808137\"><div class=\"advgb-column-inner\" style=\"border-style:none;border-width:1px\">\n<div class=\"wp-block-image\"><figure class=\"aligncenter\"><img decoding=\"async\" width=\"800\" height=\"450\" src=\"https:\/\/uhal.sk\/staging-uhal-sk\/wp-content\/uploads\/2021\/01\/GCC-E200.jpg\" alt=\"\" class=\"wp-image-3450\" srcset=\"https:\/\/uhal.sk\/wp-content\/uploads\/2021\/01\/GCC-E200.jpg 800w, https:\/\/uhal.sk\/wp-content\/uploads\/2021\/01\/GCC-E200-300x169.jpg 300w, https:\/\/uhal.sk\/wp-content\/uploads\/2021\/01\/GCC-E200-768x432.jpg 768w, https:\/\/uhal.sk\/wp-content\/uploads\/2021\/01\/GCC-E200-335x188.jpg 335w, https:\/\/uhal.sk\/wp-content\/uploads\/2021\/01\/GCC-E200-80x45.jpg 80w, https:\/\/uhal.sk\/wp-content\/uploads\/2021\/01\/GCC-E200-130x73.jpg 130w\" sizes=\"(max-width: 800px) 100vw, 800px\" \/><figcaption><strong>GCC E200 &#8211; S\u00cdCE MAL\u00dd ALE S PROFESION\u00c1LNYMI FUNKCIAMI<\/strong><\/figcaption><\/figure><\/div>\n\n\n\n<div class=\"wp-block-advgb-video advgb-video-block full-width advgb-video-lightbox\" data-video=\"https:\/\/www.youtube.com\/embed\/s4Rqtp8MP7E?rel=0&amp;wmode=transparent\" data-source=\"youtube\" data-video-attr=\"controls,playsinline\" data-video-preload=\"metadata\"><div class=\"advgb-video-wrapper full-width\" style=\"background-color:#EEEEEE\"><div class=\"advgb-video-poster\" style=\"background-image:url(https:\/\/i.ytimg.com\/vi\/s4Rqtp8MP7E\/hqdefault.jpg)\"><\/div><div class=\"advgb-button-wrapper\" style=\"height:300px\"><div class=\"advgb-play-button\" style=\"color:#fff\"><svg xmlns=\"http:\/\/www.w3.org\/2000\/svg\" width=\"80\" height=\"80\" viewbox=\"0 0 24 24\"><path d=\"M8 5v14l11-7z\"><\/path><path d=\"M0 0h24v24H0z\" fill=\"none\"><\/path><\/svg><\/div><\/div><\/div><\/div>\n\n\n\n<p style=\"font-size:14px;text-align:center\"><br>Lasery GCC E200 &#8211; s\u00fa to CO2 lasery pre grav\u00edrovanie a rezanie nekovov\u00fdch materi\u00e1lov. Maj\u00fa zabudovan\u00fa kameru a ovl\u00e1da\u010d ako u profesion\u00e1lnych syst\u00e9mov. Maj\u00fa aj funkciu grav\u00edrovania pe\u010diatok a fotografi\u00ed. <br>Bli\u017e\u0161ie info v <a href=\"http:\/\/uhal.sk\/staging-uhal-sk\/wp-content\/uploads\/2021\/01\/E200_DM.pdf\">prospekte. <\/a><br>Za\u010diatok predaja je v marci 2021, u\u017e teraz ale prij\u00edmame predobjedn\u00e1vky!<\/p>\n\n\n\n<div class=\"wp-block-advgb-button aligncenter\"><a class=\"wp-block-advgb-button_link advgbbtn-f3362325-2b0d-4d59-91a5-152720590270\" href=\"https:\/\/www.uhaleshop.sk\/295-gcc\" target=\"_blank\" rel=\"noopener noreferrer\">K\u00daPI\u0164<\/a><\/div>\n<\/div><\/div>\n<\/div><\/div><\/div>\n\n\n\n<p><\/p>\n<style class=\"advgb-styles-renderer\">.advgbbtn-0bc4cba2-f38e-4961-9b4f-36ae1e4527ff{font-size:18px;color:#fff !important;background-color:#2196f3 !important;margin:0px 0px 0px 0px !important;padding:10px 30px 10px 30px;border-width:1px !important;border-style:none;border-radius:50px !important;}.advgbbtn-0bc4cba2-f38e-4961-9b4f-36ae1e4527ff:hover{box-shadow:1px 1px 12px 0px #ccc;opacity:1;transition:all 0.2s ease;}.advgbbtn-0bc4cba2-f38e-4961-9b4f-36ae1e4527ff > i {display: none !important;}#advgb-col-c02785ce-80bd-4296-a081-e078932d75a2>.advgb-column-inner{}@media screen and (max-width: 1023px) {#advgb-col-c02785ce-80bd-4296-a081-e078932d75a2>.advgb-column-inner{}}@media screen and (max-width: 767px) {#advgb-col-c02785ce-80bd-4296-a081-e078932d75a2>.advgb-column-inner{}}.advgbbtn-0bc4cba2-f38e-4961-9b4f-36ae1e4527ff{font-size:18px;color:#fff !important;background-color:#2196f3 !important;margin:0px 0px 0px 0px !important;padding:10px 30px 10px 30px;border-width:1px !important;border-style:none;border-radius:50px !important;}.advgbbtn-0bc4cba2-f38e-4961-9b4f-36ae1e4527ff:hover{box-shadow:1px 1px 12px 0px #ccc;opacity:1;transition:all 0.2s ease;}.advgbbtn-0bc4cba2-f38e-4961-9b4f-36ae1e4527ff > i {display: none !important;}.advgbbtn-f3362325-2b0d-4d59-91a5-152720590270{font-size:18px;color:#fff !important;background-color:#2196f3 !important;margin:0px 0px 0px 0px !important;padding:10px 30px 10px 30px;border-width:1px !important;border-style:none;border-radius:50px !important;}.advgbbtn-f3362325-2b0d-4d59-91a5-152720590270:hover{box-shadow:1px 1px 12px 0px #ccc;opacity:1;transition:all 0.2s ease;}.advgbbtn-f3362325-2b0d-4d59-91a5-152720590270 > i {display: none !important;}#advgb-col-d5d7c4c1-83a2-41c5-bba2-418c32808137>.advgb-column-inner{}@media screen and (max-width: 1023px) {#advgb-col-d5d7c4c1-83a2-41c5-bba2-418c32808137>.advgb-column-inner{}}@media screen and (max-width: 767px) {#advgb-col-d5d7c4c1-83a2-41c5-bba2-418c32808137>.advgb-column-inner{}}.advgbbtn-f3362325-2b0d-4d59-91a5-152720590270{font-size:18px;color:#fff !important;background-color:#2196f3 !important;margin:0px 0px 0px 0px !important;padding:10px 30px 10px 30px;border-width:1px !important;border-style:none;border-radius:50px !important;}.advgbbtn-f3362325-2b0d-4d59-91a5-152720590270:hover{box-shadow:1px 1px 12px 0px #ccc;opacity:1;transition:all 0.2s ease;}.advgbbtn-f3362325-2b0d-4d59-91a5-152720590270 > i {display: none !important;}#advgb-cols-da5f49f3-8d38-49c8-aa0d-dca7415b2e96{}@media screen and (max-width: 1023px) {#advgb-cols-da5f49f3-8d38-49c8-aa0d-dca7415b2e96{}}@media screen and (max-width: 767px) {#advgb-cols-da5f49f3-8d38-49c8-aa0d-dca7415b2e96{}}#advgb-col-c02785ce-80bd-4296-a081-e078932d75a2>.advgb-column-inner{}@media screen and (max-width: 1023px) {#advgb-col-c02785ce-80bd-4296-a081-e078932d75a2>.advgb-column-inner{}}@media screen and (max-width: 767px) {#advgb-col-c02785ce-80bd-4296-a081-e078932d75a2>.advgb-column-inner{}}.advgbbtn-0bc4cba2-f38e-4961-9b4f-36ae1e4527ff{font-size:18px;color:#fff !important;background-color:#2196f3 !important;margin:0px 0px 0px 0px !important;padding:10px 30px 10px 30px;border-width:1px !important;border-style:none;border-radius:50px !important;}.advgbbtn-0bc4cba2-f38e-4961-9b4f-36ae1e4527ff:hover{box-shadow:1px 1px 12px 0px #ccc;opacity:1;transition:all 0.2s ease;}.advgbbtn-0bc4cba2-f38e-4961-9b4f-36ae1e4527ff > i {display: none !important;}#advgb-col-d5d7c4c1-83a2-41c5-bba2-418c32808137>.advgb-column-inner{}@media screen and (max-width: 1023px) {#advgb-col-d5d7c4c1-83a2-41c5-bba2-418c32808137>.advgb-column-inner{}}@media screen and (max-width: 767px) {#advgb-col-d5d7c4c1-83a2-41c5-bba2-418c32808137>.advgb-column-inner{}}.advgbbtn-f3362325-2b0d-4d59-91a5-152720590270{font-size:18px;color:#fff !important;background-color:#2196f3 !important;margin:0px 0px 0px 0px !important;padding:10px 30px 10px 30px;border-width:1px !important;border-style:none;border-radius:50px !important;}.advgbbtn-f3362325-2b0d-4d59-91a5-152720590270:hover{box-shadow:1px 1px 12px 0px #ccc;opacity:1;transition:all 0.2s ease;}.advgbbtn-f3362325-2b0d-4d59-91a5-152720590270 > i {display: none !important;}<\/style>","protected":false},"excerpt":{"rendered":"<p>H\u013ead\u00e1te laser na hobby a dom\u00e1ce pou\u017eitie za n\u00edzku cenu? M\u00e1me pre v\u00e1s hne\u010f viacero mo\u017enost\u00ed! CO2 Lasery S\u00fa to lasery vhodn\u00e9 na rezanie a grav\u00edrovanie nekovov\u00fdch materi\u00e1lov ako je akryl, drevo, preglejky, papier, korok, textil, sklo, mramor, natieran\u00e9 kovy a pod.<\/p>\n","protected":false},"author":2,"featured_media":0,"parent":0,"menu_order":0,"comment_status":"closed","ping_status":"closed","template":"page-fullwidth.php","meta":{"advgb_blocks_editor_width":"","advgb_blocks_columns_visual_guide":"","footnotes":""},"class_list":["post-3447","page","type-page","status-publish","hentry"],"aioseo_notices":[],"coauthors":[],"author_meta":{"author_link":"https:\/\/uhal.sk\/?author=2","display_name":"Franti\u0161ek Uhal"},"relative_dates":{"created":"Posted 5 rokov ago","modified":"Updated 5 rokov ago"},"absolute_dates":{"created":"Posted on 6. janu\u00e1ra 2021","modified":"Updated on 12. janu\u00e1ra 2021"},"absolute_dates_time":{"created":"Posted on 6. janu\u00e1ra 2021 16:16","modified":"Updated on 12. janu\u00e1ra 2021 17:56"},"featured_img_caption":"","featured_img":false,"series_order":"","_links":{"self":[{"href":"https:\/\/uhal.sk\/index.php?rest_route=\/wp\/v2\/pages\/3447","targetHints":{"allow":["GET"]}}],"collection":[{"href":"https:\/\/uhal.sk\/index.php?rest_route=\/wp\/v2\/pages"}],"about":[{"href":"https:\/\/uhal.sk\/index.php?rest_route=\/wp\/v2\/types\/page"}],"author":[{"embeddable":true,"href":"https:\/\/uhal.sk\/index.php?rest_route=\/wp\/v2\/users\/2"}],"replies":[{"embeddable":true,"href":"https:\/\/uhal.sk\/index.php?rest_route=%2Fwp%2Fv2%2Fcomments&post=3447"}],"version-history":[{"count":28,"href":"https:\/\/uhal.sk\/index.php?rest_route=\/wp\/v2\/pages\/3447\/revisions"}],"predecessor-version":[{"id":4217,"href":"https:\/\/uhal.sk\/index.php?rest_route=\/wp\/v2\/pages\/3447\/revisions\/4217"}],"wp:attachment":[{"href":"https:\/\/uhal.sk\/index.php?rest_route=%2Fwp%2Fv2%2Fmedia&parent=3447"}],"curies":[{"name":"wp","href":"https:\/\/api.w.org\/{rel}","templated":true}]}}