{"id":502,"date":"2014-09-11T21:22:39","date_gmt":"2014-09-11T19:22:39","guid":{"rendered":"http:\/\/uhal.cz\/?page_id=502"},"modified":"2017-07-18T07:30:08","modified_gmt":"2017-07-18T05:30:08","slug":"rmi-laser","status":"publish","type":"page","link":"https:\/\/uhal.sk\/?page_id=502","title":{"rendered":"RMI laser"},"content":{"rendered":"<p><img decoding=\"async\" id=\"__wp-temp-img-id\" class=\"\" src=\"http:\/\/uhal.cz\/wp-content\/uploads\/2014\/09\/logo-RMI-stvorec.jpeg\" alt=\"\" width=\"100\" height=\"100\" \/><\/p>\n<p><span style=\"font-size: 10pt;\"><span style=\"font-size: 14pt; color: #000000;\">RMI &#8211; Superpresn\u00e9 zna\u010denie kovov a plastov<br \/>\nRMI &#8211; Profesion\u00e1lne rie\u0161enie zna\u010denia v priemysle<br \/>\n<\/span><\/span><\/p>\n<p><span style=\"font-size: 12pt;\">R\u00fdchle a presn\u00e9 zna\u010denie s RMI Fiber laserom<\/span><\/p>\n<p><iframe src=\"\/\/www.youtube.com\/embed\/DivP5YM3BwE\" width=\"425\" height=\"350\"><\/iframe><\/p>\n<p><span style=\"font-size: 10pt;\"><span style=\"font-size: 14pt; color: #000000;\">RMI laser<\/span>\u00a0 je americk\u00e1 zna\u010dka s dllhou historiou v\u00fdroby galvo laserov pre zna\u010denie kovov a plastov.<br \/>\nIch lasery sa pou\u017e\u00edvaj\u00fa v r\u00f4znych odvetviach priemyslu aj v reklame na zna\u010denie kovov\u00fdch predmetov. Tieto stroje s\u00fa mimoriadne spo\u013eahliv\u00e9 a kvalitn\u00e9. S\u00fa kompletne vyr\u00e1ban\u00e9 v USA z t\u00fdch najkvalitnej\u0161\u00edch dielov.<br \/>\n<\/span><\/p>\n<p><img decoding=\"async\" id=\"__wp-temp-img-id\" src=\"http:\/\/uhal.cz\/wp-content\/uploads\/2014\/09\/vzorky-RMI.jpg\" alt=\"\" \/><\/p>\n<p><span style=\"font-size: 14pt;\"><span style=\"color: #333399;\"><span style=\"color: #000080;\">\u010co je mo\u017en\u00e9 zna\u010di\u0165 a grav\u00edrova\u0165 lasermi RMI ?<br \/>\n<\/span><\/span><\/span><\/p>\n<hr \/>\n<p><span style=\"font-size: 10pt;\">RMI laser vyr\u00e1ba lasery s laserov\u00fdmi zdrojmi Nd:YAG, Nd:YVO4 a FIBER. S\u00fa preto ur\u010den\u00e9 na zna\u010denie a grav\u00edrovanie v\u0161etk\u00fdch druhov kovov a v\u011b\u010d\u0161inu plastov. Pre va\u0161u predstavu si pros\u00edm prezrite gal\u00e9riu hotov\u00fdch v\u00fdrobkov<\/span><\/p>\n<p><a href=\"http:\/\/www.rmilaser.com\/applications\/samples\"><img decoding=\"async\" id=\"__wp-temp-img-id\" src=\"http:\/\/uhal.sk\/staging-uhal-sk\/wp-content\/uploads\/2014\/10\/vzorky-znacenia-rmi.jpg\" alt=\"\" \/><br \/>\n<\/a><\/p>\n<hr \/>\n<p>&nbsp;<\/p>\n<p><span style=\"font-size: 14pt;\"><span style=\"color: #333399;\"><span style=\"color: #000080;\">Modely<\/span><\/span><\/span><\/p>\n<p><span style=\"font-size: 14pt;\"><span style=\"color: #333399;\"><span style=\"color: #000080;\"><span style=\"font-size: 12pt;\"><span style=\"color: #000000;\">Mimoriadna akciov\u00e1 ponuka firmy RMI<\/span><br \/>\n<\/span><br \/>\n<img fetchpriority=\"high\" decoding=\"async\" id=\"__wp-temp-img-id\" class=\"\" src=\"http:\/\/uhal.sk\/staging-uhal-sk\/wp-content\/uploads\/2017\/07\/RMI-Fiber-EF-20-akciai.jpg\" alt=\"\" width=\"585\" height=\"268\" \/><br \/>\n<\/span><\/span><\/span><\/p>\n<p>prospekt na tomto\u00a0<a href=\"http:\/\/uhal.sk\/staging-uhal-sk\/wp-content\/uploads\/2017\/07\/RMI_One_Sheet_Fiber_Laser_LR_SK.pdf\">linku<\/a><\/p>\n<p><span style=\"font-size: 12pt; color: #000000;\">\u010eal\u0161ie modely:<\/span><\/p>\n<table class=\" alignleft\" style=\"width: 280px; height: 350px;\">\n<tbody>\n<tr>\n<td><span style=\"font-size: 12pt;\"><img decoding=\"async\" id=\"__wp-temp-img-id\" class=\"alignleft\" src=\"http:\/\/uhal.cz\/wp-content\/uploads\/2014\/09\/RMI-Laser-UM-1.jpg\" alt=\"\" width=\"250\" height=\"159\" \/><\/span><br \/>\n<span style=\"font-size: 12pt;\">RMI UM1<br \/>\n<\/span><span style=\"font-size: 10pt;\">je to ekonomick\u00fd v\u00fdhodn\u00e9 rie\u0161enie na popis reklamn\u00fdch predmetov aj priemyseln\u00e9ho zna\u010denia kde sta\u010d\u00ed povrchov\u00e9 zna\u010denie.<br \/>\nLaserov\u00fd zdroj je typu Nd:YAG, v\u00fdkon 1W.<\/span><br \/>\n<span style=\"font-size: 10pt;\"> <a title=\"Bro\u017e\u00fara RMI UM 1 \" href=\"http:\/\/uhal.sk\/staging-uhal-sk\/wp-content\/uploads\/2014\/09\/RMI-Laser-UM-1-Brochure.pdf\">Bro\u017e\u00fara RMI UM 1 <\/a>\u00a0\u00a0\u00a0\u00a0 <a title=\"Video RMI UM 1\" href=\"http:\/\/youtu.be\/ut0a_EiGkus\">Video RMI UM 1<\/a><br \/>\n<\/span><\/td>\n<\/tr>\n<\/tbody>\n<\/table>\n<table class=\" alignleft\" style=\"width: 280px; height: 350px;\">\n<tbody>\n<tr>\n<td><span style=\"font-size: 12pt;\"><img loading=\"lazy\" decoding=\"async\" id=\"__wp-temp-img-id\" class=\"alignleft\" src=\"http:\/\/uhal.cz\/wp-content\/uploads\/2014\/09\/UF-20.jpg\" alt=\"RMI UF laser\" width=\"245\" height=\"153\" \/><br \/>\nRMI UF &#8211; FIBER s\u00e9rie<br \/>\n<span style=\"font-size: 10pt;\">je to s\u00e9ria v\u00fdkonn\u00fdch Fiber laserov ktor\u00e9 s\u00fa ve\u013emi vhodn\u00e9 nielen pre zna\u010denie najvy\u0161\u0161ou\u00ed rychlos\u0165ou ale aj na grav\u00edrovanie do h\u013abky aj nieko\u013eko mm a tie\u017e na rezanie tenk\u00fdch plechov. V\u00fdkon 20 &#8211; 50W<br \/>\n<a title=\"Bro\u017e\u00fara RMI UF\" href=\"http:\/\/uhal.sk\/staging-uhal-sk\/wp-content\/uploads\/2014\/09\/RMI-Laser-UF-Series-Brochure.pdf\">Bro\u017e\u00fara RMI UF<\/a>\u00a0\u00a0\u00a0\u00a0\u00a0 <a title=\"Video RMI UF\" href=\"http:\/\/youtu.be\/DivP5YM3BwE\">Video RMI UF<\/a><br \/>\n<\/span><\/span><\/td>\n<\/tr>\n<\/tbody>\n<\/table>\n<table class=\" alignleft\" style=\"width: 280px; height: 350px;\">\n<tbody>\n<tr>\n<td><span style=\"font-size: 12pt;\"><span style=\"font-size: 12pt;\"><span style=\"font-size: 12pt;\"><span style=\"font-size: 12pt;\"><br \/>\n<img loading=\"lazy\" decoding=\"async\" id=\"__wp-temp-img-id\" class=\"\" src=\"http:\/\/uhal.cz\/wp-content\/uploads\/2014\/09\/U-15.jpg\" alt=\"RMI U serie\" width=\"249\" height=\"158\" \/><\/span><\/span><\/span><\/span>RMI UG &#8211; Green laser s\u00e9ria<br \/>\n<span style=\"font-size: 10pt;\">\u0161peci\u00e1lny laser s ve\u013emi mal\u00fdm teplotn\u00fdm ovplyvnen\u00edm okolia miesta zna\u010denia. Je tak ur\u010den\u00e1 hlavne pre priemyseln\u00e9 zna\u010denie ch\u00falostiv\u00fdch s\u00fa\u010diastok ako s\u00fa elektronick\u00e9 s\u00fa\u010diastky, dosky plo\u0161n\u00fdch spojov, r\u00f4zne druhy kovov a pod. Zdroj lasera Nd:YVO4<br \/>\n<a title=\"RMI U s\u00e9rie\" href=\"http:\/\/uhal.sk\/staging-uhal-sk\/wp-content\/uploads\/2014\/09\/RMI-Laser-U-Series-Brochure.pdf\">Bro\u017eura UG s\u00e9rie<\/a><br \/>\n<\/span><\/td>\n<\/tr>\n<\/tbody>\n<\/table>\n<p>&nbsp;<\/p>\n<p>&nbsp;<\/p>\n<p>&nbsp;<\/p>\n<p>&nbsp;<\/p>\n<p>&nbsp;<\/p>\n<p>&nbsp;<\/p>\n<p>&nbsp;<\/p>\n<p>&nbsp;<\/p>\n<p>&nbsp;<\/p>\n<p>&nbsp;<\/p>\n<p>&nbsp;<\/p>\n","protected":false},"excerpt":{"rendered":"<p>RMI &#8211; Superpresn\u00e9 zna\u010denie kovov a plastov RMI &#8211; Profesion\u00e1lne rie\u0161enie zna\u010denia v priemysle R\u00fdchle a presn\u00e9 zna\u010denie s RMI Fiber laserom RMI laser\u00a0 je americk\u00e1 zna\u010dka s dllhou historiou v\u00fdroby galvo laserov pre zna\u010denie kovov a plastov. Ich lasery sa pou\u017e\u00edvaj\u00fa v r\u00f4znych odvetviach priemyslu aj v reklame na zna\u010denie kovov\u00fdch predmetov. Tieto stroje s\u00fa mimoriadne spo\u013eahliv\u00e9 a kvalitn\u00e9. S\u00fa kompletne vyr\u00e1ban\u00e9 v USA z t\u00fdch najkvalitnej\u0161\u00edch dielov. \u010co je mo\u017en\u00e9 zna\u010di\u0165 a grav\u00edrova\u0165 lasermi RMI ? RMI laser vyr\u00e1ba lasery s laserov\u00fdmi zdrojmi Nd:YAG, Nd:YVO4 a FIBER. S\u00fa&nbsp;<a href=\"https:\/\/uhal.sk\/?page_id=502\" class=\"read-more\">Continue Reading<\/a><\/p>\n","protected":false},"author":2,"featured_media":0,"parent":128,"menu_order":0,"comment_status":"open","ping_status":"open","template":"page-fullwidth.php","meta":{"advgb_blocks_editor_width":"","advgb_blocks_columns_visual_guide":"","footnotes":""},"class_list":["post-502","page","type-page","status-publish","hentry"],"aioseo_notices":[],"coauthors":[],"author_meta":{"author_link":"https:\/\/uhal.sk\/?author=2","display_name":"Franti\u0161ek Uhal"},"relative_dates":{"created":"Posted 12 rokov ago","modified":"Updated 9 rokov ago"},"absolute_dates":{"created":"Posted on 11. septembra 2014","modified":"Updated on 18. j\u00fala 2017"},"absolute_dates_time":{"created":"Posted on 11. septembra 2014 21:22","modified":"Updated on 18. j\u00fala 2017 7:30"},"featured_img_caption":"","featured_img":false,"series_order":"","_links":{"self":[{"href":"https:\/\/uhal.sk\/index.php?rest_route=\/wp\/v2\/pages\/502","targetHints":{"allow":["GET"]}}],"collection":[{"href":"https:\/\/uhal.sk\/index.php?rest_route=\/wp\/v2\/pages"}],"about":[{"href":"https:\/\/uhal.sk\/index.php?rest_route=\/wp\/v2\/types\/page"}],"author":[{"embeddable":true,"href":"https:\/\/uhal.sk\/index.php?rest_route=\/wp\/v2\/users\/2"}],"replies":[{"embeddable":true,"href":"https:\/\/uhal.sk\/index.php?rest_route=%2Fwp%2Fv2%2Fcomments&post=502"}],"version-history":[{"count":40,"href":"https:\/\/uhal.sk\/index.php?rest_route=\/wp\/v2\/pages\/502\/revisions"}],"predecessor-version":[{"id":1812,"href":"https:\/\/uhal.sk\/index.php?rest_route=\/wp\/v2\/pages\/502\/revisions\/1812"}],"up":[{"embeddable":true,"href":"https:\/\/uhal.sk\/index.php?rest_route=\/wp\/v2\/pages\/128"}],"wp:attachment":[{"href":"https:\/\/uhal.sk\/index.php?rest_route=%2Fwp%2Fv2%2Fmedia&parent=502"}],"curies":[{"name":"wp","href":"https:\/\/api.w.org\/{rel}","templated":true}]}}