{"id":812,"date":"2014-09-27T12:22:06","date_gmt":"2014-09-27T10:22:06","guid":{"rendered":"http:\/\/uhal.cz\/?page_id=812"},"modified":"2021-01-10T02:17:16","modified_gmt":"2021-01-10T00:17:16","slug":"chci-poradit-s-vyberem-vhodneho-laseru","status":"publish","type":"page","link":"https:\/\/uhal.sk\/?page_id=812","title":{"rendered":"CHCEM PORADI\u0164 S V\u00ddBEROM LASERA"},"content":{"rendered":"\n<figure class=\"wp-block-image\"><img fetchpriority=\"high\" decoding=\"async\" width=\"1024\" height=\"174\" src=\"https:\/\/uhal.sk\/staging-uhal-sk\/wp-content\/uploads\/2021\/01\/obrazok-vyber-formular-1024x174.jpg\" alt=\"\" class=\"wp-image-3427\" srcset=\"https:\/\/uhal.sk\/wp-content\/uploads\/2021\/01\/obrazok-vyber-formular-1024x174.jpg 1024w, https:\/\/uhal.sk\/wp-content\/uploads\/2021\/01\/obrazok-vyber-formular-300x51.jpg 300w, https:\/\/uhal.sk\/wp-content\/uploads\/2021\/01\/obrazok-vyber-formular-768x131.jpg 768w, https:\/\/uhal.sk\/wp-content\/uploads\/2021\/01\/obrazok-vyber-formular-335x57.jpg 335w, https:\/\/uhal.sk\/wp-content\/uploads\/2021\/01\/obrazok-vyber-formular-80x14.jpg 80w, https:\/\/uhal.sk\/wp-content\/uploads\/2021\/01\/obrazok-vyber-formular-130x22.jpg 130w\" sizes=\"(max-width: 1024px) 100vw, 1024px\" \/><\/figure>\n\n\n<p><span style=\"font-family: arial, helvetica, sans-serif; color: #808080;\"><span style=\"font-size: 12pt;\">Uva\u017eujete o k\u00fape laserovej gravirky? V\u00fdber vhodn\u00e9ho typu, je nad\u00f4le\u017eitej\u0161\u00ed krok. Je dobr\u00e9 aby ste si ujasnili \u010do na laseri chcete robi\u0165 a hlavne v akej kvalite chcete vyr\u00e1ba\u0165. <br \/>Na trhu sa daj\u00fa k\u00fapi\u0165 laserov\u00e9 grav\u00edrky r\u00f4znych typov za r\u00f4zne ceny. Treba si uvedomi\u0165, \u017ee \u010d\u00edm je grav\u00edrka lacnej\u0161ia t\u00fdm je grav\u00edr a rezanie hor\u0161ej kvality, kvalita v\u00fdroby stroja je ni\u017e\u0161ia a aj r\u00fdchlos\u0165 pr\u00e1ce bude pomal\u0161ia. <br \/><br \/>Je potrebn\u00e9 n\u00e1js\u0165 vhodn\u00fd kompromis \u010do najvy\u0161\u0161ej kvality za \u010do najlep\u0161iu cenu. To si ale vy\u017eaduje zozbieranie \u010do najviacej inform\u00e1cii a technick\u00fdch \u00fadajov, referenci\u00ed od z\u00e1kazn\u00edkov a potom treba porovna\u0165 medzi sebou jednotliv\u00e9 modely laserov. Ak ste nov\u00fd v tejto problematike, bude to celkom zlo\u017eit\u00e1 \u00faloha spr\u00e1vne si vybra\u0165. <br \/><br \/>Ke\u010f\u017ee p\u00f4sob\u00edme v oblasti laserov\u00fdch syst\u00e9mov u\u017e viacej ako 15 rokov a predali sme u\u017e viacej ako 550 laserov\u00fdch syst\u00e9mov, m\u00e1me ve\u013ek\u00e9 mno\u017estvo sk\u00fasenost\u00ed. Pozn\u00e1me dobre v\u0161etky typy laserov, \u010do sa vyr\u00e1baj\u00fa, pozn\u00e1me hlavn\u00fdch svetov\u00fdch v\u00fdrobcov a vieme presne ak\u00e9 stroje vyr\u00e1baj\u00fa a vieme v \u010dom s\u00fa dobr\u00ed. Radi sa s vami podel\u00edme o na\u0161e sk\u00fasenost\u00ed a pom\u00f4\u017eeme V\u00e1m vybra\u0165 vhodn\u00fd typ lasera.<\/span><br \/><\/span><\/p>\n\n<p><span style=\"font-family: arial, helvetica, sans-serif; color: #ff9900; font-size: 12pt;\">Pri v\u00fdbere vhodn\u00e9ho lasera zodpovedzte na tieto z\u00e1kladn\u00e9 ot\u00e1zky:<\/span><\/p>\n<ul>\n<li><span style=\"font-size: 12pt;\"><strong><span style=\"font-family: arial, helvetica, sans-serif; color: #808080;\">Ak\u00fa ve\u013ek\u00fa pracovn\u00fa plochu potrebujete?\u00a0<br \/><\/span><\/strong><span style=\"font-family: arial, helvetica, sans-serif; color: #808080;\">Ak\u00fd ve\u013ek\u00fd materi\u00e1l chcete vlo\u017ei\u0165 do lasera a ak\u00fa m\u00e1 hr\u00fabku<\/span><\/span><\/li>\n<li><span style=\"font-size: 12pt;\"><span style=\"color: #808080;\"><strong><span style=\"font-family: arial, helvetica, sans-serif;\">Ak\u00fd materi\u00e1l chcete grav\u00edrova\u0165 alebo reza\u0165?<br \/><\/span><\/strong><\/span><span style=\"color: #808080;\"> <span style=\"font-family: arial, helvetica, sans-serif;\">Ak\u00fa hr\u00fabku ma laser prereza\u0165?<\/span><\/span><\/span><\/li>\n<li><span style=\"font-size: 12pt;\"><span style=\"color: #808080;\"><strong><span style=\"font-family: arial, helvetica, sans-serif;\">Ak\u00fa kvalitu pr\u00e1ce od lasera vy\u017eadujete?<br \/><\/span><\/strong><\/span><span style=\"color: #808080;\"><span style=\"font-family: arial, helvetica, sans-serif;\">\u010c\u00edm vy\u0161\u0161ia kvalita grav\u00edrovania, t\u00fdm vy\u0161\u0161ia cena lasera. Ak chcete grav\u00edrova\u0165 ve\u013emi mal\u00e9 detaily, potrebujete laser s kovovou RF trubicou, ktor\u00e1 je drah\u0161ia oproti sklenen\u00fdm trubiciam.<\/span><\/span><\/span><\/li>\n<li><span style=\"font-size: 12pt;\"><span style=\"color: #808080;\"><strong><span style=\"font-family: arial, helvetica, sans-serif;\">Ak\u00fa predpoklad\u00e1te produkciu?<br \/><\/span><\/strong><\/span><span style=\"color: #808080;\"> <span style=\"font-family: arial, helvetica, sans-serif;\">Ko\u013eko kusov v\u00fdrobkov, chcete vyreza\u0165 alebo pograv\u00edrova\u0165 za hodinu, za de\u0148?<\/span><\/span><\/span><\/li>\n<li><span style=\"font-size: 12pt;\"><span style=\"color: #808080;\"><strong><span style=\"font-family: arial, helvetica, sans-serif;\">Ak\u00fd m\u00e1te rozpo\u010det?<br \/><\/span><\/strong><\/span><span style=\"color: #808080;\"> <span style=\"font-family: arial, helvetica, sans-serif;\">Ak\u00fd je v\u00e1\u0161 finan\u010dn\u00fd limit? Ak je v\u00e1\u0161 rozpo\u010det n\u00edzky, mus\u00edte ubra\u0165 z va\u0161ich n\u00e1rokov na kvalitu, alebo v\u00fdkon a r\u00fdchlos\u0165<\/span><\/span><\/span><\/li>\n<\/ul>\n<p><span style=\"color: #808080; font-size: 12pt;\"><strong><span style=\"font-family: arial, helvetica, sans-serif;\">Okrem toho, \u017ee v\u00e1m porad\u00edme, ktor\u00fd laser je pre va\u0161u pr\u00e1cu vhodn\u00fd, zadamo pre v\u00e1s otestujeme va\u0161e materi\u00e1ly na r\u00f4znych typoch laserov. Tak zist\u00edme potrebn\u00fd \u010das aj kvalitu grav\u00edrovania a ak\u00fd v\u00fdkon je potrebn\u00fd na rezanie.<\/span><\/strong><\/span><\/p>\n\n<p><span style=\"font-family: arial, helvetica, sans-serif; font-size: 12pt; color: #ff9900;\">Ak sa chcete s nami poradi\u0165, pros\u00edm vypl\u0148te nasleduj\u00faci formul\u00e1r a my sa v\u00e1m obratom ozveme.<\/span><\/p>\n\n\n<meta http-equiv=\"Content-Type\" content=\"text\/html;charset=UTF-8\"><form id=\"__vtigerWebForm\" name=\"Vyber vhodneho typu lasera\" action=\"https:\/\/uhaltrade.crmcloud.online\/modules\/Webforms\/capture.php\" method=\"post\" accept-charset=\"utf-8\" enctype=\"multipart\/form-data\"><input type=\"hidden\" name=\"__vtrftk\" value=\"sid:28123237472f0f2ecdcb7b033c7000cd4c73570b,1610231455\"><input type=\"hidden\" name=\"publicid\" value=\"067827e1f5cd47e210eb752a26f1e67f\"><input type=\"hidden\" name=\"urlencodeenable\" value=\"1\"><input type=\"hidden\" name=\"name\" value=\"Vyber vhodneho typu lasera\"><table><tbody><tr><td><label>Meno*<\/label><\/td><td><input type=\"text\" name=\"firstname\" data-label=\"\" value=\"\" required=\"\"><\/td><\/tr><tr><td><label>Priezvisko*<\/label><\/td><td><input type=\"text\" name=\"lastname\" data-label=\"\" value=\"\" required=\"\"><\/td><\/tr><tr><td><label>Organiz\u00e1cia<\/label><\/td><td><input type=\"text\" name=\"company\" data-label=\"\" value=\"\"><\/td><\/tr><tr><td><label>Mobiln\u00fd telef\u00f3n*<\/label><\/td><td><input type=\"text\" name=\"mobile\" data-label=\"\" value=\"\" required=\"\"><\/td><\/tr><tr><td><label>V\u00e1\u0161 email*<\/label><\/td><td><input type=\"email\" name=\"email\" data-label=\"\" value=\"\" required=\"\"><\/td><\/tr><tr><td><label>Ve\u013ekos\u0165 pracovnej plochy*<\/label><\/td><td><input type=\"text\" name=\"designation\" data-label=\"\" value=\"\" required=\"\"><\/td><\/tr><tr><td><label>Obr\u00e1ban\u00fd materi\u00e1l*<\/label><\/td><td><input type=\"text\" name=\"state\" data-label=\"\" value=\"\" required=\"\"><\/td><\/tr><tr><td><label>Predpokladan\u00e1 v\u00fd\u0161ka invest\u00edcie*<\/label><\/td><td><input type=\"text\" name=\"annualrevenue\" data-label=\"\" value=\"\" required=\"\"><\/td><\/tr><tr><td><label>Bli\u017e\u0161\u00ed popis, \u010do chcete na laseri robi\u0165<\/label><\/td><td><textarea name=\"description\"><\/textarea><\/td><\/tr><tr><td><select name=\"leadsource\" data-label=\"leadsource\" hidden=\"\"><option value=\"\">Vybra\u0165 hodnotu<\/option><option value=\"Cold Call\">Nevy\u017eiadan\u00fd hovor<\/option><option value=\"Existing Customer\">Existuj\u00faci z\u00e1kazn\u00edk<\/option><option value=\"Self Generated\">Samostatne vytvoren\u00fd<\/option><option value=\"Employee\">Zamestnanec<\/option><option value=\"Partner\">Partner<\/option><option value=\"Public Relations\">Vz\u0165ahy s verejnos\u0165ou (PR)<\/option><option value=\"Direct Mail\">Priama po\u0161ta<\/option><option value=\"Conference\">Konferencia<\/option><option value=\"Trade Show\">V\u00fdstava<\/option><option value=\"Web Site\">Webstr\u00e1nka<\/option><option value=\"Word of mouth\">Slovn\u00e9 odpor\u00fa\u010danie<\/option><option value=\"Other\">In\u00fd<\/option><option value=\"Formular Ako zacat\">Formular Ako zacat<\/option><option value=\"Formular vzorka zdarma\">Formular vzorka zdarma<\/option><option value=\"Formular vyber lasera\" selected=\"\">Formular vyber lasera<\/option><option value=\"Formular servisna zmluva\">Formular servisna zmluva<\/option><option value=\"Formular finacovanie\">Formular finacovanie<\/option><option value=\"Formular Skolenie\">Formular Skolenie<\/option><option value=\"Formular Servisny zasah\">Formular Servisny zasah<\/option><option value=\"Formular Newsletter SK\">Formular Newsletter SK<\/option><option value=\"Formular Prirucka CZ WEB\">Formular Prirucka CZ WEB<\/option><option value=\"Formular Vzorka CZ WEB\">Formular Vzorka CZ WEB<\/option><option value=\"Formualr Vyber lasera CZ WEB\">Formualr Vyber lasera CZ WEB<\/option><option value=\"Formular SERVISNA ZMLUVA  CZ WEB\">Formular SERVISNA ZMLUVA  CZ WEB<\/option><option value=\"Formular Servisny zasah CZ WEB\">Formular Servisny zasah CZ WEB<\/option><option value=\"Formular Skolenie CZ WEB\">Formular Skolenie CZ WEB<\/option><option value=\"Formular Finacovanie CZ WEB\">Formular Finacovanie CZ WEB<\/option><option value=\"Formular Newsletter CZ\">Formular Newsletter CZ<\/option><option value=\"Formular Obhliadka lasera\">Formular Obhliadka lasera<\/option><option value=\"Formular Servis BASIC\">Formular Servis BASIC<\/option><option value=\"Formular SERVIS PREMIUM\">Formular SERVIS PREMIUM<\/option><option value=\"Formular SERVIS PREMIUM PLUS\">Formular SERVIS PREMIUM PLUS<\/option><option value=\"Formular SERVIS VIP\">Formular SERVIS VIP<\/option><option value=\"Formular Poistenie\">Formular Poistenie<\/option><\/select><\/td><\/tr><\/tbody><\/table><input type=\"submit\" value=\"ODOSLA\u0164\"><\/form><script  type=\"text\/javascript\">window.onload = function() { var N=navigator.appName, ua=navigator.userAgent, tem;var M=ua.match(\/(opera|chrome|safari|firefox|msie)\\\/?\\s*(\\.?\\d+(\\.\\d+)*)\/i);if(M && (tem= ua.match(\/version\\\/([\\.\\d]+)\/i))!= null) M[2]= tem[1];M=M? [M[1], M[2]]: [N, navigator.appVersion, \"-?\"];var browserName = M[0];var form = document.getElementById(\"__vtigerWebForm\"), inputs = form.elements; form.onsubmit = function() { var required = [], att, val; for (var i = 0; i < inputs.length; i++) { att = inputs[i].getAttribute(\"required\"); val = inputs[i].value; type = inputs[i].type; if(type == \"email\") {if(val != \"\") {var elemLabel = inputs[i].getAttribute(\"label\");var emailFilter = \/^[_\/a-zA-Z0-9]+([!\"#$%&#038;()*+,.\/:;<=>?\\^_`{|}~-]?[a-zA-Z0-9\/_\/-])*@[a-zA-Z0-9]+([\\_\\-\\.]?[a-zA-Z0-9]+)*\\.([\\-\\_]?[a-zA-Z0-9])+(\\.?[a-zA-Z0-9]+)?$\/;var illegalChars= \/[\\(\\)\\<\\>\\,\\;\\:\\\"\\[\\]]\/ ;if (!emailFilter.test(val)) {alert(\"For \"+ elemLabel +\" field please enter valid email address\"); return false;} else if (val.match(illegalChars)) {alert(elemLabel +\" field contains illegal characters\");return false;}}}if (att != null) { if (val.replace(\/^\\s+|\\s+$\/g, \"\") == \"\") { required.push(inputs[i].getAttribute(\"label\")); } } } if (required.length > 0) { alert(\"The following fields are required: \" + required.join()); return false; } var numberTypeInputs = document.querySelectorAll(\"input[type=number]\");for (var i = 0; i < numberTypeInputs.length; i++) { val = numberTypeInputs[i].value;var elemLabel = numberTypeInputs[i].getAttribute(\"label\");var elemDataType = numberTypeInputs[i].getAttribute(\"datatype\");if(val != \"\") {if(elemDataType == \"double\") {var numRegex = \/^[+-]?\\d+(\\.\\d+)?$\/;}else{var numRegex = \/^[+-]?\\d+$\/;}if (!numRegex.test(val)) {alert(\"For \"+ elemLabel +\" field please enter valid number\"); return false;}}}var dateTypeInputs = document.querySelectorAll(\"input[type=date]\");for (var i = 0; i < dateTypeInputs.length; i++) {dateVal = dateTypeInputs[i].value;var elemLabel = dateTypeInputs[i].getAttribute(\"label\");if(dateVal != \"\") {var dateRegex = \/^[1-9][0-9]{3}-(0[1-9]|1[0-2]|[1-9]{1})-(0[1-9]|[1-2][0-9]|3[0-1]|[1-9]{1})$\/;if(!dateRegex.test(dateVal)) {alert(\"For \"+ elemLabel +\" field please enter valid date in required format\"); return false;}}}var inputElems = document.getElementsByTagName(\"input\");var totalFileSize = 0;for(var i = 0; i < inputElems.length; i++) {if(inputElems[i].type.toLowerCase() === \"file\") {var file = inputElems[i].files[0];if(typeof file !== \"undefined\") {var totalFileSize = totalFileSize + file.size;}}}if(totalFileSize > 52428800) {alert(\"Maximum allowed file size including all files is 50MB.\");return false;}}; }<\/script>\n","protected":false},"excerpt":{"rendered":"<p>Uva\u017eujete o k\u00fape laserovej gravirky? V\u00fdber vhodn\u00e9ho typu, je nad\u00f4le\u017eitej\u0161\u00ed krok. Je dobr\u00e9 aby ste si ujasnili \u010do na laseri chcete robi\u0165 a hlavne v akej kvalite chcete vyr\u00e1ba\u0165. Na trhu sa daj\u00fa k\u00fapi\u0165 laserov\u00e9 grav\u00edrky r\u00f4znych typov za r\u00f4zne ceny. Treba si uvedomi\u0165, \u017ee \u010d\u00edm je grav\u00edrka lacnej\u0161ia t\u00fdm je grav\u00edr a rezanie hor\u0161ej kvality, kvalita v\u00fdroby stroja je ni\u017e\u0161ia a aj r\u00fdchlos\u0165 pr\u00e1ce bude pomal\u0161ia. Je potrebn\u00e9 n\u00e1js\u0165 vhodn\u00fd kompromis \u010do najvy\u0161\u0161ej kvality za \u010do najlep\u0161iu cenu. To si ale vy\u017eaduje zozbieranie \u010do najviacej inform\u00e1cii a technick\u00fdch \u00fadajov,&nbsp;<a href=\"https:\/\/uhal.sk\/?page_id=812\" class=\"read-more\">Continue Reading<\/a><\/p>\n","protected":false},"author":2,"featured_media":0,"parent":737,"menu_order":0,"comment_status":"open","ping_status":"open","template":"page-fullwidth.php","meta":{"advgb_blocks_editor_width":"","advgb_blocks_columns_visual_guide":"","footnotes":""},"class_list":["post-812","page","type-page","status-publish","hentry"],"aioseo_notices":[],"coauthors":[],"author_meta":{"author_link":"https:\/\/uhal.sk\/?author=2","display_name":"Franti\u0161ek Uhal"},"relative_dates":{"created":"Posted 12 rokov ago","modified":"Updated 5 rokov ago"},"absolute_dates":{"created":"Posted on 27. septembra 2014","modified":"Updated on 10. janu\u00e1ra 2021"},"absolute_dates_time":{"created":"Posted on 27. septembra 2014 12:22","modified":"Updated on 10. janu\u00e1ra 2021 2:17"},"featured_img_caption":"","featured_img":false,"series_order":"","_links":{"self":[{"href":"https:\/\/uhal.sk\/index.php?rest_route=\/wp\/v2\/pages\/812","targetHints":{"allow":["GET"]}}],"collection":[{"href":"https:\/\/uhal.sk\/index.php?rest_route=\/wp\/v2\/pages"}],"about":[{"href":"https:\/\/uhal.sk\/index.php?rest_route=\/wp\/v2\/types\/page"}],"author":[{"embeddable":true,"href":"https:\/\/uhal.sk\/index.php?rest_route=\/wp\/v2\/users\/2"}],"replies":[{"embeddable":true,"href":"https:\/\/uhal.sk\/index.php?rest_route=%2Fwp%2Fv2%2Fcomments&post=812"}],"version-history":[{"count":19,"href":"https:\/\/uhal.sk\/index.php?rest_route=\/wp\/v2\/pages\/812\/revisions"}],"predecessor-version":[{"id":4006,"href":"https:\/\/uhal.sk\/index.php?rest_route=\/wp\/v2\/pages\/812\/revisions\/4006"}],"up":[{"embeddable":true,"href":"https:\/\/uhal.sk\/index.php?rest_route=\/wp\/v2\/pages\/737"}],"wp:attachment":[{"href":"https:\/\/uhal.sk\/index.php?rest_route=%2Fwp%2Fv2%2Fmedia&parent=812"}],"curies":[{"name":"wp","href":"https:\/\/api.w.org\/{rel}","templated":true}]}}